{"id":2138,"date":"2019-11-05T10:36:50","date_gmt":"2019-11-05T10:36:50","guid":{"rendered":"https:\/\/www.jaegergroup.com\/?page_id=2138"},"modified":"2023-04-05T10:44:51","modified_gmt":"2023-04-05T08:44:51","slug":"tipps-und-tricks-fuer-deine-bewerbung","status":"publish","type":"page","link":"https:\/\/www.jaegergroup.com\/de\/karriere\/ausbildung\/tipps-und-tricks-fuer-deine-bewerbung\/","title":{"rendered":"Tipps und Tricks f\u00fcr deine Bewerbung"},"content":{"rendered":"\t\t<div data-elementor-type=\"wp-page\" data-elementor-id=\"2138\" class=\"elementor elementor-2138\" data-elementor-post-type=\"page\">\n\t\t\t\t\t\t<section class=\"has_eae_slider elementor-section elementor-top-section elementor-element elementor-element-d91d993 elementor-section-full_width elementor-section-height-min-height elementor-section-items-bottom elementor-section-height-default\" data-eae-slider=\"88587\" data-id=\"d91d993\" data-element_type=\"section\" data-e-type=\"section\" data-settings=\"{&quot;background_background&quot;:&quot;classic&quot;,&quot;background_motion_fx_motion_fx_scrolling&quot;:&quot;yes&quot;,&quot;background_motion_fx_translateY_effect&quot;:&quot;yes&quot;,&quot;background_motion_fx_translateY_speed&quot;:{&quot;unit&quot;:&quot;px&quot;,&quot;size&quot;:4,&quot;sizes&quot;:[]},&quot;background_motion_fx_translateY_affectedRange&quot;:{&quot;unit&quot;:&quot;%&quot;,&quot;size&quot;:&quot;&quot;,&quot;sizes&quot;:{&quot;start&quot;:0,&quot;end&quot;:100}},&quot;background_motion_fx_devices&quot;:[&quot;desktop&quot;,&quot;tablet&quot;,&quot;mobile&quot;]}\">\n\t\t\t\t\t\t<div class=\"elementor-container elementor-column-gap-default\">\n\t\t\t\t\t<div class=\"has_eae_slider elementor-column elementor-col-100 elementor-top-column elementor-element elementor-element-19dd661\" data-eae-slider=\"29596\" data-id=\"19dd661\" data-element_type=\"column\" data-e-type=\"column\">\n\t\t\t<div class=\"elementor-widget-wrap elementor-element-populated\">\n\t\t\t\t\t\t<div class=\"elementor-element elementor-element-c8581e1 title-header elementor-widget elementor-widget-heading\" data-id=\"c8581e1\" data-element_type=\"widget\" data-e-type=\"widget\" data-widget_type=\"heading.default\">\n\t\t\t\t<div class=\"elementor-widget-container\">\n\t\t\t\t\t<p class=\"elementor-heading-title elementor-size-default\">DER ERSTE EINDRUCK Z\u00c4HLT!<\/p>\t\t\t\t<\/div>\n\t\t\t\t<\/div>\n\t\t\t\t\t<\/div>\n\t\t<\/div>\n\t\t\t\t\t<\/div>\n\t\t<\/section>\n\t\t\t\t<section class=\"has_eae_slider elementor-section elementor-top-section elementor-element elementor-element-77a5f86 elementor-section-full_width page-start elementor-section-height-default elementor-section-height-default\" data-eae-slider=\"4120\" data-id=\"77a5f86\" data-element_type=\"section\" data-e-type=\"section\">\n\t\t\t\t\t\t<div class=\"elementor-container elementor-column-gap-default\">\n\t\t\t\t\t<div class=\"has_eae_slider elementor-column elementor-col-100 elementor-top-column elementor-element elementor-element-d9ea9c4\" data-eae-slider=\"43133\" data-id=\"d9ea9c4\" data-element_type=\"column\" data-e-type=\"column\">\n\t\t\t<div class=\"elementor-widget-wrap elementor-element-populated\">\n\t\t\t\t\t\t<div class=\"elementor-element elementor-element-6fd9318 headlineGreen elementor-widget elementor-widget-heading\" data-id=\"6fd9318\" data-element_type=\"widget\" data-e-type=\"widget\" data-widget_type=\"heading.default\">\n\t\t\t\t<div class=\"elementor-widget-container\">\n\t\t\t\t\t<h1 class=\"elementor-heading-title elementor-size-default\">Tipps und Tricks f\u00fcr deine Bewerbung\n<\/h1>\t\t\t\t<\/div>\n\t\t\t\t<\/div>\n\t\t\t\t<div class=\"elementor-element elementor-element-884a1c7 elementor-widget elementor-widget-text-editor\" data-id=\"884a1c7\" data-element_type=\"widget\" data-e-type=\"widget\" data-widget_type=\"text-editor.default\">\n\t\t\t\t<div class=\"elementor-widget-container\">\n\t\t\t\t\t\t\t\t\tNimm dir Zeit f\u00fcr deine Bewerbung und \u00fcberzeuge uns von dir! \n\n\nDu hast bereits ein Praktikum absolviert, im Ausland die Schule besucht oder einen Nebenjob ausge\u00fcbt? Du engagierst dich ehrenamtlich? Auch das interessiert uns, f\u00fcge entsprechende Zeugnisse oder Bescheinigungen dazu gern deiner Bewerbung bei.\n\n\t\t\t\t\t\t\t\t<\/div>\n\t\t\t\t<\/div>\n\t\t\t\t\t<\/div>\n\t\t<\/div>\n\t\t\t\t\t<\/div>\n\t\t<\/section>\n\t\t\t\t<section class=\"has_eae_slider elementor-section elementor-top-section elementor-element elementor-element-398d2188 elementor-section-full_width toggle-training elementor-section-height-default elementor-section-height-default\" data-eae-slider=\"60795\" data-id=\"398d2188\" data-element_type=\"section\" data-e-type=\"section\" data-settings=\"{&quot;background_background&quot;:&quot;classic&quot;}\">\n\t\t\t\t\t\t<div class=\"elementor-container elementor-column-gap-default\">\n\t\t\t\t\t<div class=\"has_eae_slider elementor-column elementor-col-100 elementor-top-column elementor-element elementor-element-22308fc0\" data-eae-slider=\"102\" data-id=\"22308fc0\" data-element_type=\"column\" data-e-type=\"column\" data-settings=\"{&quot;background_background&quot;:&quot;classic&quot;}\">\n\t\t\t<div class=\"elementor-widget-wrap elementor-element-populated\">\n\t\t\t\t\t\t<div class=\"elementor-element elementor-element-3d694089 elementor-widget elementor-widget-toggle\" data-id=\"3d694089\" data-element_type=\"widget\" data-e-type=\"widget\" data-widget_type=\"toggle.default\">\n\t\t\t\t<div class=\"elementor-widget-container\">\n\t\t\t\t\t\t\t<div class=\"elementor-toggle\">\n\t\t\t\t\t\t\t<div class=\"elementor-toggle-item\">\n\t\t\t\t\t<div id=\"elementor-tab-title-1031\" class=\"elementor-tab-title\" data-tab=\"1\" role=\"button\" aria-controls=\"elementor-tab-content-1031\" aria-expanded=\"false\">\n\t\t\t\t\t\t\t\t\t\t\t\t<span class=\"elementor-toggle-icon elementor-toggle-icon-left\" aria-hidden=\"true\">\n\t\t\t\t\t\t\t\t\t\t\t\t\t\t\t<span class=\"elementor-toggle-icon-closed\"><i class=\"fas fa-plus-square\"><\/i><\/span>\n\t\t\t\t\t\t\t\t<span class=\"elementor-toggle-icon-opened\"><i class=\"elementor-toggle-icon-opened fas fa-plus-square\"><\/i><\/span>\n\t\t\t\t\t\t\t\t\t\t\t\t\t<\/span>\n\t\t\t\t\t\t\t\t\t\t\t\t<a class=\"elementor-toggle-title\" tabindex=\"0\">Wie sollte deine Bewerbung aussehen?<\/a>\n\t\t\t\t\t<\/div>\n\n\t\t\t\t\t<div id=\"elementor-tab-content-1031\" class=\"elementor-tab-content elementor-clearfix\" data-tab=\"1\" role=\"region\" aria-labelledby=\"elementor-tab-title-1031\">Deine Bewerbung ist der erste Eindruck, den wir von Dir erhalten. Deshalb sollte sie ansprechend gestaltet und individuell auf das Unternehmen abgestimmt sein. Du ben\u00f6tigst: Ein Anschreiben, deinen Lebenslauf und Anh\u00e4nge (Zeugnisse oder Zertifikate). Bewerben kannst du dich \u00fcber unser Online-Tool. Sobald du deine Unterlagen abgeschickt hast, erh\u00e4ltst du eine automatische Eingangsbest\u00e4tigung von uns und wir melden uns in den n\u00e4chsten drei Wochen bei dir.\n<\/div>\n\t\t\t\t<\/div>\n\t\t\t\t\t\t\t<div class=\"elementor-toggle-item\">\n\t\t\t\t\t<div id=\"elementor-tab-title-1032\" class=\"elementor-tab-title\" data-tab=\"2\" role=\"button\" aria-controls=\"elementor-tab-content-1032\" aria-expanded=\"false\">\n\t\t\t\t\t\t\t\t\t\t\t\t<span class=\"elementor-toggle-icon elementor-toggle-icon-left\" aria-hidden=\"true\">\n\t\t\t\t\t\t\t\t\t\t\t\t\t\t\t<span class=\"elementor-toggle-icon-closed\"><i class=\"fas fa-plus-square\"><\/i><\/span>\n\t\t\t\t\t\t\t\t<span class=\"elementor-toggle-icon-opened\"><i class=\"elementor-toggle-icon-opened fas fa-plus-square\"><\/i><\/span>\n\t\t\t\t\t\t\t\t\t\t\t\t\t<\/span>\n\t\t\t\t\t\t\t\t\t\t\t\t<a class=\"elementor-toggle-title\" tabindex=\"0\">Das Anschreiben<\/a>\n\t\t\t\t\t<\/div>\n\n\t\t\t\t\t<div id=\"elementor-tab-content-1032\" class=\"elementor-tab-content elementor-clearfix\" data-tab=\"2\" role=\"region\" aria-labelledby=\"elementor-tab-title-1032\"><p>Mit dem Anschreiben stellst du dich uns vor. Wir wollen dich, deine Motivation und Pers\u00f6nlichkeit kennenlernen. Das Anschreiben sollte deine Absenderadresse sowie unsere Empf\u00e4ngeradresse enthalten. F\u00fcr dein Anliegen ben\u00f6tigst du eine Betreffzeile, zum Beispiel \u201eBewerbung um einen Ausbildungsplatz als \u2026\u201c. Danach folgt die Anrede, bei der du am besten den Ansprechpartner aus der jeweiligen Stellenausschreibung direkt anschreibst.<br \/><br \/><strong>Das Anschreiben sollte folgende Fragen beantworten:<\/strong><\/p><ol><li><strong><em>Wie bist du auf uns aufmerksam geworden?<\/em><\/strong><br \/>Schreib uns kurz, wie oder wo du unsere Stellenanzeigen gefunden hast.<\/li><li><strong><em>Warum willst du genau diesen Beruf erlernen?<\/em><\/strong><br \/>Der erste Teil ist dazu da, deine bereits gesammelten Erfahrungen w\u00e4hrend deiner Schulzeit, eines Praktikums oder Studiums zu beschreiben. Erz\u00e4hl uns, was dich an dem Berufsbild begeistert.<\/li><li><strong><em>Warum bist du geeignet f\u00fcr diesen Beruf?<\/em><\/strong><br \/>Beschreibe uns deine charakterlichen Eigenschaften. Folgende Fragen solltest du dir stellen: Warum bist du f\u00fcr diese Ausbildung geeignet? Was sind deine pers\u00f6nlichen St\u00e4rken? Wie k\u00f6nnen dir diese St\u00e4rken in dem Beruf helfen?<\/li><li><strong><em>Warum m\u00f6chtest du die Ausbildung bei uns absolvieren?<\/em><\/strong><br \/>Hier m\u00f6chten wir wissen, warum du dich f\u00fcr uns entschieden hast. Was unterscheidet uns von anderen m\u00f6glichen Unternehmen? Hierf\u00fcr lohnt es sich, einen Blick auf unsere Webseite zu werfen.<\/li><\/ol><\/div>\n\t\t\t\t<\/div>\n\t\t\t\t\t\t\t<div class=\"elementor-toggle-item\">\n\t\t\t\t\t<div id=\"elementor-tab-title-1033\" class=\"elementor-tab-title\" data-tab=\"3\" role=\"button\" aria-controls=\"elementor-tab-content-1033\" aria-expanded=\"false\">\n\t\t\t\t\t\t\t\t\t\t\t\t<span class=\"elementor-toggle-icon elementor-toggle-icon-left\" aria-hidden=\"true\">\n\t\t\t\t\t\t\t\t\t\t\t\t\t\t\t<span class=\"elementor-toggle-icon-closed\"><i class=\"fas fa-plus-square\"><\/i><\/span>\n\t\t\t\t\t\t\t\t<span class=\"elementor-toggle-icon-opened\"><i class=\"elementor-toggle-icon-opened fas fa-plus-square\"><\/i><\/span>\n\t\t\t\t\t\t\t\t\t\t\t\t\t<\/span>\n\t\t\t\t\t\t\t\t\t\t\t\t<a class=\"elementor-toggle-title\" tabindex=\"0\">Dein Lebenslauf<\/a>\n\t\t\t\t\t<\/div>\n\n\t\t\t\t\t<div id=\"elementor-tab-content-1033\" class=\"elementor-tab-content elementor-clearfix\" data-tab=\"3\" role=\"region\" aria-labelledby=\"elementor-tab-title-1033\"><p>Der Lebenslauf soll deine pers\u00f6nlichen Daten enthalten. Wichtig sind dabei dein Name, Geburtsdatum, Anschrift und Kontaktdaten wie E-Mail-Adresse und Telefonnummer. Ein Foto von dir kannst du im Lebenslauf rechts oben einf\u00fcgen oder bei uns im Bewerbungsportal auf unserer Website hochladen.\u00a0<br \/><br \/>Danach beschreibst du uns deinen Bildungsweg. Hier hast du die Auswahl zwischen zwei Vorgehensweisen \u2013 eine klassische und eine moderne Variante. In der klassischen Version beginnst du mit der Grundschule und endest mit dem letzten bzw. deinem voraussichtlichen Abschluss. Bei der \u201emodernen\u201c Variante geschieht dies genau anders herum. Du nennst zuerst deinen letzten Abschluss und endest mit deiner Einschulung. Zur Angabe der Daten nennst du nur den Monat und das Jahr (Januar 2021 = 01\/2021).\u00a0<br \/><br \/>Im n\u00e4chsten Teil beschreibst du deine bisher gesammelte Praxiserfahrung, zum Beispiel in Form von geleisteten Praktika oder Aushilfst\u00e4tigkeiten. Diese beschreibst du in derselben Art wie deine Schulbildung, also chronologisch auf- oder absteigend. Zus\u00e4tzlich kannst du auch deine Hobbys, ehrenamtliche Aktivit\u00e4ten und sonstige Kompetenzen auff\u00fchren.\u00a0<br \/><br \/>An den Schluss geh\u00f6rt deine Unterschrift, sowie Ort und Datum. Zum digitalen verschicken deiner Bewerbung, kannst du deine Unterschrift einscannen oder deinen Namen am Computer darunter schreiben.<\/p><\/div>\n\t\t\t\t<\/div>\n\t\t\t\t\t\t\t<div class=\"elementor-toggle-item\">\n\t\t\t\t\t<div id=\"elementor-tab-title-1034\" class=\"elementor-tab-title\" data-tab=\"4\" role=\"button\" aria-controls=\"elementor-tab-content-1034\" aria-expanded=\"false\">\n\t\t\t\t\t\t\t\t\t\t\t\t<span class=\"elementor-toggle-icon elementor-toggle-icon-left\" aria-hidden=\"true\">\n\t\t\t\t\t\t\t\t\t\t\t\t\t\t\t<span class=\"elementor-toggle-icon-closed\"><i class=\"fas fa-plus-square\"><\/i><\/span>\n\t\t\t\t\t\t\t\t<span class=\"elementor-toggle-icon-opened\"><i class=\"elementor-toggle-icon-opened fas fa-plus-square\"><\/i><\/span>\n\t\t\t\t\t\t\t\t\t\t\t\t\t<\/span>\n\t\t\t\t\t\t\t\t\t\t\t\t<a class=\"elementor-toggle-title\" tabindex=\"0\">Die Anh\u00e4nge<\/a>\n\t\t\t\t\t<\/div>\n\n\t\t\t\t\t<div id=\"elementor-tab-content-1034\" class=\"elementor-tab-content elementor-clearfix\" data-tab=\"4\" role=\"region\" aria-labelledby=\"elementor-tab-title-1034\">Ein grundlegender Teil deiner Bewerbung sind deine Zeugnisse. Hierzu geh\u00f6ren die letzten beiden Schulzeugnisse. Das Abschlusszeugnis deiner Schule sollte auf jeden Fall dabei sein oder, falls du deine Schule noch nicht beendet haben solltest, dein letztes Jahrgangszeugnis. Wenn du schon Aushilfsjobs oder Praktika absolviert hast, ist es auch empfehlenswert Arbeitszeugnisse davon beizuf\u00fcgen.\n\n<\/div>\n\t\t\t\t<\/div>\n\t\t\t\t\t\t\t<div class=\"elementor-toggle-item\">\n\t\t\t\t\t<div id=\"elementor-tab-title-1035\" class=\"elementor-tab-title\" data-tab=\"5\" role=\"button\" aria-controls=\"elementor-tab-content-1035\" aria-expanded=\"false\">\n\t\t\t\t\t\t\t\t\t\t\t\t<span class=\"elementor-toggle-icon elementor-toggle-icon-left\" aria-hidden=\"true\">\n\t\t\t\t\t\t\t\t\t\t\t\t\t\t\t<span class=\"elementor-toggle-icon-closed\"><i class=\"fas fa-plus-square\"><\/i><\/span>\n\t\t\t\t\t\t\t\t<span class=\"elementor-toggle-icon-opened\"><i class=\"elementor-toggle-icon-opened fas fa-plus-square\"><\/i><\/span>\n\t\t\t\t\t\t\t\t\t\t\t\t\t<\/span>\n\t\t\t\t\t\t\t\t\t\t\t\t<a class=\"elementor-toggle-title\" tabindex=\"0\">Das Bewerbungsfoto<\/a>\n\t\t\t\t\t<\/div>\n\n\t\t\t\t\t<div id=\"elementor-tab-content-1035\" class=\"elementor-tab-content elementor-clearfix\" data-tab=\"5\" role=\"region\" aria-labelledby=\"elementor-tab-title-1035\"><div class=\"fusion-panel panel-default fusion-toggle-no-divider\" role=\"tabpanel\"><div id=\"a948d9b381ffbf6ed\" class=\"panel-collapse collapse in\"><div class=\"panel-body toggle-content fusion-clearfix\"><p>Falls du ein Bewerbungsfoto anh\u00e4ngen m\u00f6chtest, um einen pers\u00f6nlichen Eindruck zu hinterlassen, sollte dieses von Fotograf:innen gemacht werden und kein Urlaubsbild oder \u00e4hnliches sein. Der Fotograf kann dir auch Tipps zu deinem Outfit geben. Bei kaufm\u00e4nnischen Berufen ist ein Hemd bzw. eine Bluse zu empfehlen. Als Frau solltest du keinen weiten Ausschnitt tragen und auch nicht zu stark geschminkt sein. Als Mann solltest du dich rasieren bzw. deinen Bart stutzen und auf eine gepflegte Frisur achten. Achte au\u00dferdem darauf, dass dein Bewerbungsbild aktuell ist, also nicht \u00e4lter als ein Jahr. Seitdem das Allgemeine Gleichbehandlungsgesetz in Kraft getreten ist, ist es nicht verpflichtend, ein Bewerbungsfoto anzuh\u00e4ngen. Es d\u00fcrfen dir durch ein fehlendes Bewerbungsfoto keine Nachteile entstehen.<\/p><\/div><\/div><\/div><div class=\"fusion-panel panel-default fusion-toggle-no-divider\" role=\"tabpanel\"><div class=\"panel-heading\"><h4 class=\"panel-title toggle fusion-responsive-typography-calculated\" data-fontsize=\"16\" data-lineheight=\"22.08px\">\u00a0<\/h4><\/div><\/div><\/div>\n\t\t\t\t<\/div>\n\t\t\t\t\t\t\t<div class=\"elementor-toggle-item\">\n\t\t\t\t\t<div id=\"elementor-tab-title-1036\" class=\"elementor-tab-title\" data-tab=\"6\" role=\"button\" aria-controls=\"elementor-tab-content-1036\" aria-expanded=\"false\">\n\t\t\t\t\t\t\t\t\t\t\t\t<span class=\"elementor-toggle-icon elementor-toggle-icon-left\" aria-hidden=\"true\">\n\t\t\t\t\t\t\t\t\t\t\t\t\t\t\t<span class=\"elementor-toggle-icon-closed\"><i class=\"fas fa-plus-square\"><\/i><\/span>\n\t\t\t\t\t\t\t\t<span class=\"elementor-toggle-icon-opened\"><i class=\"elementor-toggle-icon-opened fas fa-plus-square\"><\/i><\/span>\n\t\t\t\t\t\t\t\t\t\t\t\t\t<\/span>\n\t\t\t\t\t\t\t\t\t\t\t\t<a class=\"elementor-toggle-title\" tabindex=\"0\">Bewerbung verschicken<\/a>\n\t\t\t\t\t<\/div>\n\n\t\t\t\t\t<div id=\"elementor-tab-content-1036\" class=\"elementor-tab-content elementor-clearfix\" data-tab=\"6\" role=\"region\" aria-labelledby=\"elementor-tab-title-1036\"><p>Letztendlich m\u00fcssen wir auch deine nun ideale Bewerbung erhalten. Diese kannst du \u00fcber unser Online-Tool abgeben. Den dazugeh\u00f6rigen Button findest du jeweils unter dem Ausbildungsberuf unter der Kategorie \u201e<a href=\"https:\/\/www.jaegergroup.com\/karriere\/stellenangebote\/\">Offene Stellen<\/a>\u201c. Bitte lade deine Unterlagen als PDF-Datei hoch. Genauere Informationen \u00fcber den Bewerbungsablauf findest du unter \u201e<a href=\"https:\/\/www.jaegergroup.com\/karriere\/ausbildung\/bewerbungsprozess\/\">Bewerbungsprozess<\/a>\u201c.\u00a0<br \/><br \/>Hierbei ist es wichtig, deine E-Mail-Adresse sowie Telefonnummer zu hinterlegen, damit wir dich kontaktieren k\u00f6nnen. Sobald du deine Unterlagen abgeschickt hast, bekommst du eine automatische Eingangsbest\u00e4tigung von uns. In den n\u00e4chsten drei Wochen melden wir uns bei dir.<\/p><\/div>\n\t\t\t\t<\/div>\n\t\t\t\t\t\t\t\t<\/div>\n\t\t\t\t\t\t<\/div>\n\t\t\t\t<\/div>\n\t\t\t\t\t<\/div>\n\t\t<\/div>\n\t\t\t\t\t<\/div>\n\t\t<\/section>\n\t\t\t\t<\/div>\n\t\t","protected":false},"excerpt":{"rendered":"<p>DER ERSTE EINDRUCK Z\u00c4HLT! Tipps und Tricks f\u00fcr deine Bewerbung Nimm dir Zeit f\u00fcr deine Bewerbung und \u00fcberzeuge uns von dir! Du hast bereits ein Praktikum absolviert, im Ausland die Schule besucht oder einen Nebenjob ausge\u00fcbt? Du engagierst dich ehrenamtlich? Auch das interessiert uns, f\u00fcge entsprechende Zeugnisse oder Bescheinigungen dazu gern deiner Bewerbung bei. Wie [&hellip;]<\/p>\n","protected":false},"author":3,"featured_media":0,"parent":2099,"menu_order":0,"comment_status":"closed","ping_status":"closed","template":"","meta":{"_acf_changed":false,"footnotes":""},"class_list":["post-2138","page","type-page","status-publish","hentry"],"acf":[],"_links":{"self":[{"href":"https:\/\/www.jaegergroup.com\/de\/wp-json\/wp\/v2\/pages\/2138","targetHints":{"allow":["GET"]}}],"collection":[{"href":"https:\/\/www.jaegergroup.com\/de\/wp-json\/wp\/v2\/pages"}],"about":[{"href":"https:\/\/www.jaegergroup.com\/de\/wp-json\/wp\/v2\/types\/page"}],"author":[{"embeddable":true,"href":"https:\/\/www.jaegergroup.com\/de\/wp-json\/wp\/v2\/users\/3"}],"replies":[{"embeddable":true,"href":"https:\/\/www.jaegergroup.com\/de\/wp-json\/wp\/v2\/comments?post=2138"}],"version-history":[{"count":0,"href":"https:\/\/www.jaegergroup.com\/de\/wp-json\/wp\/v2\/pages\/2138\/revisions"}],"up":[{"embeddable":true,"href":"https:\/\/www.jaegergroup.com\/de\/wp-json\/wp\/v2\/pages\/2099"}],"wp:attachment":[{"href":"https:\/\/www.jaegergroup.com\/de\/wp-json\/wp\/v2\/media?parent=2138"}],"curies":[{"name":"wp","href":"https:\/\/api.w.org\/{rel}","templated":true}]}}