{"id":2158,"date":"2019-11-05T11:14:32","date_gmt":"2019-11-05T11:14:32","guid":{"rendered":"https:\/\/www.jaegergroup.com\/?page_id=2158"},"modified":"2023-04-25T10:38:31","modified_gmt":"2023-04-25T08:38:31","slug":"infos-fuer-eltern","status":"publish","type":"page","link":"https:\/\/www.jaegergroup.com\/de\/karriere\/ausbildung\/infos-fuer-eltern\/","title":{"rendered":"Infos f\u00fcr Eltern"},"content":{"rendered":"\t\t<div data-elementor-type=\"wp-page\" data-elementor-id=\"2158\" class=\"elementor elementor-2158\" data-elementor-post-type=\"page\">\n\t\t\t\t\t\t<section class=\"has_eae_slider elementor-section elementor-top-section elementor-element elementor-element-c4b7469 elementor-section-full_width elementor-section-height-min-height elementor-section-items-bottom elementor-section-height-default\" data-eae-slider=\"42103\" data-id=\"c4b7469\" data-element_type=\"section\" data-e-type=\"section\" data-settings=\"{&quot;background_background&quot;:&quot;classic&quot;,&quot;background_motion_fx_motion_fx_scrolling&quot;:&quot;yes&quot;,&quot;background_motion_fx_translateY_effect&quot;:&quot;yes&quot;,&quot;background_motion_fx_translateY_speed&quot;:{&quot;unit&quot;:&quot;px&quot;,&quot;size&quot;:4,&quot;sizes&quot;:[]},&quot;background_motion_fx_translateY_affectedRange&quot;:{&quot;unit&quot;:&quot;%&quot;,&quot;size&quot;:&quot;&quot;,&quot;sizes&quot;:{&quot;start&quot;:0,&quot;end&quot;:100}},&quot;background_motion_fx_devices&quot;:[&quot;desktop&quot;,&quot;tablet&quot;,&quot;mobile&quot;]}\">\n\t\t\t\t\t\t<div class=\"elementor-container elementor-column-gap-default\">\n\t\t\t\t\t<div class=\"has_eae_slider elementor-column elementor-col-100 elementor-top-column elementor-element elementor-element-ee80177\" data-eae-slider=\"99635\" data-id=\"ee80177\" data-element_type=\"column\" data-e-type=\"column\">\n\t\t\t<div class=\"elementor-widget-wrap elementor-element-populated\">\n\t\t\t\t\t\t<div class=\"elementor-element elementor-element-45c570d title-header elementor-widget elementor-widget-heading\" data-id=\"45c570d\" data-element_type=\"widget\" data-e-type=\"widget\" data-widget_type=\"heading.default\">\n\t\t\t\t<div class=\"elementor-widget-container\">\n\t\t\t\t\t<p class=\"elementor-heading-title elementor-size-default\">GESTALTE DEINE KARRIERE!<\/p>\t\t\t\t<\/div>\n\t\t\t\t<\/div>\n\t\t\t\t\t<\/div>\n\t\t<\/div>\n\t\t\t\t\t<\/div>\n\t\t<\/section>\n\t\t\t\t<section class=\"has_eae_slider elementor-section elementor-top-section elementor-element elementor-element-cc79f43 elementor-section-full_width page-start elementor-section-height-default elementor-section-height-default\" data-eae-slider=\"15444\" data-id=\"cc79f43\" data-element_type=\"section\" data-e-type=\"section\">\n\t\t\t\t\t\t<div class=\"elementor-container elementor-column-gap-default\">\n\t\t\t\t\t<div class=\"has_eae_slider elementor-column elementor-col-100 elementor-top-column elementor-element elementor-element-5b1cbc0\" data-eae-slider=\"18308\" data-id=\"5b1cbc0\" data-element_type=\"column\" data-e-type=\"column\">\n\t\t\t<div class=\"elementor-widget-wrap elementor-element-populated\">\n\t\t\t\t\t\t<div class=\"elementor-element elementor-element-afa6ba7 headlineGreen elementor-widget elementor-widget-heading\" data-id=\"afa6ba7\" data-element_type=\"widget\" data-e-type=\"widget\" data-widget_type=\"heading.default\">\n\t\t\t\t<div class=\"elementor-widget-container\">\n\t\t\t\t\t<h1 class=\"elementor-heading-title elementor-size-default\">Infos f\u00fcr Eltern<\/h1>\t\t\t\t<\/div>\n\t\t\t\t<\/div>\n\t\t\t\t<div class=\"elementor-element elementor-element-b271288 elementor-widget elementor-widget-text-editor\" data-id=\"b271288\" data-element_type=\"widget\" data-e-type=\"widget\" data-widget_type=\"text-editor.default\">\n\t\t\t\t<div class=\"elementor-widget-container\">\n\t\t\t\t\t\t\t\t\t<p><strong>Die J\u00c4GER GROUP als Ausbildungsbetrieb<\/strong><\/p>\t\t\t\t\t\t\t\t<\/div>\n\t\t\t\t<\/div>\n\t\t\t\t<div class=\"elementor-element elementor-element-b2d6775 elementor-widget elementor-widget-text-editor\" data-id=\"b2d6775\" data-element_type=\"widget\" data-e-type=\"widget\" data-widget_type=\"text-editor.default\">\n\t\t\t\t<div class=\"elementor-widget-container\">\n\t\t\t\t\t\t\t\t\t<p>Die J\u00c4GER GROUP als Ausbildungsbetrieb<br>\nDie J\u00c4GER Group bildet in sechs unterschiedlichen Ausbildungsberufen an sieben Standorten aus. Wir sind stolz darauf, dass inzwischen mehr als 485 Auszubildende ihre Ausbildung erfolgreich abschlie\u00dfen konnten.<\/p>\n<p>Schon vor der Ausbildung versuchen wir, unseren Auszubildenden den Einstieg im Rahmen eines Events zu erleichtern. Bei einem gemeinsamen Bowlingabend beispielsweise k\u00f6nnen sich unsere Auszubildenden bereits vorab kennenlernen und die Aufregung vor der Begr\u00fc\u00dfungsveranstaltung am ersten Ausbildungstag ist nicht mehr allzu gro\u00df. In den ersten drei Ausbildungsmonaten durchlaufen unsere Azubis diverse Veranstaltungen, wie ein Telefontraining, eine Schulung zum Microsoft Office-Paket oder unserem Warenwirtschaftssystem.<\/p>\n<p>Praktische Aufgaben und Produktschulungen wechseln sich bei uns ab. Unsere Spezialist:innen geben die Produktkenntnisse in Form von theoretischem Unterricht sowie Produktionsbesuchen an unseren Nachwuchs weiter. Und in unserem internen Unterricht werden unsere Auszubildenden intensiv und optimal auf ihre Abschlusspr\u00fcfungen vorbereitet.<\/p>\t\t\t\t\t\t\t\t<\/div>\n\t\t\t\t<\/div>\n\t\t\t\t\t<\/div>\n\t\t<\/div>\n\t\t\t\t\t<\/div>\n\t\t<\/section>\n\t\t\t\t<section class=\"has_eae_slider elementor-section elementor-top-section elementor-element elementor-element-271068da elementor-section-stretched quote elementor-section-boxed elementor-section-height-default elementor-section-height-default\" data-eae-slider=\"17550\" data-id=\"271068da\" data-element_type=\"section\" data-e-type=\"section\" data-settings=\"{&quot;background_background&quot;:&quot;classic&quot;,&quot;stretch_section&quot;:&quot;section-stretched&quot;}\">\n\t\t\t\t\t\t<div class=\"elementor-container elementor-column-gap-default\">\n\t\t\t\t\t<div class=\"has_eae_slider elementor-column elementor-col-100 elementor-top-column elementor-element elementor-element-5ab0b25f\" data-eae-slider=\"70364\" data-id=\"5ab0b25f\" data-element_type=\"column\" data-e-type=\"column\">\n\t\t\t<div class=\"elementor-widget-wrap elementor-element-populated\">\n\t\t\t\t\t\t<div class=\"elementor-element elementor-element-51b76717 elementor-blockquote--skin-quotation elementor-blockquote--align-center quote-box elementor-widget elementor-widget-blockquote\" data-id=\"51b76717\" data-element_type=\"widget\" data-e-type=\"widget\" data-widget_type=\"blockquote.default\">\n\t\t\t\t<div class=\"elementor-widget-container\">\n\t\t\t\t\t\t\t<blockquote class=\"elementor-blockquote\">\n\t\t\t<p class=\"elementor-blockquote__content\">\n\t\t\t\tBei der Betreuung unserer Auszubildenden legen wir besonderen Wert auf ein offenes Miteinander sowie eine Kommunikation auf Augenh\u00f6he, um individuell unterst\u00fctzen und begleiten zu k\u00f6nnen.\n\t\t\t<\/p>\n\t\t\t\t\t\t\t<div class=\"e-q-footer\">\n\t\t\t\t\t\t\t\t\t\t\t<cite class=\"elementor-blockquote__author\">Ausbildungsbeauftragte<\/cite>\n\t\t\t\t\t\t\t\t\t\t\t\t\t\t<\/div>\n\t\t\t\t\t<\/blockquote>\n\t\t\t\t\t\t<\/div>\n\t\t\t\t<\/div>\n\t\t\t\t\t<\/div>\n\t\t<\/div>\n\t\t\t\t\t<\/div>\n\t\t<\/section>\n\t\t\t\t<section class=\"has_eae_slider elementor-section elementor-top-section elementor-element elementor-element-3d19feba elementor-section-full_width elementor-section-stretched elementor-reverse-tablet elementor-reverse-mobile set-max-width elementor-section-height-default elementor-section-height-default\" data-eae-slider=\"6886\" data-id=\"3d19feba\" data-element_type=\"section\" data-e-type=\"section\" data-settings=\"{&quot;stretch_section&quot;:&quot;section-stretched&quot;}\">\n\t\t\t\t\t\t<div class=\"elementor-container elementor-column-gap-default\">\n\t\t\t\t\t<div class=\"has_eae_slider elementor-column elementor-col-50 elementor-top-column elementor-element elementor-element-6d89ee31\" data-eae-slider=\"58303\" data-id=\"6d89ee31\" data-element_type=\"column\" data-e-type=\"column\">\n\t\t\t<div class=\"elementor-widget-wrap elementor-element-populated\">\n\t\t\t\t\t\t<div class=\"elementor-element elementor-element-239118b8 elementor-widget elementor-widget-image\" data-id=\"239118b8\" data-element_type=\"widget\" data-e-type=\"widget\" data-widget_type=\"image.default\">\n\t\t\t\t<div class=\"elementor-widget-container\">\n\t\t\t\t\t\t\t\t\t\t\t\t\t\t\t<img fetchpriority=\"high\" decoding=\"async\" width=\"800\" height=\"532\" src=\"https:\/\/www.jaegergroup.com\/wp-content\/uploads\/pixxio\/Jaeger Group\/Taschenrechner-Bleistift-und-Diagramme-1024x681.jpg\" class=\"attachment-large size-large wp-image-52899\" alt=\"Taschenrechner, Bleistift und Diagramme\" srcset=\"https:\/\/www.jaegergroup.com\/wp-content\/uploads\/pixxio\/Jaeger%20Group\/Taschenrechner-Bleistift-und-Diagramme-1024x681.jpg 1024w, https:\/\/www.jaegergroup.com\/wp-content\/uploads\/pixxio\/Jaeger%20Group\/Taschenrechner-Bleistift-und-Diagramme-300x200.jpg 300w, https:\/\/www.jaegergroup.com\/wp-content\/uploads\/pixxio\/Jaeger%20Group\/Taschenrechner-Bleistift-und-Diagramme-768x511.jpg 768w, https:\/\/www.jaegergroup.com\/wp-content\/uploads\/pixxio\/Jaeger%20Group\/Taschenrechner-Bleistift-und-Diagramme-1536x1022.jpg 1536w, https:\/\/www.jaegergroup.com\/wp-content\/uploads\/pixxio\/Jaeger%20Group\/Taschenrechner-Bleistift-und-Diagramme.jpg 1920w\" sizes=\"(max-width: 800px) 100vw, 800px\" \/>\t\t\t\t\t\t\t\t\t\t\t\t\t\t\t<\/div>\n\t\t\t\t<\/div>\n\t\t\t\t\t<\/div>\n\t\t<\/div>\n\t\t\t\t<div class=\"has_eae_slider elementor-column elementor-col-50 elementor-top-column elementor-element elementor-element-2cab1f36\" data-eae-slider=\"57793\" data-id=\"2cab1f36\" data-element_type=\"column\" data-e-type=\"column\">\n\t\t\t<div class=\"elementor-widget-wrap elementor-element-populated\">\n\t\t\t\t\t\t<div class=\"elementor-element elementor-element-4e50066f elementor-widget elementor-widget-heading\" data-id=\"4e50066f\" data-element_type=\"widget\" data-e-type=\"widget\" data-widget_type=\"heading.default\">\n\t\t\t\t<div class=\"elementor-widget-container\">\n\t\t\t\t\t<h2 class=\"elementor-heading-title elementor-size-default\">Kindergeld \u2013 finanzielle Unterst\u00fctzung w\u00e4hrend der Ausbildung\n<\/h2>\t\t\t\t<\/div>\n\t\t\t\t<\/div>\n\t\t\t\t<div class=\"elementor-element elementor-element-286b71d elementor-widget elementor-widget-text-editor\" data-id=\"286b71d\" data-element_type=\"widget\" data-e-type=\"widget\" data-widget_type=\"text-editor.default\">\n\t\t\t\t<div class=\"elementor-widget-container\">\n\t\t\t\t\t\t\t\t\tBis zur Vollendung ihres 25. Lebensjahres, besteht ein Bezugsanspruch f\u00fcr Kindergeld. Dieser Anspruch endet erst, sobald die besagte Altersgrenze \u00fcberschritten oder die erste Berufsausbildung erfolgreich abgeschlossen wurde. In der Zeit zwischen Schule und Ausbildung, sprich zwischen zwei Ausbildungsabschnitten, erhalten Sie f\u00fcr maximal vier Monate Kindergeld.\n\n\t\t\t\t\t\t\t\t<\/div>\n\t\t\t\t<\/div>\n\t\t\t\t\t<\/div>\n\t\t<\/div>\n\t\t\t\t\t<\/div>\n\t\t<\/section>\n\t\t\t\t<section class=\"has_eae_slider elementor-section elementor-top-section elementor-element elementor-element-4f178ba9 elementor-section-full_width gray-seperator elementor-section-height-default elementor-section-height-default\" data-eae-slider=\"34369\" data-id=\"4f178ba9\" data-element_type=\"section\" data-e-type=\"section\">\n\t\t\t\t\t\t<div class=\"elementor-container elementor-column-gap-default\">\n\t\t\t\t\t<div class=\"has_eae_slider elementor-column elementor-col-100 elementor-top-column elementor-element elementor-element-4139b2cc\" data-eae-slider=\"24347\" data-id=\"4139b2cc\" data-element_type=\"column\" data-e-type=\"column\">\n\t\t\t<div class=\"elementor-widget-wrap elementor-element-populated\">\n\t\t\t\t\t\t<div class=\"elementor-element elementor-element-29bbc2f4 elementor-widget-divider--view-line elementor-widget elementor-widget-divider\" data-id=\"29bbc2f4\" data-element_type=\"widget\" data-e-type=\"widget\" data-widget_type=\"divider.default\">\n\t\t\t\t<div class=\"elementor-widget-container\">\n\t\t\t\t\t\t\t<div class=\"elementor-divider\">\n\t\t\t<span class=\"elementor-divider-separator\">\n\t\t\t\t\t\t<\/span>\n\t\t<\/div>\n\t\t\t\t\t\t<\/div>\n\t\t\t\t<\/div>\n\t\t\t\t\t<\/div>\n\t\t<\/div>\n\t\t\t\t\t<\/div>\n\t\t<\/section>\n\t\t\t\t<section class=\"has_eae_slider elementor-section elementor-top-section elementor-element elementor-element-1950d0d2 elementor-section-full_width elementor-section-stretched elementor-reverse-tablet elementor-reverse-mobile set-max-width elementor-section-height-default elementor-section-height-default\" data-eae-slider=\"5644\" data-id=\"1950d0d2\" data-element_type=\"section\" data-e-type=\"section\" data-settings=\"{&quot;stretch_section&quot;:&quot;section-stretched&quot;}\">\n\t\t\t\t\t\t<div class=\"elementor-container elementor-column-gap-default\">\n\t\t\t\t\t<div class=\"has_eae_slider elementor-column elementor-col-50 elementor-top-column elementor-element elementor-element-240a3947\" data-eae-slider=\"78942\" data-id=\"240a3947\" data-element_type=\"column\" data-e-type=\"column\">\n\t\t\t<div class=\"elementor-widget-wrap elementor-element-populated\">\n\t\t\t\t\t\t<div class=\"elementor-element elementor-element-7a001c10 elementor-widget elementor-widget-image\" data-id=\"7a001c10\" data-element_type=\"widget\" data-e-type=\"widget\" data-widget_type=\"image.default\">\n\t\t\t\t<div class=\"elementor-widget-container\">\n\t\t\t\t\t\t\t\t\t\t\t\t\t\t\t<img decoding=\"async\" width=\"800\" height=\"534\" src=\"https:\/\/www.jaegergroup.com\/wp-content\/uploads\/pixxio\/Jaeger Group\/Team-aus-4-Kollegen-blickt-in-Kamera-1024x683.jpg\" class=\"attachment-large size-large wp-image-52569\" alt=\"\" srcset=\"https:\/\/www.jaegergroup.com\/wp-content\/uploads\/pixxio\/Jaeger%20Group\/Team-aus-4-Kollegen-blickt-in-Kamera-1024x683.jpg 1024w, https:\/\/www.jaegergroup.com\/wp-content\/uploads\/pixxio\/Jaeger%20Group\/Team-aus-4-Kollegen-blickt-in-Kamera-300x200.jpg 300w, https:\/\/www.jaegergroup.com\/wp-content\/uploads\/pixxio\/Jaeger%20Group\/Team-aus-4-Kollegen-blickt-in-Kamera-768x512.jpg 768w, https:\/\/www.jaegergroup.com\/wp-content\/uploads\/pixxio\/Jaeger%20Group\/Team-aus-4-Kollegen-blickt-in-Kamera-1536x1024.jpg 1536w, https:\/\/www.jaegergroup.com\/wp-content\/uploads\/pixxio\/Jaeger%20Group\/Team-aus-4-Kollegen-blickt-in-Kamera.jpg 1920w\" sizes=\"(max-width: 800px) 100vw, 800px\" \/>\t\t\t\t\t\t\t\t\t\t\t\t\t\t\t<\/div>\n\t\t\t\t<\/div>\n\t\t\t\t\t<\/div>\n\t\t<\/div>\n\t\t\t\t<div class=\"has_eae_slider elementor-column elementor-col-50 elementor-top-column elementor-element elementor-element-9f859d0\" data-eae-slider=\"29668\" data-id=\"9f859d0\" data-element_type=\"column\" data-e-type=\"column\">\n\t\t\t<div class=\"elementor-widget-wrap elementor-element-populated\">\n\t\t\t\t\t\t<div class=\"elementor-element elementor-element-59b6842a elementor-widget elementor-widget-heading\" data-id=\"59b6842a\" data-element_type=\"widget\" data-e-type=\"widget\" data-widget_type=\"heading.default\">\n\t\t\t\t<div class=\"elementor-widget-container\">\n\t\t\t\t\t<h2 class=\"elementor-heading-title elementor-size-default\">Attraktive Karrieregestaltung auch ohne Studium?\n<\/h2>\t\t\t\t<\/div>\n\t\t\t\t<\/div>\n\t\t\t\t<div class=\"elementor-element elementor-element-58d2cb9e elementor-widget elementor-widget-text-editor\" data-id=\"58d2cb9e\" data-element_type=\"widget\" data-e-type=\"widget\" data-widget_type=\"text-editor.default\">\n\t\t\t\t<div class=\"elementor-widget-container\">\n\t\t\t\t\t\t\t\t\t<p>Die Ausbildung in der J\u00c4GER Group schafft die Basis f\u00fcr den Start in die berufliche Karriere. In unseren Unternehmen wird ein hoher Praxisbezug vermittelt. So lernen unsere Auszubildenden schon w\u00e4hrend ihrer Ausbildung die Prozesse und Abl\u00e4ufe in einem Industrieunternehmen kennen und ihre F\u00e4higkeit, komplexe Zusammenh\u00e4nge schnell zu erkennen und zu verstehen, wird verst\u00e4rkt.\u00a0<br \/><br \/>Im Anschluss an die Ausbildung besteht die M\u00f6glichkeit, sich im Rahmen eines Studiums oder auch einer Weiterbildung fortzubilden. Viele Angebote k\u00f6nnen dabei auch berufsbegleitend absolviert werden. Wir planen weitere Karrierem\u00f6glichkeiten gern individuell mit unseren Auszubildenden.<\/p>\t\t\t\t\t\t\t\t<\/div>\n\t\t\t\t<\/div>\n\t\t\t\t\t<\/div>\n\t\t<\/div>\n\t\t\t\t\t<\/div>\n\t\t<\/section>\n\t\t\t\t<\/div>\n\t\t","protected":false},"excerpt":{"rendered":"<p>GESTALTE DEINE KARRIERE! Infos f\u00fcr Eltern Die J\u00c4GER GROUP als Ausbildungsbetrieb Die J\u00c4GER GROUP als Ausbildungsbetrieb Die J\u00c4GER Group bildet in sechs unterschiedlichen Ausbildungsberufen an sieben Standorten aus. Wir sind stolz darauf, dass inzwischen mehr als 485 Auszubildende ihre Ausbildung erfolgreich abschlie\u00dfen konnten. Schon vor der Ausbildung versuchen wir, unseren Auszubildenden den Einstieg im Rahmen [&hellip;]<\/p>\n","protected":false},"author":3,"featured_media":0,"parent":2099,"menu_order":0,"comment_status":"closed","ping_status":"closed","template":"","meta":{"_acf_changed":false,"footnotes":""},"class_list":["post-2158","page","type-page","status-publish","hentry"],"acf":[],"_links":{"self":[{"href":"https:\/\/www.jaegergroup.com\/de\/wp-json\/wp\/v2\/pages\/2158","targetHints":{"allow":["GET"]}}],"collection":[{"href":"https:\/\/www.jaegergroup.com\/de\/wp-json\/wp\/v2\/pages"}],"about":[{"href":"https:\/\/www.jaegergroup.com\/de\/wp-json\/wp\/v2\/types\/page"}],"author":[{"embeddable":true,"href":"https:\/\/www.jaegergroup.com\/de\/wp-json\/wp\/v2\/users\/3"}],"replies":[{"embeddable":true,"href":"https:\/\/www.jaegergroup.com\/de\/wp-json\/wp\/v2\/comments?post=2158"}],"version-history":[{"count":0,"href":"https:\/\/www.jaegergroup.com\/de\/wp-json\/wp\/v2\/pages\/2158\/revisions"}],"up":[{"embeddable":true,"href":"https:\/\/www.jaegergroup.com\/de\/wp-json\/wp\/v2\/pages\/2099"}],"wp:attachment":[{"href":"https:\/\/www.jaegergroup.com\/de\/wp-json\/wp\/v2\/media?parent=2158"}],"curies":[{"name":"wp","href":"https:\/\/api.w.org\/{rel}","templated":true}]}}