{"id":2279,"date":"2019-11-06T14:27:33","date_gmt":"2019-11-06T14:27:33","guid":{"rendered":"https:\/\/www.jaegergroup.com\/?page_id=2279"},"modified":"2023-12-20T16:39:10","modified_gmt":"2023-12-20T14:39:10","slug":"stellenangebote","status":"publish","type":"page","link":"https:\/\/www.jaegergroup.com\/de\/karriere\/stellenangebote\/","title":{"rendered":"Stellenangebote"},"content":{"rendered":"\t\t<div data-elementor-type=\"wp-page\" data-elementor-id=\"2279\" class=\"elementor elementor-2279\" data-elementor-post-type=\"page\">\n\t\t\t\t\t\t<section class=\"has_eae_slider elementor-section elementor-top-section elementor-element elementor-element-4326579f elementor-section-full_width elementor-section-height-min-height elementor-section-items-bottom elementor-section-height-default\" data-eae-slider=\"27506\" data-id=\"4326579f\" data-element_type=\"section\" data-e-type=\"section\" data-settings=\"{&quot;background_background&quot;:&quot;classic&quot;,&quot;background_motion_fx_motion_fx_scrolling&quot;:&quot;yes&quot;,&quot;background_motion_fx_translateY_effect&quot;:&quot;yes&quot;,&quot;background_motion_fx_translateY_speed&quot;:{&quot;unit&quot;:&quot;px&quot;,&quot;size&quot;:4,&quot;sizes&quot;:[]},&quot;background_motion_fx_translateY_affectedRange&quot;:{&quot;unit&quot;:&quot;%&quot;,&quot;size&quot;:&quot;&quot;,&quot;sizes&quot;:{&quot;start&quot;:0,&quot;end&quot;:100}},&quot;background_motion_fx_devices&quot;:[&quot;desktop&quot;,&quot;tablet&quot;,&quot;mobile&quot;]}\">\n\t\t\t\t\t\t<div class=\"elementor-container elementor-column-gap-default\">\n\t\t\t\t\t<div class=\"has_eae_slider elementor-column elementor-col-100 elementor-top-column elementor-element elementor-element-515b361f\" data-eae-slider=\"55063\" data-id=\"515b361f\" data-element_type=\"column\" data-e-type=\"column\">\n\t\t\t<div class=\"elementor-widget-wrap elementor-element-populated\">\n\t\t\t\t\t\t<div class=\"elementor-element elementor-element-322529f6 title-header elementor-widget elementor-widget-heading\" data-id=\"322529f6\" data-element_type=\"widget\" data-e-type=\"widget\" data-widget_type=\"heading.default\">\n\t\t\t\t<div class=\"elementor-widget-container\">\n\t\t\t\t\t<p class=\"elementor-heading-title elementor-size-default\">WERDEN SIE TEIL <BR \/>\nDES J\u00c4GER TEAMS!<\/p>\t\t\t\t<\/div>\n\t\t\t\t<\/div>\n\t\t\t\t\t<\/div>\n\t\t<\/div>\n\t\t\t\t\t<\/div>\n\t\t<\/section>\n\t\t\t\t<section class=\"has_eae_slider elementor-section elementor-top-section elementor-element elementor-element-5b95648c elementor-section-full_width page-start elementor-section-height-default elementor-section-height-default\" data-eae-slider=\"15094\" data-id=\"5b95648c\" data-element_type=\"section\" data-e-type=\"section\">\n\t\t\t\t\t\t<div class=\"elementor-container elementor-column-gap-default\">\n\t\t\t\t\t<div class=\"has_eae_slider elementor-column elementor-col-100 elementor-top-column elementor-element elementor-element-4996a7a6\" data-eae-slider=\"29857\" data-id=\"4996a7a6\" data-element_type=\"column\" data-e-type=\"column\">\n\t\t\t<div class=\"elementor-widget-wrap elementor-element-populated\">\n\t\t\t\t\t\t<div class=\"elementor-element elementor-element-4f7d3eaa headlineGreen elementor-widget elementor-widget-heading\" data-id=\"4f7d3eaa\" data-element_type=\"widget\" data-e-type=\"widget\" data-widget_type=\"heading.default\">\n\t\t\t\t<div class=\"elementor-widget-container\">\n\t\t\t\t\t<h1 class=\"elementor-heading-title elementor-size-default\">Stellenangebote<\/h1>\t\t\t\t<\/div>\n\t\t\t\t<\/div>\n\t\t\t\t\t<\/div>\n\t\t<\/div>\n\t\t\t\t\t<\/div>\n\t\t<\/section>\n\t\t\t\t<section class=\"has_eae_slider elementor-section elementor-top-section elementor-element elementor-element-542f4c5f elementor-section-full_width elementor-section-stretched set-max-width elementor-section-height-default elementor-section-height-default\" data-eae-slider=\"14026\" data-id=\"542f4c5f\" data-element_type=\"section\" data-e-type=\"section\" data-settings=\"{&quot;stretch_section&quot;:&quot;section-stretched&quot;}\">\n\t\t\t\t\t\t<div class=\"elementor-container elementor-column-gap-default\">\n\t\t\t\t\t<div class=\"has_eae_slider elementor-column elementor-col-50 elementor-top-column elementor-element elementor-element-3101292a\" data-eae-slider=\"49842\" data-id=\"3101292a\" data-element_type=\"column\" data-e-type=\"column\">\n\t\t\t<div class=\"elementor-widget-wrap elementor-element-populated\">\n\t\t\t\t\t\t<div class=\"elementor-element elementor-element-68126f36 elementor-widget elementor-widget-text-editor\" data-id=\"68126f36\" data-element_type=\"widget\" data-e-type=\"widget\" data-widget_type=\"text-editor.default\">\n\t\t\t\t<div class=\"elementor-widget-container\">\n\t\t\t\t\t\t\t\t\t<p>In der J\u00c4GER Group bieten wir Ihnen ein attraktives Arbeitsumfeld und vielf\u00e4ltige Jobs mit spannenden Aufgaben.\u00a0<br \/><br \/>Wir sind weltweit auf der Suche nach neuen Talenten, die uns mit ihrem Expertenwissen in unserem Wachstum unterst\u00fctzen und Teil eines starken Teams sein m\u00f6chten.\u00a0<br \/><br \/>Werden auch Sie ein J\u00e4ger und wachsen mit uns! Bewerben Sie sich jetzt online in unserem Karriereportal!<\/p>\t\t\t\t\t\t\t\t<\/div>\n\t\t\t\t<\/div>\n\t\t\t\t<section class=\"has_eae_slider elementor-section elementor-inner-section elementor-element elementor-element-de04048 elementor-section-full_width elementor-section-height-default elementor-section-height-default\" data-eae-slider=\"49673\" data-id=\"de04048\" data-element_type=\"section\" data-e-type=\"section\">\n\t\t\t\t\t\t<div class=\"elementor-container elementor-column-gap-default\">\n\t\t\t\t\t<div class=\"has_eae_slider elementor-column elementor-col-100 elementor-inner-column elementor-element elementor-element-1a89755\" data-eae-slider=\"99224\" data-id=\"1a89755\" data-element_type=\"column\" data-e-type=\"column\">\n\t\t\t<div class=\"elementor-widget-wrap elementor-element-populated\">\n\t\t\t\t\t\t<div class=\"elementor-element elementor-element-8af1f7e button-white-hover-green elementor-widget elementor-widget-button\" data-id=\"8af1f7e\" data-element_type=\"widget\" data-e-type=\"widget\" data-widget_type=\"button.default\">\n\t\t\t\t<div class=\"elementor-widget-container\">\n\t\t\t\t\t\t\t\t\t<div class=\"elementor-button-wrapper\">\n\t\t\t\t\t<a class=\"elementor-button elementor-button-link elementor-size-sm\" href=\"https:\/\/jaegergruppe.jobbase.io\/apply\/6mwkwgeis3jm9a4i30qv98xbjtmf5xb\" target=\"_blank\" rel=\"noopener\">\n\t\t\t\t\t\t<span class=\"elementor-button-content-wrapper\">\n\t\t\t\t\t\t\t\t\t<span class=\"elementor-button-text\">Initiativbewerbung<\/span>\n\t\t\t\t\t<\/span>\n\t\t\t\t\t<\/a>\n\t\t\t\t<\/div>\n\t\t\t\t\t\t\t\t<\/div>\n\t\t\t\t<\/div>\n\t\t\t\t\t<\/div>\n\t\t<\/div>\n\t\t\t\t\t<\/div>\n\t\t<\/section>\n\t\t\t\t\t<\/div>\n\t\t<\/div>\n\t\t\t\t<div class=\"has_eae_slider elementor-column elementor-col-50 elementor-top-column elementor-element elementor-element-6ad0d3ea\" data-eae-slider=\"79672\" data-id=\"6ad0d3ea\" data-element_type=\"column\" data-e-type=\"column\">\n\t\t\t<div class=\"elementor-widget-wrap elementor-element-populated\">\n\t\t\t\t\t\t<div class=\"elementor-element elementor-element-7398b8cd elementor-widget elementor-widget-image\" data-id=\"7398b8cd\" data-element_type=\"widget\" data-e-type=\"widget\" data-widget_type=\"image.default\">\n\t\t\t\t<div class=\"elementor-widget-container\">\n\t\t\t\t\t\t\t\t\t\t\t\t\t\t\t<img fetchpriority=\"high\" decoding=\"async\" width=\"768\" height=\"512\" src=\"https:\/\/www.jaegergroup.com\/wp-content\/uploads\/pixxio\/Jaeger Group\/Mitarbeiterin-laechelt-in-Kamera-768x512.jpg\" class=\"attachment-medium_large size-medium_large wp-image-52575\" alt=\"\" srcset=\"https:\/\/www.jaegergroup.com\/wp-content\/uploads\/pixxio\/Jaeger%20Group\/Mitarbeiterin-laechelt-in-Kamera-768x512.jpg 768w, https:\/\/www.jaegergroup.com\/wp-content\/uploads\/pixxio\/Jaeger%20Group\/Mitarbeiterin-laechelt-in-Kamera-336x224.jpg 336w, https:\/\/www.jaegergroup.com\/wp-content\/uploads\/pixxio\/Jaeger%20Group\/Mitarbeiterin-laechelt-in-Kamera-1024x683.jpg 1024w, https:\/\/www.jaegergroup.com\/wp-content\/uploads\/pixxio\/Jaeger%20Group\/Mitarbeiterin-laechelt-in-Kamera-1536x1024.jpg 1536w, https:\/\/www.jaegergroup.com\/wp-content\/uploads\/pixxio\/Jaeger%20Group\/Mitarbeiterin-laechelt-in-Kamera.jpg 1920w\" sizes=\"(max-width: 768px) 100vw, 768px\" \/>\t\t\t\t\t\t\t\t\t\t\t\t\t\t\t<\/div>\n\t\t\t\t<\/div>\n\t\t\t\t<div class=\"elementor-element elementor-element-4ebaf6e9 elementor-hidden-phone elementor-widget elementor-widget-spacer\" data-id=\"4ebaf6e9\" data-element_type=\"widget\" data-e-type=\"widget\" data-widget_type=\"spacer.default\">\n\t\t\t\t<div class=\"elementor-widget-container\">\n\t\t\t\t\t\t\t<div class=\"elementor-spacer\">\n\t\t\t<div class=\"elementor-spacer-inner\"><\/div>\n\t\t<\/div>\n\t\t\t\t\t\t<\/div>\n\t\t\t\t<\/div>\n\t\t\t\t\t<\/div>\n\t\t<\/div>\n\t\t\t\t\t<\/div>\n\t\t<\/section>\n\t\t\t\t<section class=\"has_eae_slider elementor-section elementor-top-section elementor-element elementor-element-85c2806 elementor-section-full_width elementor-section-height-default elementor-section-height-default\" data-eae-slider=\"82339\" data-id=\"85c2806\" data-element_type=\"section\" data-e-type=\"section\">\n\t\t\t\t\t\t<div class=\"elementor-container elementor-column-gap-default\">\n\t\t\t\t\t<div class=\"has_eae_slider elementor-column elementor-col-100 elementor-top-column elementor-element elementor-element-31d213d\" data-eae-slider=\"87576\" data-id=\"31d213d\" data-element_type=\"column\" data-e-type=\"column\">\n\t\t\t<div class=\"elementor-widget-wrap elementor-element-populated\">\n\t\t\t\t\t\t<div class=\"elementor-element elementor-element-84e0256 elementor-widget elementor-widget-heading\" data-id=\"84e0256\" data-element_type=\"widget\" data-e-type=\"widget\" data-widget_type=\"heading.default\">\n\t\t\t\t<div class=\"elementor-widget-container\">\n\t\t\t\t\t<h2 class=\"elementor-heading-title elementor-size-default\">Unsere Jobs<\/h2>\t\t\t\t<\/div>\n\t\t\t\t<\/div>\n\t\t\t\t<div class=\"elementor-element elementor-element-aa626fb elementor-widget elementor-widget-spacer\" data-id=\"aa626fb\" data-element_type=\"widget\" data-e-type=\"widget\" data-widget_type=\"spacer.default\">\n\t\t\t\t<div class=\"elementor-widget-container\">\n\t\t\t\t\t\t\t<div class=\"elementor-spacer\">\n\t\t\t<div class=\"elementor-spacer-inner\"><\/div>\n\t\t<\/div>\n\t\t\t\t\t\t<\/div>\n\t\t\t\t<\/div>\n\t\t\t\t<div class=\"elementor-element elementor-element-1063bea elementor-widget elementor-widget-html\" data-id=\"1063bea\" data-element_type=\"widget\" data-e-type=\"widget\" data-widget_type=\"html.default\">\n\t\t\t\t<div class=\"elementor-widget-container\">\n\t\t\t\t\t<div id=\"psJobWidget\"><\/div>\r\n<script src=\"https:\/\/jaegergruppe.jobbase.io\/widget\/iframe.js\"><\/script>\t\t\t\t<\/div>\n\t\t\t\t<\/div>\n\t\t\t\t\t<\/div>\n\t\t<\/div>\n\t\t\t\t\t<\/div>\n\t\t<\/section>\n\t\t\t\t<\/div>\n\t\t","protected":false},"excerpt":{"rendered":"<p>WERDEN SIE TEIL DES J\u00c4GER TEAMS! Stellenangebote In der J\u00c4GER Group bieten wir Ihnen ein attraktives Arbeitsumfeld und vielf\u00e4ltige Jobs mit spannenden Aufgaben. Wir sind weltweit auf der Suche nach neuen Talenten, die uns mit ihrem Expertenwissen in unserem Wachstum unterst\u00fctzen und Teil eines starken Teams sein m\u00f6chten. Werden auch Sie ein J\u00e4ger und wachsen [&hellip;]<\/p>\n","protected":false},"author":3,"featured_media":0,"parent":2103,"menu_order":0,"comment_status":"closed","ping_status":"closed","template":"elementor_header_footer","meta":{"_acf_changed":false,"footnotes":""},"class_list":["post-2279","page","type-page","status-publish","hentry"],"acf":[],"_links":{"self":[{"href":"https:\/\/www.jaegergroup.com\/de\/wp-json\/wp\/v2\/pages\/2279","targetHints":{"allow":["GET"]}}],"collection":[{"href":"https:\/\/www.jaegergroup.com\/de\/wp-json\/wp\/v2\/pages"}],"about":[{"href":"https:\/\/www.jaegergroup.com\/de\/wp-json\/wp\/v2\/types\/page"}],"author":[{"embeddable":true,"href":"https:\/\/www.jaegergroup.com\/de\/wp-json\/wp\/v2\/users\/3"}],"replies":[{"embeddable":true,"href":"https:\/\/www.jaegergroup.com\/de\/wp-json\/wp\/v2\/comments?post=2279"}],"version-history":[{"count":2,"href":"https:\/\/www.jaegergroup.com\/de\/wp-json\/wp\/v2\/pages\/2279\/revisions"}],"predecessor-version":[{"id":128358,"href":"https:\/\/www.jaegergroup.com\/de\/wp-json\/wp\/v2\/pages\/2279\/revisions\/128358"}],"up":[{"embeddable":true,"href":"https:\/\/www.jaegergroup.com\/de\/wp-json\/wp\/v2\/pages\/2103"}],"wp:attachment":[{"href":"https:\/\/www.jaegergroup.com\/de\/wp-json\/wp\/v2\/media?parent=2279"}],"curies":[{"name":"wp","href":"https:\/\/api.w.org\/{rel}","templated":true}]}}