{"id":2642,"date":"2019-11-13T10:52:40","date_gmt":"2019-11-13T10:52:40","guid":{"rendered":"https:\/\/www.jaegergroup.com\/?page_id=2642"},"modified":"2023-04-20T13:31:49","modified_gmt":"2023-04-20T11:31:49","slug":"transportbaender","status":"publish","type":"page","link":"https:\/\/www.jaegergroup.com\/de\/produkte\/materialkombination\/riemen-baender\/transportbaender\/","title":{"rendered":"Transportb\u00e4nder"},"content":{"rendered":"\t\t<div data-elementor-type=\"wp-page\" data-elementor-id=\"2642\" class=\"elementor elementor-2642\" data-elementor-post-type=\"page\">\n\t\t\t\t\t\t<section class=\"has_eae_slider elementor-section elementor-top-section elementor-element elementor-element-a5cb70e elementor-section-full_width elementor-section-height-min-height elementor-section-items-bottom elementor-section-height-default\" data-eae-slider=\"3452\" data-id=\"a5cb70e\" data-element_type=\"section\" data-e-type=\"section\" data-settings=\"{&quot;background_background&quot;:&quot;classic&quot;,&quot;background_motion_fx_motion_fx_scrolling&quot;:&quot;yes&quot;,&quot;background_motion_fx_translateY_effect&quot;:&quot;yes&quot;,&quot;background_motion_fx_translateY_speed&quot;:{&quot;unit&quot;:&quot;px&quot;,&quot;size&quot;:4,&quot;sizes&quot;:[]},&quot;background_motion_fx_translateY_affectedRange&quot;:{&quot;unit&quot;:&quot;%&quot;,&quot;size&quot;:&quot;&quot;,&quot;sizes&quot;:{&quot;start&quot;:0,&quot;end&quot;:100}},&quot;background_motion_fx_devices&quot;:[&quot;desktop&quot;,&quot;tablet&quot;,&quot;mobile&quot;]}\">\n\t\t\t\t\t\t<div class=\"elementor-container elementor-column-gap-default\">\n\t\t\t\t\t<div class=\"has_eae_slider elementor-column elementor-col-100 elementor-top-column elementor-element elementor-element-e7dbd8a\" data-eae-slider=\"58405\" data-id=\"e7dbd8a\" data-element_type=\"column\" data-e-type=\"column\">\n\t\t\t<div class=\"elementor-widget-wrap elementor-element-populated\">\n\t\t\t\t\t\t<div class=\"elementor-element elementor-element-14f360a title-header elementor-widget elementor-widget-heading\" data-id=\"14f360a\" data-element_type=\"widget\" data-e-type=\"widget\" data-widget_type=\"heading.default\">\n\t\t\t\t<div class=\"elementor-widget-container\">\n\t\t\t\t\t<p class=\"elementor-heading-title elementor-size-default\">SAUBERE UMWELT<BR \/>\nMIT UNSEREN B\u00c4NDERN<\/p>\t\t\t\t<\/div>\n\t\t\t\t<\/div>\n\t\t\t\t\t<\/div>\n\t\t<\/div>\n\t\t\t\t\t<\/div>\n\t\t<\/section>\n\t\t\t\t<section class=\"has_eae_slider elementor-section elementor-top-section elementor-element elementor-element-1ef9dc62 elementor-section-full_width page-start set-max-width elementor-section-height-default elementor-section-height-default\" data-eae-slider=\"34135\" data-id=\"1ef9dc62\" data-element_type=\"section\" data-e-type=\"section\">\n\t\t\t\t\t\t<div class=\"elementor-container elementor-column-gap-default\">\n\t\t\t\t\t<div class=\"has_eae_slider elementor-column elementor-col-100 elementor-top-column elementor-element elementor-element-1830b1ea\" data-eae-slider=\"4271\" data-id=\"1830b1ea\" data-element_type=\"column\" data-e-type=\"column\">\n\t\t\t<div class=\"elementor-widget-wrap elementor-element-populated\">\n\t\t\t\t\t\t<div class=\"elementor-element elementor-element-601cb602 headlineGreen elementor-widget elementor-widget-heading\" data-id=\"601cb602\" data-element_type=\"widget\" data-e-type=\"widget\" data-widget_type=\"heading.default\">\n\t\t\t\t<div class=\"elementor-widget-container\">\n\t\t\t\t\t<h1 class=\"elementor-heading-title elementor-size-default\">Transportb\u00e4nder f\u00fcr Recycling- und Entsorgungssysteme<\/h1>\t\t\t\t<\/div>\n\t\t\t\t<\/div>\n\t\t\t\t<div class=\"elementor-element elementor-element-38049055 elementor-widget elementor-widget-text-editor\" data-id=\"38049055\" data-element_type=\"widget\" data-e-type=\"widget\" data-widget_type=\"text-editor.default\">\n\t\t\t\t<div class=\"elementor-widget-container\">\n\t\t\t\t\t\t\t\t\tGerade in der Entsorgungsindustrie sind zukunftsweisende F\u00f6rderl\u00f6sungen zunehmend erforderlich. Die J\u00c4GER Group ist Ihr Entwicklungspartner f\u00fcr Transportb\u00e4nder, Siebb\u00e4nder und F\u00f6rderb\u00e4nder. Wir unterst\u00fctzen Sie mit unseren hochwertigen Produktentwicklungen bei dem Transport unterschiedlichster F\u00f6rdermedien in vielf\u00e4ltigen Anwendungsbereichen.\n\t\t\t\t\t\t\t\t<\/div>\n\t\t\t\t<\/div>\n\t\t\t\t<div class=\"elementor-element elementor-element-4369239f elementor-widget-divider--view-line elementor-widget elementor-widget-divider\" data-id=\"4369239f\" data-element_type=\"widget\" data-e-type=\"widget\" data-widget_type=\"divider.default\">\n\t\t\t\t<div class=\"elementor-widget-container\">\n\t\t\t\t\t\t\t<div class=\"elementor-divider\">\n\t\t\t<span class=\"elementor-divider-separator\">\n\t\t\t\t\t\t<\/span>\n\t\t<\/div>\n\t\t\t\t\t\t<\/div>\n\t\t\t\t<\/div>\n\t\t\t\t\t<\/div>\n\t\t<\/div>\n\t\t\t\t\t<\/div>\n\t\t<\/section>\n\t\t\t\t<section class=\"has_eae_slider elementor-section elementor-top-section elementor-element elementor-element-4409ae0 elementor-section-full_width page-start set-max-width elementor-section-height-default elementor-section-height-default\" data-eae-slider=\"91371\" data-id=\"4409ae0\" data-element_type=\"section\" data-e-type=\"section\">\n\t\t\t\t\t\t<div class=\"elementor-container elementor-column-gap-default\">\n\t\t\t\t\t<div class=\"has_eae_slider elementor-column elementor-col-50 elementor-top-column elementor-element elementor-element-9241c3a\" data-eae-slider=\"14893\" data-id=\"9241c3a\" data-element_type=\"column\" data-e-type=\"column\">\n\t\t\t<div class=\"elementor-widget-wrap elementor-element-populated\">\n\t\t\t\t\t\t<div class=\"elementor-element elementor-element-c0dcbec elementor-widget elementor-widget-text-editor\" data-id=\"c0dcbec\" data-element_type=\"widget\" data-e-type=\"widget\" data-widget_type=\"text-editor.default\">\n\t\t\t\t<div class=\"elementor-widget-container\">\n\t\t\t\t\t\t\t\t\tDie Vorteile unserer Transportb\u00e4nder auf einem Blick:\t\t\t\t\t\t\t\t<\/div>\n\t\t\t\t<\/div>\n\t\t\t\t\t<\/div>\n\t\t<\/div>\n\t\t\t\t<div class=\"has_eae_slider elementor-column elementor-col-50 elementor-top-column elementor-element elementor-element-e307380\" data-eae-slider=\"87670\" data-id=\"e307380\" data-element_type=\"column\" data-e-type=\"column\">\n\t\t\t<div class=\"elementor-widget-wrap elementor-element-populated\">\n\t\t\t\t\t\t<div class=\"elementor-element elementor-element-2bacd998 elementor-icon-list--layout-traditional elementor-list-item-link-full_width elementor-widget elementor-widget-icon-list\" data-id=\"2bacd998\" data-element_type=\"widget\" data-e-type=\"widget\" data-widget_type=\"icon-list.default\">\n\t\t\t\t<div class=\"elementor-widget-container\">\n\t\t\t\t\t\t\t<ul class=\"elementor-icon-list-items\">\n\t\t\t\t\t\t\t<li class=\"elementor-icon-list-item\">\n\t\t\t\t\t\t\t\t\t\t\t<span class=\"elementor-icon-list-icon\">\n\t\t\t\t\t\t\t<i aria-hidden=\"true\" class=\"fas fa-check\"><\/i>\t\t\t\t\t\t<\/span>\n\t\t\t\t\t\t\t\t\t\t<span class=\"elementor-icon-list-text\">Hohe Geschwindigkeiten m\u00f6glich<\/span>\n\t\t\t\t\t\t\t\t\t<\/li>\n\t\t\t\t\t\t\t\t<li class=\"elementor-icon-list-item\">\n\t\t\t\t\t\t\t\t\t\t\t<span class=\"elementor-icon-list-icon\">\n\t\t\t\t\t\t\t<i aria-hidden=\"true\" class=\"fas fa-check\"><\/i>\t\t\t\t\t\t<\/span>\n\t\t\t\t\t\t\t\t\t\t<span class=\"elementor-icon-list-text\">Ruhiger Bandlauf in der Maschine<\/span>\n\t\t\t\t\t\t\t\t\t<\/li>\n\t\t\t\t\t\t\t\t<li class=\"elementor-icon-list-item\">\n\t\t\t\t\t\t\t\t\t\t\t<span class=\"elementor-icon-list-icon\">\n\t\t\t\t\t\t\t<i aria-hidden=\"true\" class=\"fas fa-check\"><\/i>\t\t\t\t\t\t<\/span>\n\t\t\t\t\t\t\t\t\t\t<span class=\"elementor-icon-list-text\">Energieeffizient gegen\u00fcber Stahlketten<\/span>\n\t\t\t\t\t\t\t\t\t<\/li>\n\t\t\t\t\t\t<\/ul>\n\t\t\t\t\t\t<\/div>\n\t\t\t\t<\/div>\n\t\t\t\t\t<\/div>\n\t\t<\/div>\n\t\t\t\t\t<\/div>\n\t\t<\/section>\n\t\t\t\t<section class=\"has_eae_slider elementor-section elementor-top-section elementor-element elementor-element-618f43ec elementor-section-full_width gray-seperator elementor-section-height-default elementor-section-height-default\" data-eae-slider=\"53231\" data-id=\"618f43ec\" data-element_type=\"section\" data-e-type=\"section\">\n\t\t\t\t\t\t<div class=\"elementor-container elementor-column-gap-default\">\n\t\t\t\t\t<div class=\"has_eae_slider elementor-column elementor-col-100 elementor-top-column elementor-element elementor-element-399a4b64\" data-eae-slider=\"99022\" data-id=\"399a4b64\" data-element_type=\"column\" data-e-type=\"column\">\n\t\t\t<div class=\"elementor-widget-wrap elementor-element-populated\">\n\t\t\t\t\t\t<div class=\"elementor-element elementor-element-57fa4370 elementor-widget-divider--view-line elementor-widget elementor-widget-divider\" data-id=\"57fa4370\" data-element_type=\"widget\" data-e-type=\"widget\" data-widget_type=\"divider.default\">\n\t\t\t\t<div class=\"elementor-widget-container\">\n\t\t\t\t\t\t\t<div class=\"elementor-divider\">\n\t\t\t<span class=\"elementor-divider-separator\">\n\t\t\t\t\t\t<\/span>\n\t\t<\/div>\n\t\t\t\t\t\t<\/div>\n\t\t\t\t<\/div>\n\t\t\t\t\t<\/div>\n\t\t<\/div>\n\t\t\t\t\t<\/div>\n\t\t<\/section>\n\t\t\t\t<section class=\"has_eae_slider elementor-section elementor-top-section elementor-element elementor-element-380a8ea6 elementor-section-full_width elementor-section-stretched set-max-width elementor-section-height-default elementor-section-height-default\" data-eae-slider=\"59046\" data-id=\"380a8ea6\" data-element_type=\"section\" data-e-type=\"section\" data-settings=\"{&quot;stretch_section&quot;:&quot;section-stretched&quot;}\">\n\t\t\t\t\t\t<div class=\"elementor-container elementor-column-gap-default\">\n\t\t\t\t\t<div class=\"has_eae_slider elementor-column elementor-col-50 elementor-top-column elementor-element elementor-element-1f43c8d8\" data-eae-slider=\"3438\" data-id=\"1f43c8d8\" data-element_type=\"column\" data-e-type=\"column\">\n\t\t\t<div class=\"elementor-widget-wrap elementor-element-populated\">\n\t\t\t\t\t\t<div class=\"elementor-element elementor-element-7a451e56 elementor-widget elementor-widget-heading\" data-id=\"7a451e56\" data-element_type=\"widget\" data-e-type=\"widget\" data-widget_type=\"heading.default\">\n\t\t\t\t<div class=\"elementor-widget-container\">\n\t\t\t\t\t<h2 class=\"elementor-heading-title elementor-size-default\">Transportb\u00e4nder f\u00fcr Strandreinigungsmaschinen<\/h2>\t\t\t\t<\/div>\n\t\t\t\t<\/div>\n\t\t\t\t<div class=\"elementor-element elementor-element-5b997b7d elementor-widget elementor-widget-text-editor\" data-id=\"5b997b7d\" data-element_type=\"widget\" data-e-type=\"widget\" data-widget_type=\"text-editor.default\">\n\t\t\t\t<div class=\"elementor-widget-container\">\n\t\t\t\t\t\t\t\t\t<p>Wir statten zum Beispiel Strandreinigungsmaschinen mit unseren Transportb\u00e4ndern aus. Diese sorgen bereits seit vielen Jahren im t\u00e4glichen Einsatz in K\u00fcstengebieten f\u00fcr saubere Str\u00e4nde. Durch unsere Recycling- und Entsorgungssysteme wird im Reinigungsverfahren der verschmutzte Sand mit einem Siebband aufgenommen, der Sand wird abgesiebt und f\u00e4llt anschlie\u00dfend zur\u00fcck in den Strand. Abfall wie Flaschen und andere gr\u00f6\u00dfere Partikel werden gesondert abgef\u00fchrt.\u00a0<br \/><br \/>Mit unseren Riemen und den unterschiedlichen Teilungen der Stababst\u00e4nde bieten wir Ihnen bestm\u00f6glichen Einfluss auf die Qualit\u00e4t der gesiebten Fl\u00e4chen. Schwere und scharfkantige Steine, Metalle und organische Stoffe k\u00f6nnen ohne Probleme aufgenommen werden.<\/p>\t\t\t\t\t\t\t\t<\/div>\n\t\t\t\t<\/div>\n\t\t\t\t\t<\/div>\n\t\t<\/div>\n\t\t\t\t<div class=\"has_eae_slider elementor-column elementor-col-50 elementor-top-column elementor-element elementor-element-14a87dc\" data-eae-slider=\"76533\" data-id=\"14a87dc\" data-element_type=\"column\" data-e-type=\"column\">\n\t\t\t<div class=\"elementor-widget-wrap elementor-element-populated\">\n\t\t\t\t\t\t<div class=\"elementor-element elementor-element-7129ba8a elementor-widget elementor-widget-image\" data-id=\"7129ba8a\" data-element_type=\"widget\" data-e-type=\"widget\" data-widget_type=\"image.default\">\n\t\t\t\t<div class=\"elementor-widget-container\">\n\t\t\t\t\t\t\t\t\t\t\t\t\t\t\t<img fetchpriority=\"high\" decoding=\"async\" width=\"768\" height=\"457\" src=\"https:\/\/www.jaegergroup.com\/wp-content\/uploads\/pixxio\/Jaeger Group\/Strandreinigung-Maschine-Transportband-768x457.jpg\" class=\"attachment-medium_large size-medium_large wp-image-53727\" alt=\"Maschine f\u00fcr die Strandreinigung\" srcset=\"https:\/\/www.jaegergroup.com\/wp-content\/uploads\/pixxio\/Jaeger%20Group\/Strandreinigung-Maschine-Transportband-768x457.jpg 768w, https:\/\/www.jaegergroup.com\/wp-content\/uploads\/pixxio\/Jaeger%20Group\/Strandreinigung-Maschine-Transportband-300x179.jpg 300w, https:\/\/www.jaegergroup.com\/wp-content\/uploads\/pixxio\/Jaeger%20Group\/Strandreinigung-Maschine-Transportband-1024x610.jpg 1024w, https:\/\/www.jaegergroup.com\/wp-content\/uploads\/pixxio\/Jaeger%20Group\/Strandreinigung-Maschine-Transportband-1536x914.jpg 1536w, https:\/\/www.jaegergroup.com\/wp-content\/uploads\/pixxio\/Jaeger%20Group\/Strandreinigung-Maschine-Transportband.jpg 1920w\" sizes=\"(max-width: 768px) 100vw, 768px\" \/>\t\t\t\t\t\t\t\t\t\t\t\t\t\t\t<\/div>\n\t\t\t\t<\/div>\n\t\t\t\t<div class=\"elementor-element elementor-element-54fb4884 elementor-hidden-phone elementor-widget elementor-widget-spacer\" data-id=\"54fb4884\" data-element_type=\"widget\" data-e-type=\"widget\" data-widget_type=\"spacer.default\">\n\t\t\t\t<div class=\"elementor-widget-container\">\n\t\t\t\t\t\t\t<div class=\"elementor-spacer\">\n\t\t\t<div class=\"elementor-spacer-inner\"><\/div>\n\t\t<\/div>\n\t\t\t\t\t\t<\/div>\n\t\t\t\t<\/div>\n\t\t\t\t\t<\/div>\n\t\t<\/div>\n\t\t\t\t\t<\/div>\n\t\t<\/section>\n\t\t\t\t<section class=\"has_eae_slider elementor-section elementor-top-section elementor-element elementor-element-fe6fb92 elementor-section-full_width gray-seperator elementor-section-height-default elementor-section-height-default\" data-eae-slider=\"61870\" data-id=\"fe6fb92\" data-element_type=\"section\" data-e-type=\"section\">\n\t\t\t\t\t\t<div class=\"elementor-container elementor-column-gap-default\">\n\t\t\t\t\t<div class=\"has_eae_slider elementor-column elementor-col-100 elementor-top-column elementor-element elementor-element-02f8b49\" data-eae-slider=\"52080\" data-id=\"02f8b49\" data-element_type=\"column\" data-e-type=\"column\">\n\t\t\t<div class=\"elementor-widget-wrap elementor-element-populated\">\n\t\t\t\t\t\t<div class=\"elementor-element elementor-element-fd620a0 elementor-widget-divider--view-line elementor-widget elementor-widget-divider\" data-id=\"fd620a0\" data-element_type=\"widget\" data-e-type=\"widget\" data-widget_type=\"divider.default\">\n\t\t\t\t<div class=\"elementor-widget-container\">\n\t\t\t\t\t\t\t<div class=\"elementor-divider\">\n\t\t\t<span class=\"elementor-divider-separator\">\n\t\t\t\t\t\t<\/span>\n\t\t<\/div>\n\t\t\t\t\t\t<\/div>\n\t\t\t\t<\/div>\n\t\t\t\t\t<\/div>\n\t\t<\/div>\n\t\t\t\t\t<\/div>\n\t\t<\/section>\n\t\t\t\t<section class=\"has_eae_slider elementor-section elementor-top-section elementor-element elementor-element-cced9f6 elementor-section-full_width set-max-width elementor-section-height-default elementor-section-height-default\" data-eae-slider=\"5335\" data-id=\"cced9f6\" data-element_type=\"section\" data-e-type=\"section\">\n\t\t\t\t\t\t<div class=\"elementor-container elementor-column-gap-default\">\n\t\t\t\t\t<div class=\"has_eae_slider elementor-column elementor-col-100 elementor-top-column elementor-element elementor-element-e349915\" data-eae-slider=\"2414\" data-id=\"e349915\" data-element_type=\"column\" data-e-type=\"column\">\n\t\t\t<div class=\"elementor-widget-wrap elementor-element-populated\">\n\t\t\t\t\t\t<div class=\"elementor-element elementor-element-107e012 elementor-widget elementor-widget-text-editor\" data-id=\"107e012\" data-element_type=\"widget\" data-e-type=\"widget\" data-widget_type=\"text-editor.default\">\n\t\t\t\t<div class=\"elementor-widget-container\">\n\t\t\t\t\t\t\t\t\t<p style=\"text-align: center;\">Kontaktieren Sie unsere Experten:<\/p>\t\t\t\t\t\t\t\t<\/div>\n\t\t\t\t<\/div>\n\t\t\t\t\t<\/div>\n\t\t<\/div>\n\t\t\t\t\t<\/div>\n\t\t<\/section>\n\t\t\t\t<section class=\"has_eae_slider elementor-section elementor-top-section elementor-element elementor-element-639363f elementor-section-full_width centered-columns elementor-section-height-default elementor-section-height-default\" data-eae-slider=\"78959\" data-id=\"639363f\" data-element_type=\"section\" data-e-type=\"section\">\n\t\t\t\t\t\t<div class=\"elementor-container elementor-column-gap-default\">\n\t\t\t\t\t<div class=\"has_eae_slider elementor-column elementor-col-25 elementor-top-column elementor-element elementor-element-52ddce81 box-contact elementor-hidden-tablet elementor-hidden-phone\" data-eae-slider=\"96109\" data-id=\"52ddce81\" data-element_type=\"column\" data-e-type=\"column\" data-settings=\"{&quot;background_background&quot;:&quot;classic&quot;}\">\n\t\t\t<div class=\"elementor-widget-wrap\">\n\t\t\t\t\t\t\t<\/div>\n\t\t<\/div>\n\t\t\t\t<div class=\"has_eae_slider elementor-column elementor-col-25 elementor-top-column elementor-element elementor-element-2e32b14a box-contact\" data-eae-slider=\"50917\" data-id=\"2e32b14a\" data-element_type=\"column\" data-e-type=\"column\" data-settings=\"{&quot;background_background&quot;:&quot;classic&quot;}\">\n\t\t\t<div class=\"elementor-widget-wrap elementor-element-populated\">\n\t\t\t\t\t\t<div class=\"elementor-element elementor-element-16667be0 elementor-widget elementor-widget-image\" data-id=\"16667be0\" data-element_type=\"widget\" data-e-type=\"widget\" data-widget_type=\"image.default\">\n\t\t\t\t<div class=\"elementor-widget-container\">\n\t\t\t\t\t\t\t\t\t\t\t\t\t\t\t\t<a href=\"https:\/\/www.artemis-kautschuk.de\/de\/index.php\" target=\"_blank\" rel=\"noopener\">\n\t\t\t\t\t\t\t<img decoding=\"async\" src=\"https:\/\/www.jaegergroup.com\/wp-content\/uploads\/pixxio\/Versteckt\/logo-borderless-artemis-kautschuk-und-kunststoff.png\" title=\"logo-borderless-artemis-kautschuk-und-kunststoff\" alt=\"logo-borderless-artemis-kautschuk-und-kunststoff\" loading=\"lazy\" \/>\t\t\t\t\t\t\t\t<\/a>\n\t\t\t\t\t\t\t\t\t\t\t\t\t\t\t<\/div>\n\t\t\t\t<\/div>\n\t\t\t\t<div class=\"elementor-element elementor-element-26b91c93 elementor-widget-divider--view-line elementor-widget elementor-widget-divider\" data-id=\"26b91c93\" data-element_type=\"widget\" data-e-type=\"widget\" data-widget_type=\"divider.default\">\n\t\t\t\t<div class=\"elementor-widget-container\">\n\t\t\t\t\t\t\t<div class=\"elementor-divider\">\n\t\t\t<span class=\"elementor-divider-separator\">\n\t\t\t\t\t\t<\/span>\n\t\t<\/div>\n\t\t\t\t\t\t<\/div>\n\t\t\t\t<\/div>\n\t\t\t\t<div class=\"elementor-element elementor-element-17838a1c elementor-widget elementor-widget-text-editor\" data-id=\"17838a1c\" data-element_type=\"widget\" data-e-type=\"widget\" data-widget_type=\"text-editor.default\">\n\t\t\t\t<div class=\"elementor-widget-container\">\n\t\t\t\t\t\t\t\t\t<p style=\"text-align: center;\">Vertrieb<\/p>\t\t\t\t\t\t\t\t<\/div>\n\t\t\t\t<\/div>\n\t\t\t\t<div class=\"elementor-element elementor-element-2d1da251 elementor-widget elementor-widget-image\" data-id=\"2d1da251\" data-element_type=\"widget\" data-e-type=\"widget\" data-widget_type=\"image.default\">\n\t\t\t\t<div class=\"elementor-widget-container\">\n\t\t\t\t\t\t\t\t\t\t\t\t\t\t\t<img decoding=\"async\" width=\"150\" height=\"150\" src=\"https:\/\/www.jaegergroup.com\/wp-content\/uploads\/pixxio\/Jaeger Group\/Rainer-Schmoelling-e1617197172431-150x150.jpg\" class=\"attachment-thumbnail size-thumbnail wp-image-54129\" alt=\"Vertrieb Rainer Schm\u00f6lling\" srcset=\"https:\/\/www.jaegergroup.com\/wp-content\/uploads\/pixxio\/Jaeger%20Group\/Rainer-Schmoelling-e1617197172431-150x150.jpg 150w, https:\/\/www.jaegergroup.com\/wp-content\/uploads\/pixxio\/Jaeger%20Group\/Rainer-Schmoelling-e1617197172431-300x300.jpg 300w, https:\/\/www.jaegergroup.com\/wp-content\/uploads\/pixxio\/Jaeger%20Group\/Rainer-Schmoelling-e1617197172431-768x768.jpg 768w, https:\/\/www.jaegergroup.com\/wp-content\/uploads\/pixxio\/Jaeger%20Group\/Rainer-Schmoelling-e1617197172431.jpg 964w\" sizes=\"(max-width: 150px) 100vw, 150px\" \/>\t\t\t\t\t\t\t\t\t\t\t\t\t\t\t<\/div>\n\t\t\t\t<\/div>\n\t\t\t\t<div class=\"elementor-element elementor-element-677efffe elementor-widget elementor-widget-heading\" data-id=\"677efffe\" data-element_type=\"widget\" data-e-type=\"widget\" data-widget_type=\"heading.default\">\n\t\t\t\t<div class=\"elementor-widget-container\">\n\t\t\t\t\t<h2 class=\"elementor-heading-title elementor-size-default\">R. Schm\u00f6lling<\/h2>\t\t\t\t<\/div>\n\t\t\t\t<\/div>\n\t\t\t\t<div class=\"elementor-element elementor-element-3d201cbe elementor-widget elementor-widget-text-editor\" data-id=\"3d201cbe\" data-element_type=\"widget\" data-e-type=\"widget\" data-widget_type=\"text-editor.default\">\n\t\t\t\t<div class=\"elementor-widget-container\">\n\t\t\t\t\t\t\t\t\t<p style=\"text-align: center;\">Tel. <a href=\"tel:+49 511 \u2013 9592836\">+49 511 \u2013 9592836<\/a><br \/><a href=\"mailto:r.schmoelling@artemis-kautschuk.de\">r.schmoelling@artemis-kautschuk.de<\/a><\/p>\t\t\t\t\t\t\t\t<\/div>\n\t\t\t\t<\/div>\n\t\t\t\t\t<\/div>\n\t\t<\/div>\n\t\t\t\t<div class=\"has_eae_slider elementor-column elementor-col-25 elementor-top-column elementor-element elementor-element-55884759 box-contact\" data-eae-slider=\"56457\" data-id=\"55884759\" data-element_type=\"column\" data-e-type=\"column\" data-settings=\"{&quot;background_background&quot;:&quot;classic&quot;}\">\n\t\t\t<div class=\"elementor-widget-wrap elementor-element-populated\">\n\t\t\t\t\t\t<div class=\"elementor-element elementor-element-62da25f8 elementor-widget elementor-widget-image\" data-id=\"62da25f8\" data-element_type=\"widget\" data-e-type=\"widget\" data-widget_type=\"image.default\">\n\t\t\t\t<div class=\"elementor-widget-container\">\n\t\t\t\t\t\t\t\t\t\t\t\t\t\t\t\t<a href=\"https:\/\/www.wg-siebketten.de\" target=\"_blank\" rel=\"noopener\">\n\t\t\t\t\t\t\t<img decoding=\"async\" src=\"https:\/\/www.jaegergroup.com\/wp-content\/uploads\/pixxio\/Versteckt\/logo-borderless-windgassen.png\" title=\"logo-borderless-windgassen\" alt=\"logo-borderless-windgassen\" loading=\"lazy\" \/>\t\t\t\t\t\t\t\t<\/a>\n\t\t\t\t\t\t\t\t\t\t\t\t\t\t\t<\/div>\n\t\t\t\t<\/div>\n\t\t\t\t<div class=\"elementor-element elementor-element-3603ca8f elementor-widget-divider--view-line elementor-widget elementor-widget-divider\" data-id=\"3603ca8f\" data-element_type=\"widget\" data-e-type=\"widget\" data-widget_type=\"divider.default\">\n\t\t\t\t<div class=\"elementor-widget-container\">\n\t\t\t\t\t\t\t<div class=\"elementor-divider\">\n\t\t\t<span class=\"elementor-divider-separator\">\n\t\t\t\t\t\t<\/span>\n\t\t<\/div>\n\t\t\t\t\t\t<\/div>\n\t\t\t\t<\/div>\n\t\t\t\t<div class=\"elementor-element elementor-element-6a8fb577 elementor-widget elementor-widget-text-editor\" data-id=\"6a8fb577\" data-element_type=\"widget\" data-e-type=\"widget\" data-widget_type=\"text-editor.default\">\n\t\t\t\t<div class=\"elementor-widget-container\">\n\t\t\t\t\t\t\t\t\t<p style=\"text-align: center;\">Vertrieb<\/p>\t\t\t\t\t\t\t\t<\/div>\n\t\t\t\t<\/div>\n\t\t\t\t<div class=\"elementor-element elementor-element-5c0e7ac0 elementor-widget elementor-widget-image\" data-id=\"5c0e7ac0\" data-element_type=\"widget\" data-e-type=\"widget\" data-widget_type=\"image.default\">\n\t\t\t\t<div class=\"elementor-widget-container\">\n\t\t\t\t\t\t\t\t\t\t\t\t\t\t\t<img decoding=\"async\" width=\"150\" height=\"150\" src=\"https:\/\/www.jaegergroup.com\/wp-content\/uploads\/pixxio\/Jaeger Group\/Icon-Kontaktperson-150x150.png\" class=\"attachment-thumbnail size-thumbnail wp-image-55101\" alt=\"\/products\/plastics\/plastic-solutions\/plastic-molded-parts\/\" srcset=\"https:\/\/www.jaegergroup.com\/wp-content\/uploads\/pixxio\/Jaeger%20Group\/Icon-Kontaktperson-150x150.png 150w, https:\/\/www.jaegergroup.com\/wp-content\/uploads\/pixxio\/Jaeger%20Group\/Icon-Kontaktperson.png 200w\" sizes=\"(max-width: 150px) 100vw, 150px\" \/>\t\t\t\t\t\t\t\t\t\t\t\t\t\t\t<\/div>\n\t\t\t\t<\/div>\n\t\t\t\t<div class=\"elementor-element elementor-element-8dafce5 elementor-widget elementor-widget-heading\" data-id=\"8dafce5\" data-element_type=\"widget\" data-e-type=\"widget\" data-widget_type=\"heading.default\">\n\t\t\t\t<div class=\"elementor-widget-container\">\n\t\t\t\t\t<h2 class=\"elementor-heading-title elementor-size-default\">A. Timmerberg<\/h2>\t\t\t\t<\/div>\n\t\t\t\t<\/div>\n\t\t\t\t<div class=\"elementor-element elementor-element-4b8cbbbb elementor-widget elementor-widget-text-editor\" data-id=\"4b8cbbbb\" data-element_type=\"widget\" data-e-type=\"widget\" data-widget_type=\"text-editor.default\">\n\t\t\t\t<div class=\"elementor-widget-container\">\n\t\t\t\t\t\t\t\t\t<p style=\"text-align: center;\">Tel. <a href=\"tel:+49 5254 \u2013 9909311\">+49 5254 \u2013 9909311<\/a><br \/><a href=\"mailto:a.timmerberg@wg-siebketten.de\">a.timmerberg@wg-siebketten.de<\/a><\/p>\t\t\t\t\t\t\t\t<\/div>\n\t\t\t\t<\/div>\n\t\t\t\t\t<\/div>\n\t\t<\/div>\n\t\t\t\t<div class=\"has_eae_slider elementor-column elementor-col-25 elementor-top-column elementor-element elementor-element-695140a4 box-contact elementor-hidden-tablet elementor-hidden-phone\" data-eae-slider=\"25043\" data-id=\"695140a4\" data-element_type=\"column\" data-e-type=\"column\" data-settings=\"{&quot;background_background&quot;:&quot;classic&quot;}\">\n\t\t\t<div class=\"elementor-widget-wrap\">\n\t\t\t\t\t\t\t<\/div>\n\t\t<\/div>\n\t\t\t\t\t<\/div>\n\t\t<\/section>\n\t\t\t\t<\/div>\n\t\t","protected":false},"excerpt":{"rendered":"<p>SAUBERE UMWELT MIT UNSEREN B\u00c4NDERN Transportb\u00e4nder f\u00fcr Recycling- und Entsorgungssysteme Gerade in der Entsorgungsindustrie sind zukunftsweisende F\u00f6rderl\u00f6sungen zunehmend erforderlich. Die J\u00c4GER Group ist Ihr Entwicklungspartner f\u00fcr Transportb\u00e4nder, Siebb\u00e4nder und F\u00f6rderb\u00e4nder. Wir unterst\u00fctzen Sie mit unseren hochwertigen Produktentwicklungen bei dem Transport unterschiedlichster F\u00f6rdermedien in vielf\u00e4ltigen Anwendungsbereichen. Die Vorteile unserer Transportb\u00e4nder auf einem Blick: Hohe Geschwindigkeiten m\u00f6glich [&hellip;]<\/p>\n","protected":false},"author":18,"featured_media":0,"parent":2624,"menu_order":1,"comment_status":"closed","ping_status":"closed","template":"","meta":{"_acf_changed":false,"footnotes":""},"class_list":["post-2642","page","type-page","status-publish","hentry"],"acf":[],"_links":{"self":[{"href":"https:\/\/www.jaegergroup.com\/de\/wp-json\/wp\/v2\/pages\/2642","targetHints":{"allow":["GET"]}}],"collection":[{"href":"https:\/\/www.jaegergroup.com\/de\/wp-json\/wp\/v2\/pages"}],"about":[{"href":"https:\/\/www.jaegergroup.com\/de\/wp-json\/wp\/v2\/types\/page"}],"author":[{"embeddable":true,"href":"https:\/\/www.jaegergroup.com\/de\/wp-json\/wp\/v2\/users\/18"}],"replies":[{"embeddable":true,"href":"https:\/\/www.jaegergroup.com\/de\/wp-json\/wp\/v2\/comments?post=2642"}],"version-history":[{"count":0,"href":"https:\/\/www.jaegergroup.com\/de\/wp-json\/wp\/v2\/pages\/2642\/revisions"}],"up":[{"embeddable":true,"href":"https:\/\/www.jaegergroup.com\/de\/wp-json\/wp\/v2\/pages\/2624"}],"wp:attachment":[{"href":"https:\/\/www.jaegergroup.com\/de\/wp-json\/wp\/v2\/media?parent=2642"}],"curies":[{"name":"wp","href":"https:\/\/api.w.org\/{rel}","templated":true}]}}