{"id":2648,"date":"2019-11-13T10:53:11","date_gmt":"2019-11-13T10:53:11","guid":{"rendered":"https:\/\/www.jaegergroup.com\/?page_id=2648"},"modified":"2022-04-19T09:48:11","modified_gmt":"2022-04-19T07:48:11","slug":"vorschubbaender","status":"publish","type":"page","link":"https:\/\/www.jaegergroup.com\/de\/produkte\/materialkombination\/riemen-baender\/vorschubbaender\/","title":{"rendered":"Vorschubb\u00e4nder"},"content":{"rendered":"\t\t<div data-elementor-type=\"wp-page\" data-elementor-id=\"2648\" class=\"elementor elementor-2648\" data-elementor-post-type=\"page\">\n\t\t\t\t\t\t<section class=\"has_eae_slider elementor-section elementor-top-section elementor-element elementor-element-d7d3e73 elementor-section-full_width elementor-section-height-min-height elementor-section-items-bottom elementor-section-height-default\" data-eae-slider=\"10526\" data-id=\"d7d3e73\" data-element_type=\"section\" data-e-type=\"section\" data-settings=\"{&quot;background_background&quot;:&quot;classic&quot;,&quot;background_motion_fx_motion_fx_scrolling&quot;:&quot;yes&quot;,&quot;background_motion_fx_translateY_effect&quot;:&quot;yes&quot;,&quot;background_motion_fx_translateY_speed&quot;:{&quot;unit&quot;:&quot;px&quot;,&quot;size&quot;:4,&quot;sizes&quot;:[]},&quot;background_motion_fx_translateY_affectedRange&quot;:{&quot;unit&quot;:&quot;%&quot;,&quot;size&quot;:&quot;&quot;,&quot;sizes&quot;:{&quot;start&quot;:0,&quot;end&quot;:100}},&quot;background_motion_fx_devices&quot;:[&quot;desktop&quot;,&quot;tablet&quot;,&quot;mobile&quot;]}\">\n\t\t\t\t\t\t<div class=\"elementor-container elementor-column-gap-default\">\n\t\t\t\t\t<div class=\"has_eae_slider elementor-column elementor-col-100 elementor-top-column elementor-element elementor-element-0a804b3\" data-eae-slider=\"53256\" data-id=\"0a804b3\" data-element_type=\"column\" data-e-type=\"column\">\n\t\t\t<div class=\"elementor-widget-wrap elementor-element-populated\">\n\t\t\t\t\t\t<div class=\"elementor-element elementor-element-7522a95 title-header elementor-widget elementor-widget-heading\" data-id=\"7522a95\" data-element_type=\"widget\" data-e-type=\"widget\" data-widget_type=\"heading.default\">\n\t\t\t\t<div class=\"elementor-widget-container\">\n\t\t\t\t\t<p class=\"elementor-heading-title elementor-size-default\">DER LETZTE<BR \/>\nSCHLIFF<\/p>\t\t\t\t<\/div>\n\t\t\t\t<\/div>\n\t\t\t\t\t<\/div>\n\t\t<\/div>\n\t\t\t\t\t<\/div>\n\t\t<\/section>\n\t\t\t\t<section class=\"has_eae_slider elementor-section elementor-top-section elementor-element elementor-element-1c20947 elementor-section-full_width elementor-hidden-tablet elementor-hidden-phone elementor-section-height-default elementor-section-height-default\" data-eae-slider=\"84348\" data-id=\"1c20947\" data-element_type=\"section\" data-e-type=\"section\">\n\t\t\t\t\t\t<div class=\"elementor-container elementor-column-gap-default\">\n\t\t\t\t\t<div class=\"has_eae_slider elementor-column elementor-col-100 elementor-top-column elementor-element elementor-element-bddb73e\" data-eae-slider=\"20833\" data-id=\"bddb73e\" data-element_type=\"column\" data-e-type=\"column\">\n\t\t\t<div class=\"elementor-widget-wrap elementor-element-populated\">\n\t\t\t\t\t\t<div class=\"elementor-element elementor-element-446de7c elementor-absolute iso-grafic elementor-widget elementor-widget-image\" data-id=\"446de7c\" data-element_type=\"widget\" data-e-type=\"widget\" data-settings=\"{&quot;_position&quot;:&quot;absolute&quot;}\" data-widget_type=\"image.default\">\n\t\t\t\t<div class=\"elementor-widget-container\">\n\t\t\t\t\t\t\t\t\t\t\t\t\t\t\t<img fetchpriority=\"high\" decoding=\"async\" width=\"300\" height=\"300\" src=\"https:\/\/www.jaegergroup.com\/wp-content\/uploads\/2021\/01\/isometrische-ansicht-Vorschubband.svg\" class=\"attachment-medium size-medium wp-image-57721\" alt=\"\" srcset=\"https:\/\/www.jaegergroup.com\/wp-content\/uploads\/\/2021\/01\/isometrische-ansicht-Vorschubband.svg 150w, https:\/\/www.jaegergroup.com\/wp-content\/uploads\/\/2021\/01\/isometrische-ansicht-Vorschubband.svg 300w, https:\/\/www.jaegergroup.com\/wp-content\/uploads\/\/2021\/01\/isometrische-ansicht-Vorschubband.svg 1024w, https:\/\/www.jaegergroup.com\/wp-content\/uploads\/\/2021\/01\/isometrische-ansicht-Vorschubband.svg 1536w, https:\/\/www.jaegergroup.com\/wp-content\/uploads\/\/2021\/01\/isometrische-ansicht-Vorschubband.svg 2048w\" sizes=\"(max-width: 300px) 100vw, 300px\" \/>\t\t\t\t\t\t\t\t\t\t\t\t\t\t\t<\/div>\n\t\t\t\t<\/div>\n\t\t\t\t\t<\/div>\n\t\t<\/div>\n\t\t\t\t\t<\/div>\n\t\t<\/section>\n\t\t\t\t<section class=\"has_eae_slider elementor-section elementor-top-section elementor-element elementor-element-75dc4d47 elementor-section-full_width page-start set-max-width elementor-section-height-default elementor-section-height-default\" data-eae-slider=\"55251\" data-id=\"75dc4d47\" data-element_type=\"section\" data-e-type=\"section\">\n\t\t\t\t\t\t<div class=\"elementor-container elementor-column-gap-default\">\n\t\t\t\t\t<div class=\"has_eae_slider elementor-column elementor-col-100 elementor-top-column elementor-element elementor-element-5aea7a23\" data-eae-slider=\"30290\" data-id=\"5aea7a23\" data-element_type=\"column\" data-e-type=\"column\">\n\t\t\t<div class=\"elementor-widget-wrap elementor-element-populated\">\n\t\t\t\t\t\t<div class=\"elementor-element elementor-element-1728e2b9 headlineGreen elementor-widget elementor-widget-heading\" data-id=\"1728e2b9\" data-element_type=\"widget\" data-e-type=\"widget\" data-widget_type=\"heading.default\">\n\t\t\t\t<div class=\"elementor-widget-container\">\n\t\t\t\t\t<h1 class=\"elementor-heading-title elementor-size-default\">Vorschubb\u00e4nder f\u00fcr Breitbandschleifmaschinen in der Holz- und Metallindustrie\n<\/h1>\t\t\t\t<\/div>\n\t\t\t\t<\/div>\n\t\t\t\t<div class=\"elementor-element elementor-element-2e40458f elementor-widget elementor-widget-text-editor\" data-id=\"2e40458f\" data-element_type=\"widget\" data-e-type=\"widget\" data-widget_type=\"text-editor.default\">\n\t\t\t\t<div class=\"elementor-widget-container\">\n\t\t\t\t\t\t\t\t\t<p>Die Artemis-Vorschubb\u00e4nder wurden in enger Zusammenarbeit mit den Anwendern und Herstellern von Breitband- und B\u00fcrstenschleifmaschinen f\u00fcr die spezifischen Bed\u00fcrfnisse der Holz- und Metallbearbeitenden Industrie entwickelt. F\u00fcr Anwendungen im Handwerk bis hin zu h\u00f6chsten Belastungen im Dreischichtbetrieb in der M\u00f6belindustrie bietet Artemis das passende Produkt f\u00fcr Ihre Holzbearbeitungsmaschine. Schrankteile, Bett-Teile, Arbeitsplatten, K\u00fcchenteile und mehr M\u00f6belteile lassen sich dank unserer Vorschubb\u00e4nder perfekt schleifen.<\/p>\t\t\t\t\t\t\t\t<\/div>\n\t\t\t\t<\/div>\n\t\t\t\t<div class=\"elementor-element elementor-element-86012f2 elementor-widget-divider--view-line elementor-widget elementor-widget-divider\" data-id=\"86012f2\" data-element_type=\"widget\" data-e-type=\"widget\" data-widget_type=\"divider.default\">\n\t\t\t\t<div class=\"elementor-widget-container\">\n\t\t\t\t\t\t\t<div class=\"elementor-divider\">\n\t\t\t<span class=\"elementor-divider-separator\">\n\t\t\t\t\t\t<\/span>\n\t\t<\/div>\n\t\t\t\t\t\t<\/div>\n\t\t\t\t<\/div>\n\t\t\t\t\t<\/div>\n\t\t<\/div>\n\t\t\t\t\t<\/div>\n\t\t<\/section>\n\t\t\t\t<section class=\"has_eae_slider elementor-section elementor-top-section elementor-element elementor-element-4803934b elementor-section-full_width elementor-section-stretched elementor-reverse-tablet elementor-reverse-mobile set-max-width elementor-section-height-default elementor-section-height-default\" data-eae-slider=\"89869\" data-id=\"4803934b\" data-element_type=\"section\" data-e-type=\"section\" data-settings=\"{&quot;stretch_section&quot;:&quot;section-stretched&quot;}\">\n\t\t\t\t\t\t<div class=\"elementor-container elementor-column-gap-default\">\n\t\t\t\t\t<div class=\"has_eae_slider elementor-column elementor-col-50 elementor-top-column elementor-element elementor-element-50a859a8\" data-eae-slider=\"94204\" data-id=\"50a859a8\" data-element_type=\"column\" data-e-type=\"column\">\n\t\t\t<div class=\"elementor-widget-wrap elementor-element-populated\">\n\t\t\t\t\t\t<div class=\"elementor-element elementor-element-5ee6631 elementor-widget elementor-widget-image\" data-id=\"5ee6631\" data-element_type=\"widget\" data-e-type=\"widget\" data-widget_type=\"image.default\">\n\t\t\t\t<div class=\"elementor-widget-container\">\n\t\t\t\t\t\t\t\t\t\t\t\t\t\t\t<img decoding=\"async\" width=\"800\" height=\"488\" src=\"https:\/\/www.jaegergroup.com\/wp-content\/uploads\/pixxio\/Jaeger Group\/Holzspaene-quer-1024x624.jpg\" class=\"attachment-large size-large wp-image-53715\" alt=\"Holzsp\u00e4ne auf Vorschubband horizontal\" srcset=\"https:\/\/www.jaegergroup.com\/wp-content\/uploads\/pixxio\/Jaeger%20Group\/Holzspaene-quer-1024x624.jpg 1024w, https:\/\/www.jaegergroup.com\/wp-content\/uploads\/pixxio\/Jaeger%20Group\/Holzspaene-quer-300x183.jpg 300w, https:\/\/www.jaegergroup.com\/wp-content\/uploads\/pixxio\/Jaeger%20Group\/Holzspaene-quer-768x468.jpg 768w, https:\/\/www.jaegergroup.com\/wp-content\/uploads\/pixxio\/Jaeger%20Group\/Holzspaene-quer-1536x936.jpg 1536w, https:\/\/www.jaegergroup.com\/wp-content\/uploads\/pixxio\/Jaeger%20Group\/Holzspaene-quer.jpg 1920w\" sizes=\"(max-width: 800px) 100vw, 800px\" \/>\t\t\t\t\t\t\t\t\t\t\t\t\t\t\t<\/div>\n\t\t\t\t<\/div>\n\t\t\t\t\t<\/div>\n\t\t<\/div>\n\t\t\t\t<div class=\"has_eae_slider elementor-column elementor-col-50 elementor-top-column elementor-element elementor-element-481d438\" data-eae-slider=\"87691\" data-id=\"481d438\" data-element_type=\"column\" data-e-type=\"column\">\n\t\t\t<div class=\"elementor-widget-wrap elementor-element-populated\">\n\t\t\t\t\t\t<div class=\"elementor-element elementor-element-709a7fc2 elementor-widget elementor-widget-text-editor\" data-id=\"709a7fc2\" data-element_type=\"widget\" data-e-type=\"widget\" data-widget_type=\"text-editor.default\">\n\t\t\t\t<div class=\"elementor-widget-container\">\n\t\t\t\t\t\t\t\t\t<p>Auch f\u00fcr die Bearbeitung von Metallteilen, egal ob Nass- oder Trockenschliff oder das Schleifen anderer Werkstoffe wie Glas und Kunststoff hat Artemis die passende Vorschubband-Spezifikation in Form von Breitbandschleifmaschinen. Geringe Fertigungstoleranzen bei der Herstellung unserer Artikel sichern den Erfolg Ihrer Schleifergebnisse in der Metallindustrie. Fertigungsbreiten bis zu 2600 mm k\u00f6nnen problemlos realisiert werden. F\u00fcr breitere B\u00e4nder erarbeiten wir mit Ihnen gerne gemeinsam konkrete L\u00f6sungsvorschl\u00e4ge.\u00a0<br \/><br \/>Gleitlagen aus hochabriebfestem Material, dehnungsarmes Zugtr\u00e4gergewebe kombiniert mit hochwertigen Mischungen gew\u00e4hrleisten eine hohe, gleichbleibende und ausgezeichnete Produktqualit\u00e4t. Dabei sichern unsere innovativen Verbindungstechniken jederzeit eine maximale Haltbarkeit. Auf Wunsch liefern wir die Transportb\u00e4nder einbaufertig geschliffen und f\u00fcr Vakuumbetrieb mit modernster Maschinentechnik toleranzgenau nach Kundenvorgabe gelocht.<\/p>\t\t\t\t\t\t\t\t<\/div>\n\t\t\t\t<\/div>\n\t\t\t\t\t<\/div>\n\t\t<\/div>\n\t\t\t\t\t<\/div>\n\t\t<\/section>\n\t\t\t\t<section class=\"has_eae_slider elementor-section elementor-top-section elementor-element elementor-element-755275b0 elementor-section-full_width gray-seperator elementor-section-height-default elementor-section-height-default\" data-eae-slider=\"83305\" data-id=\"755275b0\" data-element_type=\"section\" data-e-type=\"section\">\n\t\t\t\t\t\t<div class=\"elementor-container elementor-column-gap-default\">\n\t\t\t\t\t<div class=\"has_eae_slider elementor-column elementor-col-100 elementor-top-column elementor-element elementor-element-3bd540c3\" data-eae-slider=\"9276\" data-id=\"3bd540c3\" data-element_type=\"column\" data-e-type=\"column\">\n\t\t\t<div class=\"elementor-widget-wrap elementor-element-populated\">\n\t\t\t\t\t\t<div class=\"elementor-element elementor-element-77da74a0 elementor-widget-divider--view-line elementor-widget elementor-widget-divider\" data-id=\"77da74a0\" data-element_type=\"widget\" data-e-type=\"widget\" data-widget_type=\"divider.default\">\n\t\t\t\t<div class=\"elementor-widget-container\">\n\t\t\t\t\t\t\t<div class=\"elementor-divider\">\n\t\t\t<span class=\"elementor-divider-separator\">\n\t\t\t\t\t\t<\/span>\n\t\t<\/div>\n\t\t\t\t\t\t<\/div>\n\t\t\t\t<\/div>\n\t\t\t\t\t<\/div>\n\t\t<\/div>\n\t\t\t\t\t<\/div>\n\t\t<\/section>\n\t\t\t\t<section class=\"has_eae_slider elementor-section elementor-top-section elementor-element elementor-element-55f7a228 elementor-section-full_width elementor-section-stretched set-max-width elementor-section-height-default elementor-section-height-default\" data-eae-slider=\"65880\" data-id=\"55f7a228\" data-element_type=\"section\" data-e-type=\"section\" data-settings=\"{&quot;stretch_section&quot;:&quot;section-stretched&quot;}\">\n\t\t\t\t\t\t<div class=\"elementor-container elementor-column-gap-default\">\n\t\t\t\t\t<div class=\"has_eae_slider elementor-column elementor-col-50 elementor-top-column elementor-element elementor-element-4e0599b\" data-eae-slider=\"85139\" data-id=\"4e0599b\" data-element_type=\"column\" data-e-type=\"column\">\n\t\t\t<div class=\"elementor-widget-wrap elementor-element-populated\">\n\t\t\t\t\t\t<div class=\"elementor-element elementor-element-67c26eb8 elementor-widget elementor-widget-heading\" data-id=\"67c26eb8\" data-element_type=\"widget\" data-e-type=\"widget\" data-widget_type=\"heading.default\">\n\t\t\t\t<div class=\"elementor-widget-container\">\n\t\t\t\t\t<h2 class=\"elementor-heading-title elementor-size-default\">Konstruktion kompletter Transportsysteme und hausinterne Laborpr\u00fcfung\n<\/h2>\t\t\t\t<\/div>\n\t\t\t\t<\/div>\n\t\t\t\t<div class=\"elementor-element elementor-element-45c7ea83 elementor-widget elementor-widget-text-editor\" data-id=\"45c7ea83\" data-element_type=\"widget\" data-e-type=\"widget\" data-widget_type=\"text-editor.default\">\n\t\t\t\t<div class=\"elementor-widget-container\">\n\t\t\t\t\t\t\t\t\t<p>Unsere Ingenieur:innen entwickeln das komplett ma\u00dfgeschneiderte System f\u00fcr Ihre speziellen Transportaufgaben. Eigenentwicklungen sind dabei ebenso an der Tagesordnung wie Entwicklungen gemeinsam mit Ihnen.&nbsp;<\/p>\n<p>Dabei kommt modernste 3-D-Konstruktionssoftware zum Einsatz. Realit\u00e4tsnahe Belastungsanalysen werden rechnerunterst\u00fctzt mit der Finite-Elemente-Methode durchgef\u00fchrt. F\u00fcr erste Anschauungsmuster stehen Rapid-Prototyping-Verfahren zur Verf\u00fcgung. Abschlie\u00dfende, praxisnahe Dauerpr\u00fcfungen der neuen Produkte auf eigenen Pr\u00fcfst\u00e4nden runden das Artemis-Angebot in diesem Bereich ab.<\/p>\t\t\t\t\t\t\t\t<\/div>\n\t\t\t\t<\/div>\n\t\t\t\t\t<\/div>\n\t\t<\/div>\n\t\t\t\t<div class=\"has_eae_slider elementor-column elementor-col-50 elementor-top-column elementor-element elementor-element-7202aeba\" data-eae-slider=\"86400\" data-id=\"7202aeba\" data-element_type=\"column\" data-e-type=\"column\">\n\t\t\t<div class=\"elementor-widget-wrap elementor-element-populated\">\n\t\t\t\t\t\t<div class=\"elementor-element elementor-element-7d79d9cb elementor-widget elementor-widget-image\" data-id=\"7d79d9cb\" data-element_type=\"widget\" data-e-type=\"widget\" data-widget_type=\"image.default\">\n\t\t\t\t<div class=\"elementor-widget-container\">\n\t\t\t\t\t\t\t\t\t\t\t\t\t\t\t<img decoding=\"async\" src=\"https:\/\/www.jaegergroup.com\/wp-content\/uploads\/pixxio\/Jaeger%20Group\/Gruene-Felder-von-oben.jpg\" title=\"\" alt=\"\" loading=\"lazy\" \/>\t\t\t\t\t\t\t\t\t\t\t\t\t\t\t<\/div>\n\t\t\t\t<\/div>\n\t\t\t\t<div class=\"elementor-element elementor-element-33276b42 elementor-hidden-phone elementor-widget elementor-widget-spacer\" data-id=\"33276b42\" data-element_type=\"widget\" data-e-type=\"widget\" data-widget_type=\"spacer.default\">\n\t\t\t\t<div class=\"elementor-widget-container\">\n\t\t\t\t\t\t\t<div class=\"elementor-spacer\">\n\t\t\t<div class=\"elementor-spacer-inner\"><\/div>\n\t\t<\/div>\n\t\t\t\t\t\t<\/div>\n\t\t\t\t<\/div>\n\t\t\t\t\t<\/div>\n\t\t<\/div>\n\t\t\t\t\t<\/div>\n\t\t<\/section>\n\t\t\t\t<section class=\"has_eae_slider elementor-section elementor-top-section elementor-element elementor-element-6d37f883 elementor-section-full_width gray-seperator elementor-section-height-default elementor-section-height-default\" data-eae-slider=\"30915\" data-id=\"6d37f883\" data-element_type=\"section\" data-e-type=\"section\">\n\t\t\t\t\t\t<div class=\"elementor-container elementor-column-gap-default\">\n\t\t\t\t\t<div class=\"has_eae_slider elementor-column elementor-col-100 elementor-top-column elementor-element elementor-element-2c7bdf6d\" data-eae-slider=\"92989\" data-id=\"2c7bdf6d\" data-element_type=\"column\" data-e-type=\"column\">\n\t\t\t<div class=\"elementor-widget-wrap elementor-element-populated\">\n\t\t\t\t\t\t<div class=\"elementor-element elementor-element-eb8d03 elementor-widget-divider--view-line elementor-widget elementor-widget-divider\" data-id=\"eb8d03\" data-element_type=\"widget\" data-e-type=\"widget\" data-widget_type=\"divider.default\">\n\t\t\t\t<div class=\"elementor-widget-container\">\n\t\t\t\t\t\t\t<div class=\"elementor-divider\">\n\t\t\t<span class=\"elementor-divider-separator\">\n\t\t\t\t\t\t<\/span>\n\t\t<\/div>\n\t\t\t\t\t\t<\/div>\n\t\t\t\t<\/div>\n\t\t\t\t<div class=\"elementor-element elementor-element-34293ad elementor-widget elementor-widget-text-editor\" data-id=\"34293ad\" data-element_type=\"widget\" data-e-type=\"widget\" data-widget_type=\"text-editor.default\">\n\t\t\t\t<div class=\"elementor-widget-container\">\n\t\t\t\t\t\t\t\t\t<p style=\"text-align: center;\">Kontaktieren Sie unseren Experten f\u00fcr Transportb\u00e4nder:<\/p>\t\t\t\t\t\t\t\t<\/div>\n\t\t\t\t<\/div>\n\t\t\t\t\t<\/div>\n\t\t<\/div>\n\t\t\t\t\t<\/div>\n\t\t<\/section>\n\t\t\t\t<section class=\"has_eae_slider elementor-section elementor-top-section elementor-element elementor-element-d757bb elementor-section-full_width centered-columns elementor-section-height-default elementor-section-height-default\" data-eae-slider=\"57016\" data-id=\"d757bb\" data-element_type=\"section\" data-e-type=\"section\">\n\t\t\t\t\t\t<div class=\"elementor-container elementor-column-gap-default\">\n\t\t\t\t\t<div class=\"has_eae_slider elementor-column elementor-col-33 elementor-top-column elementor-element elementor-element-5cd0b257 box-contact elementor-hidden-tablet elementor-hidden-phone\" data-eae-slider=\"17974\" data-id=\"5cd0b257\" data-element_type=\"column\" data-e-type=\"column\" data-settings=\"{&quot;background_background&quot;:&quot;classic&quot;}\">\n\t\t\t<div class=\"elementor-widget-wrap\">\n\t\t\t\t\t\t\t<\/div>\n\t\t<\/div>\n\t\t\t\t<div class=\"has_eae_slider elementor-column elementor-col-33 elementor-top-column elementor-element elementor-element-5e368de2 box-contact\" data-eae-slider=\"13044\" data-id=\"5e368de2\" data-element_type=\"column\" data-e-type=\"column\" data-settings=\"{&quot;background_background&quot;:&quot;classic&quot;}\">\n\t\t\t<div class=\"elementor-widget-wrap elementor-element-populated\">\n\t\t\t\t\t\t<div class=\"elementor-element elementor-element-3491aaf8 elementor-widget elementor-widget-image\" data-id=\"3491aaf8\" data-element_type=\"widget\" data-e-type=\"widget\" data-widget_type=\"image.default\">\n\t\t\t\t<div class=\"elementor-widget-container\">\n\t\t\t\t\t\t\t\t\t\t\t\t\t\t\t\t<a href=\"https:\/\/www.artemis-kautschuk.de\/de\/index.php\" target=\"_blank\" rel=\"noopener\">\n\t\t\t\t\t\t\t<img decoding=\"async\" src=\"https:\/\/www.jaegergroup.com\/wp-content\/uploads\/pixxio\/Versteckt\/logo-borderless-artemis-kautschuk-und-kunststoff.png\" title=\"logo-borderless-artemis-kautschuk-und-kunststoff\" alt=\"logo-borderless-artemis-kautschuk-und-kunststoff\" loading=\"lazy\" \/>\t\t\t\t\t\t\t\t<\/a>\n\t\t\t\t\t\t\t\t\t\t\t\t\t\t\t<\/div>\n\t\t\t\t<\/div>\n\t\t\t\t<div class=\"elementor-element elementor-element-65bac3ad elementor-widget-divider--view-line elementor-widget elementor-widget-divider\" data-id=\"65bac3ad\" data-element_type=\"widget\" data-e-type=\"widget\" data-widget_type=\"divider.default\">\n\t\t\t\t<div class=\"elementor-widget-container\">\n\t\t\t\t\t\t\t<div class=\"elementor-divider\">\n\t\t\t<span class=\"elementor-divider-separator\">\n\t\t\t\t\t\t<\/span>\n\t\t<\/div>\n\t\t\t\t\t\t<\/div>\n\t\t\t\t<\/div>\n\t\t\t\t<div class=\"elementor-element elementor-element-660f4c49 elementor-widget elementor-widget-text-editor\" data-id=\"660f4c49\" data-element_type=\"widget\" data-e-type=\"widget\" data-widget_type=\"text-editor.default\">\n\t\t\t\t<div class=\"elementor-widget-container\">\n\t\t\t\t\t\t\t\t\t<p style=\"text-align: center;\">Vertrieb<\/p>\t\t\t\t\t\t\t\t<\/div>\n\t\t\t\t<\/div>\n\t\t\t\t<div class=\"elementor-element elementor-element-173d48e elementor-widget elementor-widget-image\" data-id=\"173d48e\" data-element_type=\"widget\" data-e-type=\"widget\" data-widget_type=\"image.default\">\n\t\t\t\t<div class=\"elementor-widget-container\">\n\t\t\t\t\t\t\t\t\t\t\t\t\t\t\t<img decoding=\"async\" width=\"150\" height=\"150\" src=\"https:\/\/www.jaegergroup.com\/wp-content\/uploads\/pixxio\/Jaeger Group\/Rainer-Schmoelling-e1617197172431-150x150.jpg\" class=\"attachment-thumbnail size-thumbnail wp-image-54129\" alt=\"Vertrieb Rainer Schm\u00f6lling\" srcset=\"https:\/\/www.jaegergroup.com\/wp-content\/uploads\/pixxio\/Jaeger%20Group\/Rainer-Schmoelling-e1617197172431-150x150.jpg 150w, https:\/\/www.jaegergroup.com\/wp-content\/uploads\/pixxio\/Jaeger%20Group\/Rainer-Schmoelling-e1617197172431-300x300.jpg 300w, https:\/\/www.jaegergroup.com\/wp-content\/uploads\/pixxio\/Jaeger%20Group\/Rainer-Schmoelling-e1617197172431-768x768.jpg 768w, https:\/\/www.jaegergroup.com\/wp-content\/uploads\/pixxio\/Jaeger%20Group\/Rainer-Schmoelling-e1617197172431.jpg 964w\" sizes=\"(max-width: 150px) 100vw, 150px\" \/>\t\t\t\t\t\t\t\t\t\t\t\t\t\t\t<\/div>\n\t\t\t\t<\/div>\n\t\t\t\t<div class=\"elementor-element elementor-element-32a52218 elementor-widget elementor-widget-heading\" data-id=\"32a52218\" data-element_type=\"widget\" data-e-type=\"widget\" data-widget_type=\"heading.default\">\n\t\t\t\t<div class=\"elementor-widget-container\">\n\t\t\t\t\t<h2 class=\"elementor-heading-title elementor-size-default\">R. Schm\u00f6lling<\/h2>\t\t\t\t<\/div>\n\t\t\t\t<\/div>\n\t\t\t\t<div class=\"elementor-element elementor-element-5bcb65a3 elementor-widget elementor-widget-text-editor\" data-id=\"5bcb65a3\" data-element_type=\"widget\" data-e-type=\"widget\" data-widget_type=\"text-editor.default\">\n\t\t\t\t<div class=\"elementor-widget-container\">\n\t\t\t\t\t\t\t\t\t<p style=\"text-align: center;\">Tel. <a href=\"tel:+49 511 \u2013 9592836\">+49 511 \u2013 9592836<\/a><br \/><a href=\"mailto:r.schmoelling@artemis-kautschuk.de\">r.schmoelling@artemis-kautschuk.de<\/a><\/p>\t\t\t\t\t\t\t\t<\/div>\n\t\t\t\t<\/div>\n\t\t\t\t\t<\/div>\n\t\t<\/div>\n\t\t\t\t<div class=\"has_eae_slider elementor-column elementor-col-33 elementor-top-column elementor-element elementor-element-3f9b49d7 box-contact elementor-hidden-tablet elementor-hidden-phone\" data-eae-slider=\"36681\" data-id=\"3f9b49d7\" data-element_type=\"column\" data-e-type=\"column\" data-settings=\"{&quot;background_background&quot;:&quot;classic&quot;}\">\n\t\t\t<div class=\"elementor-widget-wrap\">\n\t\t\t\t\t\t\t<\/div>\n\t\t<\/div>\n\t\t\t\t\t<\/div>\n\t\t<\/section>\n\t\t\t\t<\/div>\n\t\t","protected":false},"excerpt":{"rendered":"<p>DER LETZTE SCHLIFF Vorschubb\u00e4nder f\u00fcr Breitbandschleifmaschinen in der Holz- und Metallindustrie Die Artemis-Vorschubb\u00e4nder wurden in enger Zusammenarbeit mit den Anwendern und Herstellern von Breitband- und B\u00fcrstenschleifmaschinen f\u00fcr die spezifischen Bed\u00fcrfnisse der Holz- und Metallbearbeitenden Industrie entwickelt. F\u00fcr Anwendungen im Handwerk bis hin zu h\u00f6chsten Belastungen im Dreischichtbetrieb in der M\u00f6belindustrie bietet Artemis das passende Produkt [&hellip;]<\/p>\n","protected":false},"author":18,"featured_media":0,"parent":2624,"menu_order":1,"comment_status":"closed","ping_status":"closed","template":"","meta":{"_acf_changed":false,"footnotes":""},"class_list":["post-2648","page","type-page","status-publish","hentry"],"acf":[],"_links":{"self":[{"href":"https:\/\/www.jaegergroup.com\/de\/wp-json\/wp\/v2\/pages\/2648","targetHints":{"allow":["GET"]}}],"collection":[{"href":"https:\/\/www.jaegergroup.com\/de\/wp-json\/wp\/v2\/pages"}],"about":[{"href":"https:\/\/www.jaegergroup.com\/de\/wp-json\/wp\/v2\/types\/page"}],"author":[{"embeddable":true,"href":"https:\/\/www.jaegergroup.com\/de\/wp-json\/wp\/v2\/users\/18"}],"replies":[{"embeddable":true,"href":"https:\/\/www.jaegergroup.com\/de\/wp-json\/wp\/v2\/comments?post=2648"}],"version-history":[{"count":0,"href":"https:\/\/www.jaegergroup.com\/de\/wp-json\/wp\/v2\/pages\/2648\/revisions"}],"up":[{"embeddable":true,"href":"https:\/\/www.jaegergroup.com\/de\/wp-json\/wp\/v2\/pages\/2624"}],"wp:attachment":[{"href":"https:\/\/www.jaegergroup.com\/de\/wp-json\/wp\/v2\/media?parent=2648"}],"curies":[{"name":"wp","href":"https:\/\/api.w.org\/{rel}","templated":true}]}}