{"id":2786,"date":"2019-11-13T13:02:28","date_gmt":"2019-11-13T13:02:28","guid":{"rendered":"https:\/\/www.jaegergroup.com\/?page_id=2786"},"modified":"2024-07-19T09:55:12","modified_gmt":"2024-07-19T07:55:12","slug":"windkraft","status":"publish","type":"page","link":"https:\/\/www.jaegergroup.com\/de\/loesungen\/branchen\/energietechnik\/windkraft\/","title":{"rendered":"Windkraft"},"content":{"rendered":"\t\t<div data-elementor-type=\"wp-page\" data-elementor-id=\"2786\" class=\"elementor elementor-2786\" data-elementor-post-type=\"page\">\n\t\t\t\t\t\t<section class=\"has_eae_slider elementor-section elementor-top-section elementor-element elementor-element-5c26526 elementor-section-full_width elementor-section-height-min-height elementor-section-items-bottom elementor-section-height-default\" data-eae-slider=\"13574\" data-id=\"5c26526\" data-element_type=\"section\" data-e-type=\"section\" data-settings=\"{&quot;background_background&quot;:&quot;classic&quot;,&quot;background_motion_fx_motion_fx_scrolling&quot;:&quot;yes&quot;,&quot;background_motion_fx_translateY_effect&quot;:&quot;yes&quot;,&quot;background_motion_fx_translateY_speed&quot;:{&quot;unit&quot;:&quot;px&quot;,&quot;size&quot;:4,&quot;sizes&quot;:[]},&quot;background_motion_fx_translateY_affectedRange&quot;:{&quot;unit&quot;:&quot;%&quot;,&quot;size&quot;:&quot;&quot;,&quot;sizes&quot;:{&quot;start&quot;:0,&quot;end&quot;:100}},&quot;background_motion_fx_devices&quot;:[&quot;desktop&quot;,&quot;tablet&quot;,&quot;mobile&quot;]}\">\n\t\t\t\t\t\t\t<div class=\"elementor-background-overlay\"><\/div>\n\t\t\t\t\t\t\t<div class=\"elementor-container elementor-column-gap-default\">\n\t\t\t\t\t<div class=\"has_eae_slider elementor-column elementor-col-100 elementor-top-column elementor-element elementor-element-d13110c\" data-eae-slider=\"51965\" data-id=\"d13110c\" data-element_type=\"column\" data-e-type=\"column\">\n\t\t\t<div class=\"elementor-widget-wrap elementor-element-populated\">\n\t\t\t\t\t\t<div class=\"elementor-element elementor-element-26e68d5 title-header elementor-widget elementor-widget-heading\" data-id=\"26e68d5\" data-element_type=\"widget\" data-e-type=\"widget\" data-widget_type=\"heading.default\">\n\t\t\t\t<div class=\"elementor-widget-container\">\n\t\t\t\t\t<p class=\"elementor-heading-title elementor-size-default\">WIND OF CHANGE!<\/p>\t\t\t\t<\/div>\n\t\t\t\t<\/div>\n\t\t\t\t\t<\/div>\n\t\t<\/div>\n\t\t\t\t\t<\/div>\n\t\t<\/section>\n\t\t\t\t<section class=\"has_eae_slider elementor-section elementor-top-section elementor-element elementor-element-84d34fb elementor-section-full_width page-start set-max-width elementor-section-height-default elementor-section-height-default\" data-eae-slider=\"20202\" data-id=\"84d34fb\" data-element_type=\"section\" data-e-type=\"section\">\n\t\t\t\t\t\t<div class=\"elementor-container elementor-column-gap-default\">\n\t\t\t\t\t<div class=\"has_eae_slider elementor-column elementor-col-100 elementor-top-column elementor-element elementor-element-4ee2916\" data-eae-slider=\"50396\" data-id=\"4ee2916\" data-element_type=\"column\" data-e-type=\"column\">\n\t\t\t<div class=\"elementor-widget-wrap elementor-element-populated\">\n\t\t\t\t\t\t<div class=\"elementor-element elementor-element-d7bf123 headlineGreen elementor-widget elementor-widget-heading\" data-id=\"d7bf123\" data-element_type=\"widget\" data-e-type=\"widget\" data-widget_type=\"heading.default\">\n\t\t\t\t<div class=\"elementor-widget-container\">\n\t\t\t\t\t<h1 class=\"elementor-heading-title elementor-size-default\">Windenergie - Nachhaltige Energieerzeugung\n<\/h1>\t\t\t\t<\/div>\n\t\t\t\t<\/div>\n\t\t\t\t<section class=\"has_eae_slider elementor-section elementor-inner-section elementor-element elementor-element-e5ac70f elementor-section-full_width elementor-section-height-default elementor-section-height-default\" data-eae-slider=\"18843\" data-id=\"e5ac70f\" data-element_type=\"section\" data-e-type=\"section\">\n\t\t\t\t\t\t<div class=\"elementor-container elementor-column-gap-default\">\n\t\t\t\t\t<div class=\"has_eae_slider elementor-column elementor-col-100 elementor-inner-column elementor-element elementor-element-ef885fb\" data-eae-slider=\"94198\" data-id=\"ef885fb\" data-element_type=\"column\" data-e-type=\"column\">\n\t\t\t<div class=\"elementor-widget-wrap elementor-element-populated\">\n\t\t\t\t\t\t<div class=\"elementor-element elementor-element-1afba02 elementor-widget elementor-widget-text-editor\" data-id=\"1afba02\" data-element_type=\"widget\" data-e-type=\"widget\" data-widget_type=\"text-editor.default\">\n\t\t\t\t<div class=\"elementor-widget-container\">\n\t\t\t\t\t\t\t\t\t<p>Der Windenergie und deren Ausbau kommt mit der Energiewende eine tragende Funktion zu. Der Auf- und Ausbau von Offshore-Anlagen vor den deutschen K\u00fcsten sowie das Repowering, also der Austausch \u00e4lterer Windkraftanlagen durch moderne und effizientere Anlagen, bilden hier die entscheidenden Faktoren.\u00a0<\/p><p>Windr\u00e4der sind mittlerweile auf vielen freien Fl\u00e4chen zu sehen \u2013 und diese Entwicklung der Windenergienutzung und der Gewinnung von Windstrom ist noch lange nicht abgeschlossen. Die Kunststoffverarbeitung und Verfahrenstechnik gewinnen dabei entscheidend an Bedeutung. Unsere Bauteile und verschwei\u00dften Baugruppen aus Gummi und Kunststoff haben uns \u00fcber Jahrzehnte hinweg als bew\u00e4hrten Zulieferer f\u00fcr Betriebe im Bereich der Energietechnik etabliert.<\/p>\t\t\t\t\t\t\t\t<\/div>\n\t\t\t\t<\/div>\n\t\t\t\t\t<\/div>\n\t\t<\/div>\n\t\t\t\t\t<\/div>\n\t\t<\/section>\n\t\t\t\t<div class=\"elementor-element elementor-element-3e0e8a7 elementor-widget-divider--view-line elementor-widget elementor-widget-divider\" data-id=\"3e0e8a7\" data-element_type=\"widget\" data-e-type=\"widget\" data-widget_type=\"divider.default\">\n\t\t\t\t<div class=\"elementor-widget-container\">\n\t\t\t\t\t\t\t<div class=\"elementor-divider\">\n\t\t\t<span class=\"elementor-divider-separator\">\n\t\t\t\t\t\t<\/span>\n\t\t<\/div>\n\t\t\t\t\t\t<\/div>\n\t\t\t\t<\/div>\n\t\t\t\t\t<\/div>\n\t\t<\/div>\n\t\t\t\t\t<\/div>\n\t\t<\/section>\n\t\t\t\t<section class=\"has_eae_slider elementor-section elementor-top-section elementor-element elementor-element-ab8af8e elementor-section-full_width elementor-section-stretched elementor-reverse-tablet elementor-reverse-mobile set-max-width elementor-section-height-default elementor-section-height-default\" data-eae-slider=\"70909\" data-id=\"ab8af8e\" data-element_type=\"section\" data-e-type=\"section\" data-settings=\"{&quot;stretch_section&quot;:&quot;section-stretched&quot;}\">\n\t\t\t\t\t\t<div class=\"elementor-container elementor-column-gap-default\">\n\t\t\t\t\t<div class=\"has_eae_slider elementor-column elementor-col-50 elementor-top-column elementor-element elementor-element-ae356d6\" data-eae-slider=\"14836\" data-id=\"ae356d6\" data-element_type=\"column\" data-e-type=\"column\">\n\t\t\t<div class=\"elementor-widget-wrap elementor-element-populated\">\n\t\t\t\t\t\t<div class=\"elementor-element elementor-element-9577f72 elementor-widget elementor-widget-image\" data-id=\"9577f72\" data-element_type=\"widget\" data-e-type=\"widget\" data-widget_type=\"image.default\">\n\t\t\t\t<div class=\"elementor-widget-container\">\n\t\t\t\t\t\t\t\t\t\t\t\t\t\t\t<img fetchpriority=\"high\" decoding=\"async\" width=\"800\" height=\"533\" src=\"https:\/\/www.jaegergroup.com\/wp-content\/uploads\/pixxio\/Jaeger Group\/Windrad-aus-der-Luft-Deutschland-1024x682.jpg\" class=\"attachment-large size-large wp-image-52473\" alt=\"Windrad aus der Luft, Deutschland\" srcset=\"https:\/\/www.jaegergroup.com\/wp-content\/uploads\/pixxio\/Jaeger%20Group\/Windrad-aus-der-Luft-Deutschland-1024x682.jpg 1024w, https:\/\/www.jaegergroup.com\/wp-content\/uploads\/pixxio\/Jaeger%20Group\/Windrad-aus-der-Luft-Deutschland-300x200.jpg 300w, https:\/\/www.jaegergroup.com\/wp-content\/uploads\/pixxio\/Jaeger%20Group\/Windrad-aus-der-Luft-Deutschland-768x512.jpg 768w, https:\/\/www.jaegergroup.com\/wp-content\/uploads\/pixxio\/Jaeger%20Group\/Windrad-aus-der-Luft-Deutschland-1536x1023.jpg 1536w, https:\/\/www.jaegergroup.com\/wp-content\/uploads\/pixxio\/Jaeger%20Group\/Windrad-aus-der-Luft-Deutschland.jpg 1920w\" sizes=\"(max-width: 800px) 100vw, 800px\" \/>\t\t\t\t\t\t\t\t\t\t\t\t\t\t\t<\/div>\n\t\t\t\t<\/div>\n\t\t\t\t\t<\/div>\n\t\t<\/div>\n\t\t\t\t<div class=\"has_eae_slider elementor-column elementor-col-50 elementor-top-column elementor-element elementor-element-f2e9299\" data-eae-slider=\"79805\" data-id=\"f2e9299\" data-element_type=\"column\" data-e-type=\"column\">\n\t\t\t<div class=\"elementor-widget-wrap elementor-element-populated\">\n\t\t\t\t\t\t<div class=\"elementor-element elementor-element-7982963 elementor-widget elementor-widget-heading\" data-id=\"7982963\" data-element_type=\"widget\" data-e-type=\"widget\" data-widget_type=\"heading.default\">\n\t\t\t\t<div class=\"elementor-widget-container\">\n\t\t\t\t\t<h2 class=\"elementor-heading-title elementor-size-default\">Hochwertige Produkte f\u00fcr anspruchsvolle Eins\u00e4tze<\/h2>\t\t\t\t<\/div>\n\t\t\t\t<\/div>\n\t\t\t\t<div class=\"elementor-element elementor-element-e3c1bcd elementor-widget elementor-widget-text-editor\" data-id=\"e3c1bcd\" data-element_type=\"widget\" data-e-type=\"widget\" data-widget_type=\"text-editor.default\">\n\t\t\t\t<div class=\"elementor-widget-container\">\n\t\t\t\t\t\t\t\t\t<p>Die J\u00c4GER Group fertigt Formteile f\u00fcr das Maschinenhaus und den Triebstrang, Verbundteile und Dichtungsprofile f\u00fcr Gondel- und Spinnerverkleidungen sowie Flie\u00dfhilfen f\u00fcr die Fertigung von Rotor-bl\u00e4ttern. Unsere Kunden profitieren von unseren umfangreichen Konzepten f\u00fcr den Transportschutz sowie den Mehrwert unserer Gummi-Metall-Elemente f\u00fcr die Schwingungsd\u00e4mpfung und Entkopplung von Windkraftanlagen. Dabei werden die Werkstoffe f\u00fcr jedes Projekt individuell auf die beste-henden und zu erwartenden Einfl\u00fcsse abgestimmt.\u00a0<br \/><br \/>Auch der Grundaufbau der Anlage, bestehend aus Gitterturm, Stahlrohrturm oder Betonturm, flie\u00dft in unsere Entwicklungsprozesse mit ein. Je nach Drehzahl, Rotorfl\u00e4che oder Turmdurchmesser der geplanten Anlage, m\u00fcssen die spezifischen Materialeigenschaften sowohl aus technischer, als auch aus wirtschaftlicher Sicht ber\u00fccksichtigt werden. Eine fundierte Projektplanung und kostenorientierte Produktauswahl sind daher essentiell. Nur wenn alle verbauten Teile optimal aufeinander abgestimmt sind, k\u00f6nnen Windr\u00e4der und Windkraftanlagen ihre volle Leistung abrufen.\u00a0<br \/><br \/>Durch unsere enge und vertrauensvolle Kooperation mit den Herstellern von Windkraftanlagen \u2013 ins-besondere mit den Herstellern von Rotorbl\u00e4ttern, Rotornaben und Rotorwellen sowie Turbinen und Gondeln \u2013 kennen wir uns hervorragend mit den Herausforderungen der Windenergie aus. So haben wir in der J\u00c4GER Group permanent die Entwicklungen der Branche im Blick und k\u00f6nnen auf etwaige Ver\u00e4nderungen schnell und unkompliziert reagieren.<\/p>\t\t\t\t\t\t\t\t<\/div>\n\t\t\t\t<\/div>\n\t\t\t\t\t<\/div>\n\t\t<\/div>\n\t\t\t\t\t<\/div>\n\t\t<\/section>\n\t\t\t\t<section class=\"has_eae_slider elementor-section elementor-top-section elementor-element elementor-element-80814e6 elementor-section-full_width gray-seperator elementor-section-height-default elementor-section-height-default\" data-eae-slider=\"1669\" data-id=\"80814e6\" data-element_type=\"section\" data-e-type=\"section\">\n\t\t\t\t\t\t<div class=\"elementor-container elementor-column-gap-default\">\n\t\t\t\t\t<div class=\"has_eae_slider elementor-column elementor-col-100 elementor-top-column elementor-element elementor-element-440431c\" data-eae-slider=\"45942\" data-id=\"440431c\" data-element_type=\"column\" data-e-type=\"column\">\n\t\t\t<div class=\"elementor-widget-wrap elementor-element-populated\">\n\t\t\t\t\t\t<div class=\"elementor-element elementor-element-6bd4df5 elementor-widget-divider--view-line elementor-widget elementor-widget-divider\" data-id=\"6bd4df5\" data-element_type=\"widget\" data-e-type=\"widget\" data-widget_type=\"divider.default\">\n\t\t\t\t<div class=\"elementor-widget-container\">\n\t\t\t\t\t\t\t<div class=\"elementor-divider\">\n\t\t\t<span class=\"elementor-divider-separator\">\n\t\t\t\t\t\t<\/span>\n\t\t<\/div>\n\t\t\t\t\t\t<\/div>\n\t\t\t\t<\/div>\n\t\t\t\t\t<\/div>\n\t\t<\/div>\n\t\t\t\t\t<\/div>\n\t\t<\/section>\n\t\t\t\t<section class=\"has_eae_slider elementor-section elementor-top-section elementor-element elementor-element-5a55200 elementor-section-full_width elementor-section-stretched set-max-width elementor-section-height-default elementor-section-height-default\" data-eae-slider=\"80306\" data-id=\"5a55200\" data-element_type=\"section\" data-e-type=\"section\" data-settings=\"{&quot;stretch_section&quot;:&quot;section-stretched&quot;}\">\n\t\t\t\t\t\t<div class=\"elementor-container elementor-column-gap-default\">\n\t\t\t\t\t<div class=\"has_eae_slider elementor-column elementor-col-50 elementor-top-column elementor-element elementor-element-192e026\" data-eae-slider=\"60041\" data-id=\"192e026\" data-element_type=\"column\" data-e-type=\"column\">\n\t\t\t<div class=\"elementor-widget-wrap elementor-element-populated\">\n\t\t\t\t\t\t<div class=\"elementor-element elementor-element-d615452 elementor-widget elementor-widget-heading\" data-id=\"d615452\" data-element_type=\"widget\" data-e-type=\"widget\" data-widget_type=\"heading.default\">\n\t\t\t\t<div class=\"elementor-widget-container\">\n\t\t\t\t\t<h2 class=\"elementor-heading-title elementor-size-default\">Mit fortschrittlicher Technik die Zukunft mitgestalten<\/h2>\t\t\t\t<\/div>\n\t\t\t\t<\/div>\n\t\t\t\t<div class=\"elementor-element elementor-element-aebfd6c elementor-widget elementor-widget-text-editor\" data-id=\"aebfd6c\" data-element_type=\"widget\" data-e-type=\"widget\" data-widget_type=\"text-editor.default\">\n\t\t\t\t<div class=\"elementor-widget-container\">\n\t\t\t\t\t\t\t\t\t<p>Unternehmen, die Windkraftanlagen konzipieren und bauen, brauchen einen starken und flexiblen Partner an ihrer Seite. Umfassendes Know-how, Leistungsst\u00e4rke und Effizienz in Kombination mit einer weltweiten hervorragenden Vernetzung qualifizieren uns daf\u00fcr!\u00a0<br \/><br \/>Unser prozessorientiertes Projektmanagement erlaubt kurze Entwicklungs- und Produktionszeiten. Beratung ist dabei ein zentrales Element: Wir bieten Ihnen auf den jeweiligen Prozess optimal entwickelte Materialien, Bauteile und -gruppen sowie bei Bedarf auch dazu passende Logistik und eBusiness-Konzepte f\u00fcr niedrige Reaktionszeiten im Tagesgesch\u00e4ft an.\u00a0<br \/><br \/>Dies umfasst auch ein Lieferantenmanagement, basierend auf einer \u00fcber Jahre gewachsenen kooperativen Zusammenarbeit. Mit Hilfe spezialisierter Anbieter nehmen wir eine Querschnittsfunktion in der Supply Chain ein \u2013 mit Zugang zu modernster Technologie. \u00dcber strategische Partnerschaften er\u00f6ffnen sich \u00fcberdies neue Gesch\u00e4ftsfelder.<\/p>\t\t\t\t\t\t\t\t<\/div>\n\t\t\t\t<\/div>\n\t\t\t\t\t<\/div>\n\t\t<\/div>\n\t\t\t\t<div class=\"has_eae_slider elementor-column elementor-col-50 elementor-top-column elementor-element elementor-element-fe895ad\" data-eae-slider=\"241\" data-id=\"fe895ad\" data-element_type=\"column\" data-e-type=\"column\">\n\t\t\t<div class=\"elementor-widget-wrap elementor-element-populated\">\n\t\t\t\t\t\t<div class=\"elementor-element elementor-element-05bfe87 elementor-widget elementor-widget-image\" data-id=\"05bfe87\" data-element_type=\"widget\" data-e-type=\"widget\" data-widget_type=\"image.default\">\n\t\t\t\t<div class=\"elementor-widget-container\">\n\t\t\t\t\t\t\t\t\t\t\t\t\t\t\t<img decoding=\"async\" width=\"800\" height=\"534\" src=\"https:\/\/www.jaegergroup.com\/wp-content\/uploads\/pixxio\/Jaeger Group\/Windraeder_im_Sonnenuntergang-1024x684.jpg\" class=\"attachment-large size-large wp-image-52755\" alt=\"\" srcset=\"https:\/\/www.jaegergroup.com\/wp-content\/uploads\/pixxio\/Jaeger%20Group\/Windraeder_im_Sonnenuntergang-1024x684.jpg 1024w, https:\/\/www.jaegergroup.com\/wp-content\/uploads\/pixxio\/Jaeger%20Group\/Windraeder_im_Sonnenuntergang-300x200.jpg 300w, https:\/\/www.jaegergroup.com\/wp-content\/uploads\/pixxio\/Jaeger%20Group\/Windraeder_im_Sonnenuntergang-768x513.jpg 768w, https:\/\/www.jaegergroup.com\/wp-content\/uploads\/pixxio\/Jaeger%20Group\/Windraeder_im_Sonnenuntergang-1536x1026.jpg 1536w, https:\/\/www.jaegergroup.com\/wp-content\/uploads\/pixxio\/Jaeger%20Group\/Windraeder_im_Sonnenuntergang.jpg 1920w\" sizes=\"(max-width: 800px) 100vw, 800px\" \/>\t\t\t\t\t\t\t\t\t\t\t\t\t\t\t<\/div>\n\t\t\t\t<\/div>\n\t\t\t\t<div class=\"elementor-element elementor-element-969783d elementor-hidden-phone elementor-widget elementor-widget-spacer\" data-id=\"969783d\" data-element_type=\"widget\" data-e-type=\"widget\" data-widget_type=\"spacer.default\">\n\t\t\t\t<div class=\"elementor-widget-container\">\n\t\t\t\t\t\t\t<div class=\"elementor-spacer\">\n\t\t\t<div class=\"elementor-spacer-inner\"><\/div>\n\t\t<\/div>\n\t\t\t\t\t\t<\/div>\n\t\t\t\t<\/div>\n\t\t\t\t\t<\/div>\n\t\t<\/div>\n\t\t\t\t\t<\/div>\n\t\t<\/section>\n\t\t\t\t<section class=\"has_eae_slider elementor-section elementor-top-section elementor-element elementor-element-2bba2e6 elementor-section-full_width gray-seperator elementor-section-height-default elementor-section-height-default\" data-eae-slider=\"44384\" data-id=\"2bba2e6\" data-element_type=\"section\" data-e-type=\"section\">\n\t\t\t\t\t\t<div class=\"elementor-container elementor-column-gap-default\">\n\t\t\t\t\t<div class=\"has_eae_slider elementor-column elementor-col-100 elementor-top-column elementor-element elementor-element-df7e681\" data-eae-slider=\"92694\" data-id=\"df7e681\" data-element_type=\"column\" data-e-type=\"column\">\n\t\t\t<div class=\"elementor-widget-wrap elementor-element-populated\">\n\t\t\t\t\t\t<div class=\"elementor-element elementor-element-90cc4ac elementor-widget-divider--view-line elementor-widget elementor-widget-divider\" data-id=\"90cc4ac\" data-element_type=\"widget\" data-e-type=\"widget\" data-widget_type=\"divider.default\">\n\t\t\t\t<div class=\"elementor-widget-container\">\n\t\t\t\t\t\t\t<div class=\"elementor-divider\">\n\t\t\t<span class=\"elementor-divider-separator\">\n\t\t\t\t\t\t<\/span>\n\t\t<\/div>\n\t\t\t\t\t\t<\/div>\n\t\t\t\t<\/div>\n\t\t\t\t\t<\/div>\n\t\t<\/div>\n\t\t\t\t\t<\/div>\n\t\t<\/section>\n\t\t\t\t<section class=\"has_eae_slider elementor-section elementor-top-section elementor-element elementor-element-2eec83de elementor-section-full_width centered-columns elementor-section-height-default elementor-section-height-default\" data-eae-slider=\"20855\" data-id=\"2eec83de\" data-element_type=\"section\" data-e-type=\"section\">\n\t\t\t\t\t\t<div class=\"elementor-container elementor-column-gap-default\">\n\t\t\t\t\t<div class=\"has_eae_slider elementor-column elementor-col-33 elementor-top-column elementor-element elementor-element-566246e\" data-eae-slider=\"32510\" data-id=\"566246e\" data-element_type=\"column\" data-e-type=\"column\">\n\t\t\t<div class=\"elementor-widget-wrap\">\n\t\t\t\t\t\t\t<\/div>\n\t\t<\/div>\n\t\t\t\t<div class=\"has_eae_slider elementor-column elementor-col-33 elementor-top-column elementor-element elementor-element-37b7cfa9 box-contact\" data-eae-slider=\"93945\" data-id=\"37b7cfa9\" data-element_type=\"column\" data-e-type=\"column\" data-settings=\"{&quot;background_background&quot;:&quot;classic&quot;}\">\n\t\t\t<div class=\"elementor-widget-wrap elementor-element-populated\">\n\t\t\t\t\t\t<div class=\"elementor-element elementor-element-6cd0a664 elementor-widget elementor-widget-image\" data-id=\"6cd0a664\" data-element_type=\"widget\" data-e-type=\"widget\" data-widget_type=\"image.default\">\n\t\t\t\t<div class=\"elementor-widget-container\">\n\t\t\t\t\t\t\t\t\t\t\t\t\t\t\t\t<a href=\"https:\/\/jaeger-gk.com\/de\/\" target=\"_blank\" rel=\"noopener\">\n\t\t\t\t\t\t\t<img decoding=\"async\" src=\"https:\/\/www.jaegergroup.com\/wp-content\/uploads\/pixxio\/Versteckt\/logo-borderless-jaeger-gummi-und-kunststoff.png\" title=\"logo-borderless-jaeger-gummi-und-kunststoff\" alt=\"logo-borderless-jaeger-gummi-und-kunststoff\" loading=\"lazy\" \/>\t\t\t\t\t\t\t\t<\/a>\n\t\t\t\t\t\t\t\t\t\t\t\t\t\t\t<\/div>\n\t\t\t\t<\/div>\n\t\t\t\t<div class=\"elementor-element elementor-element-1dfb10cb elementor-widget-divider--view-line elementor-widget elementor-widget-divider\" data-id=\"1dfb10cb\" data-element_type=\"widget\" data-e-type=\"widget\" data-widget_type=\"divider.default\">\n\t\t\t\t<div class=\"elementor-widget-container\">\n\t\t\t\t\t\t\t<div class=\"elementor-divider\">\n\t\t\t<span class=\"elementor-divider-separator\">\n\t\t\t\t\t\t<\/span>\n\t\t<\/div>\n\t\t\t\t\t\t<\/div>\n\t\t\t\t<\/div>\n\t\t\t\t<div class=\"elementor-element elementor-element-136a830c elementor-widget elementor-widget-heading\" data-id=\"136a830c\" data-element_type=\"widget\" data-e-type=\"widget\" data-widget_type=\"heading.default\">\n\t\t\t\t<div class=\"elementor-widget-container\">\n\t\t\t\t\t<h2 class=\"elementor-heading-title elementor-size-default\">J\u00e4ger Gummi und Kunststoff GmbH<\/h2>\t\t\t\t<\/div>\n\t\t\t\t<\/div>\n\t\t\t\t<div class=\"elementor-element elementor-element-2af77eb9 elementor-widget elementor-widget-text-editor\" data-id=\"2af77eb9\" data-element_type=\"widget\" data-e-type=\"widget\" data-widget_type=\"text-editor.default\">\n\t\t\t\t<div class=\"elementor-widget-container\">\n\t\t\t\t\t\t\t\t\t<p style=\"text-align: center;\">&#8211; Deutschland &#8211;<\/p>\t\t\t\t\t\t\t\t<\/div>\n\t\t\t\t<\/div>\n\t\t\t\t<div class=\"elementor-element elementor-element-844ad84 button-white-hover-green elementor-align-center elementor-widget elementor-widget-button\" data-id=\"844ad84\" data-element_type=\"widget\" data-e-type=\"widget\" data-widget_type=\"button.default\">\n\t\t\t\t<div class=\"elementor-widget-container\">\n\t\t\t\t\t\t\t\t\t<div class=\"elementor-button-wrapper\">\n\t\t\t\t\t<a class=\"elementor-button elementor-button-link elementor-size-sm\" href=\"https:\/\/jaeger-gk.com\/de\/windenergie\/\" target=\"_blank\" rel=\"noopener\">\n\t\t\t\t\t\t<span class=\"elementor-button-content-wrapper\">\n\t\t\t\t\t\t<span class=\"elementor-button-icon\">\n\t\t\t\t<i aria-hidden=\"true\" class=\"fas fa-angle-double-right\"><\/i>\t\t\t<\/span>\n\t\t\t\t\t\t\t\t\t<span class=\"elementor-button-text\">Komponenten f\u00fcr Windkraftanlagen<\/span>\n\t\t\t\t\t<\/span>\n\t\t\t\t\t<\/a>\n\t\t\t\t<\/div>\n\t\t\t\t\t\t\t\t<\/div>\n\t\t\t\t<\/div>\n\t\t\t\t\t<\/div>\n\t\t<\/div>\n\t\t\t\t<div class=\"has_eae_slider elementor-column elementor-col-33 elementor-top-column elementor-element elementor-element-88ff858\" data-eae-slider=\"53714\" data-id=\"88ff858\" data-element_type=\"column\" data-e-type=\"column\">\n\t\t\t<div class=\"elementor-widget-wrap\">\n\t\t\t\t\t\t\t<\/div>\n\t\t<\/div>\n\t\t\t\t\t<\/div>\n\t\t<\/section>\n\t\t\t\t<\/div>\n\t\t","protected":false},"excerpt":{"rendered":"<p>WIND OF CHANGE! Windenergie &#8211; Nachhaltige Energieerzeugung Der Windenergie und deren Ausbau kommt mit der Energiewende eine tragende Funktion zu. Der Auf- und Ausbau von Offshore-Anlagen vor den deutschen K\u00fcsten sowie das Repowering, also der Austausch \u00e4lterer Windkraftanlagen durch moderne und effizientere Anlagen, bilden hier die entscheidenden Faktoren.\u00a0 Windr\u00e4der sind mittlerweile auf vielen freien Fl\u00e4chen [&hellip;]<\/p>\n","protected":false},"author":18,"featured_media":0,"parent":2784,"menu_order":1,"comment_status":"closed","ping_status":"closed","template":"","meta":{"_acf_changed":false,"footnotes":""},"class_list":["post-2786","page","type-page","status-publish","hentry"],"acf":[],"_links":{"self":[{"href":"https:\/\/www.jaegergroup.com\/de\/wp-json\/wp\/v2\/pages\/2786","targetHints":{"allow":["GET"]}}],"collection":[{"href":"https:\/\/www.jaegergroup.com\/de\/wp-json\/wp\/v2\/pages"}],"about":[{"href":"https:\/\/www.jaegergroup.com\/de\/wp-json\/wp\/v2\/types\/page"}],"author":[{"embeddable":true,"href":"https:\/\/www.jaegergroup.com\/de\/wp-json\/wp\/v2\/users\/18"}],"replies":[{"embeddable":true,"href":"https:\/\/www.jaegergroup.com\/de\/wp-json\/wp\/v2\/comments?post=2786"}],"version-history":[{"count":0,"href":"https:\/\/www.jaegergroup.com\/de\/wp-json\/wp\/v2\/pages\/2786\/revisions"}],"up":[{"embeddable":true,"href":"https:\/\/www.jaegergroup.com\/de\/wp-json\/wp\/v2\/pages\/2784"}],"wp:attachment":[{"href":"https:\/\/www.jaegergroup.com\/de\/wp-json\/wp\/v2\/media?parent=2786"}],"curies":[{"name":"wp","href":"https:\/\/api.w.org\/{rel}","templated":true}]}}