{"id":2796,"date":"2019-11-13T13:08:47","date_gmt":"2019-11-13T13:08:47","guid":{"rendered":"https:\/\/www.jaegergroup.com\/?page_id=2796"},"modified":"2023-04-25T15:02:41","modified_gmt":"2023-04-25T13:02:41","slug":"entwicklung","status":"publish","type":"page","link":"https:\/\/www.jaegergroup.com\/de\/loesungen\/entwicklung\/","title":{"rendered":"Entwicklung"},"content":{"rendered":"\t\t<div data-elementor-type=\"wp-page\" data-elementor-id=\"2796\" class=\"elementor elementor-2796\" data-elementor-post-type=\"page\">\n\t\t\t\t\t\t<section class=\"has_eae_slider elementor-section elementor-top-section elementor-element elementor-element-8bc8bc1 elementor-section-full_width elementor-section-height-min-height elementor-section-items-bottom elementor-section-height-default\" data-eae-slider=\"89451\" data-id=\"8bc8bc1\" data-element_type=\"section\" data-e-type=\"section\" data-settings=\"{&quot;background_background&quot;:&quot;classic&quot;,&quot;background_motion_fx_motion_fx_scrolling&quot;:&quot;yes&quot;,&quot;background_motion_fx_translateY_effect&quot;:&quot;yes&quot;,&quot;background_motion_fx_translateY_speed&quot;:{&quot;unit&quot;:&quot;px&quot;,&quot;size&quot;:4,&quot;sizes&quot;:[]},&quot;background_motion_fx_translateY_affectedRange&quot;:{&quot;unit&quot;:&quot;%&quot;,&quot;size&quot;:&quot;&quot;,&quot;sizes&quot;:{&quot;start&quot;:0,&quot;end&quot;:100}},&quot;background_motion_fx_devices&quot;:[&quot;desktop&quot;,&quot;tablet&quot;,&quot;mobile&quot;]}\">\n\t\t\t\t\t\t\t<div class=\"elementor-background-overlay\"><\/div>\n\t\t\t\t\t\t\t<div class=\"elementor-container elementor-column-gap-default\">\n\t\t\t\t\t<div class=\"has_eae_slider elementor-column elementor-col-100 elementor-top-column elementor-element elementor-element-4a73700\" data-eae-slider=\"8743\" data-id=\"4a73700\" data-element_type=\"column\" data-e-type=\"column\">\n\t\t\t<div class=\"elementor-widget-wrap elementor-element-populated\">\n\t\t\t\t\t\t<div class=\"elementor-element elementor-element-236ccfc title-header elementor-widget elementor-widget-heading\" data-id=\"236ccfc\" data-element_type=\"widget\" data-e-type=\"widget\" data-widget_type=\"heading.default\">\n\t\t\t\t<div class=\"elementor-widget-container\">\n\t\t\t\t\t<p class=\"elementor-heading-title elementor-size-default\">WIR ERSCHAFFEN NEUES!<\/p>\t\t\t\t<\/div>\n\t\t\t\t<\/div>\n\t\t\t\t\t<\/div>\n\t\t<\/div>\n\t\t\t\t\t<\/div>\n\t\t<\/section>\n\t\t\t\t<section class=\"has_eae_slider elementor-section elementor-top-section elementor-element elementor-element-27b14c5 elementor-section-full_width page-start set-max-width elementor-section-height-default elementor-section-height-default\" data-eae-slider=\"9186\" data-id=\"27b14c5\" data-element_type=\"section\" data-e-type=\"section\">\n\t\t\t\t\t\t<div class=\"elementor-container elementor-column-gap-default\">\n\t\t\t\t\t<div class=\"has_eae_slider elementor-column elementor-col-100 elementor-top-column elementor-element elementor-element-6b6d40c\" data-eae-slider=\"93269\" data-id=\"6b6d40c\" data-element_type=\"column\" data-e-type=\"column\">\n\t\t\t<div class=\"elementor-widget-wrap elementor-element-populated\">\n\t\t\t\t\t\t<div class=\"elementor-element elementor-element-1b37b6a headlineGreen elementor-widget elementor-widget-heading\" data-id=\"1b37b6a\" data-element_type=\"widget\" data-e-type=\"widget\" data-widget_type=\"heading.default\">\n\t\t\t\t<div class=\"elementor-widget-container\">\n\t\t\t\t\t<h1 class=\"elementor-heading-title elementor-size-default\">Entwicklungsleistung \u2013 f\u00fcr komplexe Aufgaben<\/h1>\t\t\t\t<\/div>\n\t\t\t\t<\/div>\n\t\t\t\t<div class=\"elementor-element elementor-element-40ce146 elementor-widget elementor-widget-text-editor\" data-id=\"40ce146\" data-element_type=\"widget\" data-e-type=\"widget\" data-widget_type=\"text-editor.default\">\n\t\t\t\t<div class=\"elementor-widget-container\">\n\t\t\t\t\t\t\t\t\t<p><b>Mischungsentwicklung<\/b><\/p>\t\t\t\t\t\t\t\t<\/div>\n\t\t\t\t<\/div>\n\t\t\t\t<div class=\"elementor-element elementor-element-b5390e2 elementor-widget elementor-widget-text-editor\" data-id=\"b5390e2\" data-element_type=\"widget\" data-e-type=\"widget\" data-widget_type=\"text-editor.default\">\n\t\t\t\t<div class=\"elementor-widget-container\">\n\t\t\t\t\t\t\t\t\t<p>Angefangen bei der Idee bis hin zum fertigen Produkt \u2013 bei uns profitieren Sie von ganzheitlichen L\u00f6sungskonzepten.\u00a0<\/p><p>Diesem Leitsatz folgend entwickeln wir eine Vielzahl an Gummimischungen in unserer eigenen Mischerei f\u00fcr Elastomer-Werkstoffe selbst. Die hierbei entstehenden Rezepturen schaffen die Grundlage f\u00fcr viele unserer hergestellten Produkte, damit die spezifischen Materialeigenschaften genauestens auf Ihre Anwendung abgestimmt sind. Das Know-how unserer Chemiker und unser Netzwerk an Lieferpartnern erm\u00f6glichen es uns, eine gro\u00dfe Auswahl an Gummimischungen anzubieten. So k\u00f6nnen wir in der Mischungsbeschaffung stets flexibel agieren und die richtige Rezeptur f\u00fcr Ihre spezielle Anforderung ermitteln.\u00a0<\/p><p>In unseren Inhouse-Laboren pr\u00fcfen unsere Laborant:innen mittels pr\u00e4ziser Messtechnik die G\u00fcte der selbstproduzierten oder zugekauften Gummimischungen. Dies garantiert angesichts der vielf\u00e4ltigen Prozessanforderungen eine gleichbleibend hohe Qualit\u00e4t der Gummirohstoffe.<br \/>Unsere Best\u00e4ndigkeitslisten f\u00fcr Elastomere finden Sie hier.<\/p>\t\t\t\t\t\t\t\t<\/div>\n\t\t\t\t<\/div>\n\t\t\t\t<div class=\"elementor-element elementor-element-fe6ac34 elementor-widget-divider--view-line elementor-widget elementor-widget-divider\" data-id=\"fe6ac34\" data-element_type=\"widget\" data-e-type=\"widget\" data-widget_type=\"divider.default\">\n\t\t\t\t<div class=\"elementor-widget-container\">\n\t\t\t\t\t\t\t<div class=\"elementor-divider\">\n\t\t\t<span class=\"elementor-divider-separator\">\n\t\t\t\t\t\t<\/span>\n\t\t<\/div>\n\t\t\t\t\t\t<\/div>\n\t\t\t\t<\/div>\n\t\t\t\t\t<\/div>\n\t\t<\/div>\n\t\t\t\t\t<\/div>\n\t\t<\/section>\n\t\t\t\t<section class=\"has_eae_slider elementor-section elementor-top-section elementor-element elementor-element-681bb5c elementor-section-full_width elementor-section-stretched elementor-reverse-tablet elementor-reverse-mobile set-max-width elementor-section-height-default elementor-section-height-default\" data-eae-slider=\"21385\" data-id=\"681bb5c\" data-element_type=\"section\" data-e-type=\"section\" data-settings=\"{&quot;stretch_section&quot;:&quot;section-stretched&quot;}\">\n\t\t\t\t\t\t<div class=\"elementor-container elementor-column-gap-default\">\n\t\t\t\t\t<div class=\"has_eae_slider elementor-column elementor-col-50 elementor-top-column elementor-element elementor-element-0819102\" data-eae-slider=\"29751\" data-id=\"0819102\" data-element_type=\"column\" data-e-type=\"column\">\n\t\t\t<div class=\"elementor-widget-wrap elementor-element-populated\">\n\t\t\t\t\t\t<div class=\"elementor-element elementor-element-4b7fd45 elementor-widget elementor-widget-image\" data-id=\"4b7fd45\" data-element_type=\"widget\" data-e-type=\"widget\" data-widget_type=\"image.default\">\n\t\t\t\t<div class=\"elementor-widget-container\">\n\t\t\t\t\t\t\t\t\t\t\t\t\t\t\t<img fetchpriority=\"high\" decoding=\"async\" width=\"800\" height=\"534\" src=\"https:\/\/www.jaegergroup.com\/wp-content\/uploads\/pixxio\/Jaeger Group\/Entwicklung-in-Produktion-1024x683.jpg\" class=\"attachment-large size-large wp-image-53031\" alt=\"Young student of electronics working on project\" srcset=\"https:\/\/www.jaegergroup.com\/wp-content\/uploads\/pixxio\/Jaeger%20Group\/Entwicklung-in-Produktion-1024x683.jpg 1024w, https:\/\/www.jaegergroup.com\/wp-content\/uploads\/pixxio\/Jaeger%20Group\/Entwicklung-in-Produktion-300x200.jpg 300w, https:\/\/www.jaegergroup.com\/wp-content\/uploads\/pixxio\/Jaeger%20Group\/Entwicklung-in-Produktion-768x512.jpg 768w, https:\/\/www.jaegergroup.com\/wp-content\/uploads\/pixxio\/Jaeger%20Group\/Entwicklung-in-Produktion-1536x1024.jpg 1536w, https:\/\/www.jaegergroup.com\/wp-content\/uploads\/pixxio\/Jaeger%20Group\/Entwicklung-in-Produktion.jpg 1920w\" sizes=\"(max-width: 800px) 100vw, 800px\" \/>\t\t\t\t\t\t\t\t\t\t\t\t\t\t\t<\/div>\n\t\t\t\t<\/div>\n\t\t\t\t\t<\/div>\n\t\t<\/div>\n\t\t\t\t<div class=\"has_eae_slider elementor-column elementor-col-50 elementor-top-column elementor-element elementor-element-2158270\" data-eae-slider=\"57202\" data-id=\"2158270\" data-element_type=\"column\" data-e-type=\"column\">\n\t\t\t<div class=\"elementor-widget-wrap elementor-element-populated\">\n\t\t\t\t\t\t<div class=\"elementor-element elementor-element-288d65c elementor-widget elementor-widget-heading\" data-id=\"288d65c\" data-element_type=\"widget\" data-e-type=\"widget\" data-widget_type=\"heading.default\">\n\t\t\t\t<div class=\"elementor-widget-container\">\n\t\t\t\t\t<h2 class=\"elementor-heading-title elementor-size-default\">Produktentwicklung<\/h2>\t\t\t\t<\/div>\n\t\t\t\t<\/div>\n\t\t\t\t<div class=\"elementor-element elementor-element-f0eca7f elementor-widget elementor-widget-text-editor\" data-id=\"f0eca7f\" data-element_type=\"widget\" data-e-type=\"widget\" data-widget_type=\"text-editor.default\">\n\t\t\t\t<div class=\"elementor-widget-container\">\n\t\t\t\t\t\t\t\t\t<p>Bereits zu Beginn der Projektierung wird im Hinblick auf die L\u00f6sungsentwicklung in Abstimmung mit unseren Fertigungsbetrieben die Make-or-Buy-Entscheidung getroffen. Dabei fokussieren wir uns stets auf eine zukunftsorientierte und optimale Produktion unter Ber\u00fccksichtigung eines marktgerechten Preises.&nbsp;<\/p>\n<p>Unsere technischen Vertriebsmitarbeiter:innen sowie Ingenieur:innen aus den Entwicklungsteams pr\u00fcfen die technische und f\u00fcr Sie gewinnbringende Umsetzung Ihrer Anfrage und setzen die entwickelten L\u00f6sungskonzepte in 2D- und 3D-Konstruktionen um. Wir erstellen f\u00fcr Sie optimale Produktgeometrien unter Einsatz der neuesten Technologien zur Gummiverarbeitung sowie Werkzeugkonzepte. Dabei nutzen wir FEM-Simulationen oder auch Rapid-Prototyping-Verfahren zur Designbeurteilung. Durch Neuformulierungen von Materialien und innovative Produkt- oder Prozessverbesserungen unterst\u00fctzen wir Sie dabei, Kosten einzusparen oder Ihre Performance zu steigern.<\/p>\t\t\t\t\t\t\t\t<\/div>\n\t\t\t\t<\/div>\n\t\t\t\t\t<\/div>\n\t\t<\/div>\n\t\t\t\t\t<\/div>\n\t\t<\/section>\n\t\t\t\t<section class=\"has_eae_slider elementor-section elementor-top-section elementor-element elementor-element-1eee770 elementor-section-full_width gray-seperator elementor-section-height-default elementor-section-height-default\" data-eae-slider=\"43548\" data-id=\"1eee770\" data-element_type=\"section\" data-e-type=\"section\">\n\t\t\t\t\t\t<div class=\"elementor-container elementor-column-gap-default\">\n\t\t\t\t\t<div class=\"has_eae_slider elementor-column elementor-col-100 elementor-top-column elementor-element elementor-element-7805905\" data-eae-slider=\"63187\" data-id=\"7805905\" data-element_type=\"column\" data-e-type=\"column\">\n\t\t\t<div class=\"elementor-widget-wrap elementor-element-populated\">\n\t\t\t\t\t\t<div class=\"elementor-element elementor-element-e0714f0 elementor-widget-divider--view-line elementor-widget elementor-widget-divider\" data-id=\"e0714f0\" data-element_type=\"widget\" data-e-type=\"widget\" data-widget_type=\"divider.default\">\n\t\t\t\t<div class=\"elementor-widget-container\">\n\t\t\t\t\t\t\t<div class=\"elementor-divider\">\n\t\t\t<span class=\"elementor-divider-separator\">\n\t\t\t\t\t\t<\/span>\n\t\t<\/div>\n\t\t\t\t\t\t<\/div>\n\t\t\t\t<\/div>\n\t\t\t\t\t<\/div>\n\t\t<\/div>\n\t\t\t\t\t<\/div>\n\t\t<\/section>\n\t\t\t\t<section class=\"has_eae_slider elementor-section elementor-top-section elementor-element elementor-element-6cd932ca elementor-section-full_width set-max-width elementor-section-height-default elementor-section-height-default\" data-eae-slider=\"55371\" data-id=\"6cd932ca\" data-element_type=\"section\" data-e-type=\"section\">\n\t\t\t\t\t\t<div class=\"elementor-container elementor-column-gap-default\">\n\t\t\t\t\t<div class=\"has_eae_slider elementor-column elementor-col-100 elementor-top-column elementor-element elementor-element-b73e096\" data-eae-slider=\"22182\" data-id=\"b73e096\" data-element_type=\"column\" data-e-type=\"column\">\n\t\t\t<div class=\"elementor-widget-wrap elementor-element-populated\">\n\t\t\t\t\t\t<div class=\"elementor-element elementor-element-60f7cc9b elementor-widget elementor-widget-heading\" data-id=\"60f7cc9b\" data-element_type=\"widget\" data-e-type=\"widget\" data-widget_type=\"heading.default\">\n\t\t\t\t<div class=\"elementor-widget-container\">\n\t\t\t\t\t<h2 class=\"elementor-heading-title elementor-size-default\">Entwicklung bei J\u00c4GER<\/h2>\t\t\t\t<\/div>\n\t\t\t\t<\/div>\n\t\t\t\t<div class=\"elementor-element elementor-element-6c92212b elementor-widget-divider--view-line elementor-widget elementor-widget-divider\" data-id=\"6c92212b\" data-element_type=\"widget\" data-e-type=\"widget\" data-widget_type=\"divider.default\">\n\t\t\t\t<div class=\"elementor-widget-container\">\n\t\t\t\t\t\t\t<div class=\"elementor-divider\">\n\t\t\t<span class=\"elementor-divider-separator\">\n\t\t\t\t\t\t<\/span>\n\t\t<\/div>\n\t\t\t\t\t\t<\/div>\n\t\t\t\t<\/div>\n\t\t\t\t<div class=\"elementor-element elementor-element-32f9743d elementor-widget elementor-widget-text-editor\" data-id=\"32f9743d\" data-element_type=\"widget\" data-e-type=\"widget\" data-widget_type=\"text-editor.default\">\n\t\t\t\t<div class=\"elementor-widget-container\">\n\t\t\t\t\t\t\t\t\t<p style=\"text-align: left;\">Entwicklung und Design eines Produktes entscheiden \u00fcber die ben\u00f6tigten Rohstoffe in der Produktion und die Eigenschaften im Einsatz. In diesem Interview verr\u00e4t Ihnen Dipl.-Ing. Christian Lempfer, Leiter der Produkt- und Prozessentwicklung, welche Ziele wir in der Produktentwicklung fr\u00fchzeitig verfolgen und wie wir Potentiale f\u00fcr effizientes Produktdesign bereits in der Konzeptionsphase identifizieren.<\/p>\t\t\t\t\t\t\t\t<\/div>\n\t\t\t\t<\/div>\n\t\t\t\t<div class=\"elementor-element elementor-element-6f8f21a7 elementor-widget-divider--view-line elementor-widget elementor-widget-divider\" data-id=\"6f8f21a7\" data-element_type=\"widget\" data-e-type=\"widget\" data-widget_type=\"divider.default\">\n\t\t\t\t<div class=\"elementor-widget-container\">\n\t\t\t\t\t\t\t<div class=\"elementor-divider\">\n\t\t\t<span class=\"elementor-divider-separator\">\n\t\t\t\t\t\t<\/span>\n\t\t<\/div>\n\t\t\t\t\t\t<\/div>\n\t\t\t\t<\/div>\n\t\t\t\t\t<\/div>\n\t\t<\/div>\n\t\t\t\t\t<\/div>\n\t\t<\/section>\n\t\t\t\t<section class=\"has_eae_slider elementor-section elementor-top-section elementor-element elementor-element-d3e5d09 elementor-section-full_width elementor-section-height-default elementor-section-height-default\" data-eae-slider=\"42089\" data-id=\"d3e5d09\" data-element_type=\"section\" data-e-type=\"section\">\n\t\t\t\t\t\t<div class=\"elementor-container elementor-column-gap-default\">\n\t\t\t\t\t<div class=\"has_eae_slider elementor-column elementor-col-100 elementor-top-column elementor-element elementor-element-b4ba108\" data-eae-slider=\"18008\" data-id=\"b4ba108\" data-element_type=\"column\" data-e-type=\"column\">\n\t\t\t<div class=\"elementor-widget-wrap elementor-element-populated\">\n\t\t\t\t\t\t<div class=\"elementor-element elementor-element-434f5e4 elementor-widget elementor-widget-video\" data-id=\"434f5e4\" data-element_type=\"widget\" data-e-type=\"widget\" data-settings=\"{&quot;video_type&quot;:&quot;hosted&quot;,&quot;start&quot;:0,&quot;controls&quot;:&quot;yes&quot;}\" data-widget_type=\"video.default\">\n\t\t\t\t<div class=\"elementor-widget-container\">\n\t\t\t\t\t\t\t<div class=\"e-hosted-video elementor-wrapper elementor-open-inline\">\n\t\t\t\t\t<video class=\"elementor-video\" src=\"https:\/\/www.jaegergroup.com\/wp-content\/uploads\/2021\/01\/Interview-Lempfer-Final.mp4\" controls=\"\" preload=\"metadata\" controlsList=\"nodownload\" poster=\"https:\/\/www.jaegergroup.com\/wp-content\/uploads\/2021\/01\/Interview-Lempfer-Thumbnail.jpg\"><\/video>\n\t\t\t\t<\/div>\n\t\t\t\t\t\t<\/div>\n\t\t\t\t<\/div>\n\t\t\t\t\t<\/div>\n\t\t<\/div>\n\t\t\t\t\t<\/div>\n\t\t<\/section>\n\t\t\t\t<\/div>\n\t\t","protected":false},"excerpt":{"rendered":"<p>WIR ERSCHAFFEN NEUES! Entwicklungsleistung \u2013 f\u00fcr komplexe Aufgaben Mischungsentwicklung Angefangen bei der Idee bis hin zum fertigen Produkt \u2013 bei uns profitieren Sie von ganzheitlichen L\u00f6sungskonzepten. Diesem Leitsatz folgend entwickeln wir eine Vielzahl an Gummimischungen in unserer eigenen Mischerei f\u00fcr Elastomer-Werkstoffe selbst. Die hierbei entstehenden Rezepturen schaffen die Grundlage f\u00fcr viele unserer hergestellten Produkte, damit [&hellip;]<\/p>\n","protected":false},"author":18,"featured_media":0,"parent":1405,"menu_order":3,"comment_status":"closed","ping_status":"closed","template":"elementor_header_footer","meta":{"_acf_changed":false,"footnotes":""},"class_list":["post-2796","page","type-page","status-publish","hentry"],"acf":[],"_links":{"self":[{"href":"https:\/\/www.jaegergroup.com\/de\/wp-json\/wp\/v2\/pages\/2796","targetHints":{"allow":["GET"]}}],"collection":[{"href":"https:\/\/www.jaegergroup.com\/de\/wp-json\/wp\/v2\/pages"}],"about":[{"href":"https:\/\/www.jaegergroup.com\/de\/wp-json\/wp\/v2\/types\/page"}],"author":[{"embeddable":true,"href":"https:\/\/www.jaegergroup.com\/de\/wp-json\/wp\/v2\/users\/18"}],"replies":[{"embeddable":true,"href":"https:\/\/www.jaegergroup.com\/de\/wp-json\/wp\/v2\/comments?post=2796"}],"version-history":[{"count":0,"href":"https:\/\/www.jaegergroup.com\/de\/wp-json\/wp\/v2\/pages\/2796\/revisions"}],"up":[{"embeddable":true,"href":"https:\/\/www.jaegergroup.com\/de\/wp-json\/wp\/v2\/pages\/1405"}],"wp:attachment":[{"href":"https:\/\/www.jaegergroup.com\/de\/wp-json\/wp\/v2\/media?parent=2796"}],"curies":[{"name":"wp","href":"https:\/\/api.w.org\/{rel}","templated":true}]}}