{"id":2806,"date":"2019-11-13T13:14:40","date_gmt":"2019-11-13T13:14:40","guid":{"rendered":"https:\/\/www.jaegergroup.com\/?page_id=2806"},"modified":"2025-05-28T12:07:37","modified_gmt":"2025-05-28T10:07:37","slug":"bestaendigkeitsliste","status":"publish","type":"page","link":"https:\/\/www.jaegergroup.com\/de\/loesungen\/wissenstransfer\/bestaendigkeitsliste\/","title":{"rendered":"Best\u00e4ndigkeitsliste"},"content":{"rendered":"\t\t<div data-elementor-type=\"wp-page\" data-elementor-id=\"2806\" class=\"elementor elementor-2806\" data-elementor-post-type=\"page\">\n\t\t\t\t\t\t<section class=\"has_eae_slider elementor-section elementor-top-section elementor-element elementor-element-26e26b5 elementor-section-full_width elementor-section-height-min-height elementor-section-items-bottom elementor-section-height-default\" data-eae-slider=\"92675\" data-id=\"26e26b5\" data-element_type=\"section\" data-e-type=\"section\" data-settings=\"{&quot;background_background&quot;:&quot;classic&quot;,&quot;background_motion_fx_motion_fx_scrolling&quot;:&quot;yes&quot;,&quot;background_motion_fx_translateY_effect&quot;:&quot;yes&quot;,&quot;background_motion_fx_translateY_speed&quot;:{&quot;unit&quot;:&quot;px&quot;,&quot;size&quot;:4,&quot;sizes&quot;:[]},&quot;background_motion_fx_translateY_affectedRange&quot;:{&quot;unit&quot;:&quot;%&quot;,&quot;size&quot;:&quot;&quot;,&quot;sizes&quot;:{&quot;start&quot;:0,&quot;end&quot;:100}},&quot;background_motion_fx_devices&quot;:[&quot;desktop&quot;,&quot;tablet&quot;,&quot;mobile&quot;]}\">\n\t\t\t\t\t\t<div class=\"elementor-container elementor-column-gap-default\">\n\t\t\t\t\t<div class=\"has_eae_slider elementor-column elementor-col-100 elementor-top-column elementor-element elementor-element-7b3ba442\" data-eae-slider=\"64346\" data-id=\"7b3ba442\" data-element_type=\"column\" data-e-type=\"column\">\n\t\t\t<div class=\"elementor-widget-wrap\">\n\t\t\t\t\t\t\t<\/div>\n\t\t<\/div>\n\t\t\t\t\t<\/div>\n\t\t<\/section>\n\t\t\t\t<section class=\"has_eae_slider elementor-section elementor-top-section elementor-element elementor-element-6e737728 elementor-section-full_width page-start set-max-width elementor-section-height-default elementor-section-height-default\" data-eae-slider=\"82399\" data-id=\"6e737728\" data-element_type=\"section\" data-e-type=\"section\">\n\t\t\t\t\t\t<div class=\"elementor-container elementor-column-gap-default\">\n\t\t\t\t\t<div class=\"has_eae_slider elementor-column elementor-col-100 elementor-top-column elementor-element elementor-element-558bbac5\" data-eae-slider=\"7752\" data-id=\"558bbac5\" data-element_type=\"column\" data-e-type=\"column\">\n\t\t\t<div class=\"elementor-widget-wrap elementor-element-populated\">\n\t\t\t\t\t\t<div class=\"elementor-element elementor-element-7bb23b42 headlineGreen elementor-widget elementor-widget-heading\" data-id=\"7bb23b42\" data-element_type=\"widget\" data-e-type=\"widget\" data-widget_type=\"heading.default\">\n\t\t\t\t<div class=\"elementor-widget-container\">\n\t\t\t\t\t<h1 class=\"elementor-heading-title elementor-size-default\">Best\u00e4ndigkeitsliste f\u00fcr Elastomere<\/h1>\t\t\t\t<\/div>\n\t\t\t\t<\/div>\n\t\t\t\t<div class=\"elementor-element elementor-element-6101a764 elementor-widget elementor-widget-text-editor\" data-id=\"6101a764\" data-element_type=\"widget\" data-e-type=\"widget\" data-widget_type=\"text-editor.default\">\n\t\t\t\t<div class=\"elementor-widget-container\">\n\t\t\t\t\t\t\t\t\tDie Best\u00e4ndigkeit von Elastomeren gegen\u00fcber bestimmten Medien h\u00e4ngt von verschiedenen Faktoren wie Temperatur, Druck, Dauer des Kontaktes, Durchflussgeschwindigkeit oder auch der mechanischen Beanspruchung ab.\n\nUm Konstrukteur:innen, Eink\u00e4ufer:innen und Entwickler:innen bei der Wahl einer geeigneten Gummiqualit\u00e4t f\u00fcr ihren spezifischen Anwendungsfall zu unterst\u00fctzen, haben wir in unserer nachfolgenden Best\u00e4ndigkeitsliste die chemische Best\u00e4ndigkeit verschiedener Elastomere zusammengestellt. Die Tabelle wurde auf Basis von Unterlagen und Erfahrungen der chemischen und gummiverarbeitenden Industrie sowie Ver\u00f6ffentlichungen der bekannten Rohstoffhersteller zusammengestellt, erhebt dabei allerdings keinen Anspruch auf Vollst\u00e4ndigkeit.\n\nBei der Wahl einer geeigneten Gummiqualit\u00e4t spielt auch das anzuwendende Fertigungsverfahren eine entscheidende Rolle. In unserem J\u00c4GER Wiki finden Sie dazu weitere Erl\u00e4uterungen.\n\nUm die Eignung einer Gummimischung zu pr\u00fcfen, ist es sinnvoll das Vulkanisat unter tats\u00e4chlichen oder nachgestellten Einsatzbedingungen zu pr\u00fcfen. Unseren Kunden bieten wir die M\u00f6glichkeit an, uns eine Chemikalienprobe inklusive Informationen zu Ihren jeweiligen Einsatzbedingungen zukommen zu lassen. In unseren Pr\u00fcflaboren pr\u00fcfen wir im Anschluss daran im Rahmen diverser Tests die Best\u00e4ndigkeit Ihrer Probe.\t\t\t\t\t\t\t\t<\/div>\n\t\t\t\t<\/div>\n\t\t\t\t<div class=\"elementor-element elementor-element-4704b596 elementor-widget-divider--view-line elementor-widget elementor-widget-divider\" data-id=\"4704b596\" data-element_type=\"widget\" data-e-type=\"widget\" data-widget_type=\"divider.default\">\n\t\t\t\t<div class=\"elementor-widget-container\">\n\t\t\t\t\t\t\t<div class=\"elementor-divider\">\n\t\t\t<span class=\"elementor-divider-separator\">\n\t\t\t\t\t\t<\/span>\n\t\t<\/div>\n\t\t\t\t\t\t<\/div>\n\t\t\t\t<\/div>\n\t\t\t\t\t<\/div>\n\t\t<\/div>\n\t\t\t\t\t<\/div>\n\t\t<\/section>\n\t\t\t\t<section class=\"has_eae_slider elementor-section elementor-top-section elementor-element elementor-element-70aac6e0 elementor-section-full_width elementor-section-stretched set-max-width elementor-hidden-desktop elementor-hidden-tablet elementor-hidden-mobile elementor-section-height-default elementor-section-height-default\" data-eae-slider=\"662\" data-id=\"70aac6e0\" data-element_type=\"section\" data-e-type=\"section\" data-settings=\"{&quot;stretch_section&quot;:&quot;section-stretched&quot;}\">\n\t\t\t\t\t\t<div class=\"elementor-container elementor-column-gap-default\">\n\t\t\t\t\t<div class=\"has_eae_slider elementor-column elementor-col-50 elementor-top-column elementor-element elementor-element-1e5caf0d\" data-eae-slider=\"96843\" data-id=\"1e5caf0d\" data-element_type=\"column\" data-e-type=\"column\">\n\t\t\t<div class=\"elementor-widget-wrap elementor-element-populated\">\n\t\t\t\t\t\t<div class=\"elementor-element elementor-element-6cabee40 elementor-widget elementor-widget-text-editor\" data-id=\"6cabee40\" data-element_type=\"widget\" data-e-type=\"widget\" data-widget_type=\"text-editor.default\">\n\t\t\t\t<div class=\"elementor-widget-container\">\n\t\t\t\t\t\t\t\t\tGeben Sie einfach ein Material oder Suchbegriff in das Eingabefeld ein. W\u00e4hlen Sie anschlie\u00dfend aus den Vorschl\u00e4gen den entsprechenden Begriff aus, um weitere Informationen \u00fcber die jeweilige Best\u00e4ndigkeit zu erhalten. Alternativ w\u00e4hlen Sie einen vorhandenen Begriff aus der alphabetisch sortierten Liste aus.\n\nSie k\u00f6nnen jederzeit den Suchbegriff erneut durch neue Eingabe aktualisieren.\t\t\t\t\t\t\t\t<\/div>\n\t\t\t\t<\/div>\n\t\t\t\t\t<\/div>\n\t\t<\/div>\n\t\t\t\t<div class=\"has_eae_slider elementor-column elementor-col-50 elementor-top-column elementor-element elementor-element-b4e9620\" data-eae-slider=\"99011\" data-id=\"b4e9620\" data-element_type=\"column\" data-e-type=\"column\">\n\t\t\t<div class=\"elementor-widget-wrap elementor-element-populated\">\n\t\t\t\t\t\t<div class=\"elementor-element elementor-element-f4507a1 elementor-widget elementor-widget-shortcode\" data-id=\"f4507a1\" data-element_type=\"widget\" data-e-type=\"widget\" data-widget_type=\"shortcode.default\">\n\t\t\t\t<div class=\"elementor-widget-container\">\n\t\t\t\t\t\t\t<div class=\"elementor-shortcode\"><form id=\"bestForm\" onsubmit=\"return false\">\n<input name=\"bestsearchfield\" value=\"\" id=\"bestsearchbutton\" class=\"bestsearchbutton\" >\n<p style=\"margin-top: 10px; font-size: 16px;\" id=\"bestOutput\" class=\"bestOutput\"><\/p>\n<\/form><\/div>\n\t\t\t\t\t\t<\/div>\n\t\t\t\t<\/div>\n\t\t\t\t<div class=\"elementor-element elementor-element-c058dae elementor-widget elementor-widget-shortcode\" data-id=\"c058dae\" data-element_type=\"widget\" data-e-type=\"widget\" data-widget_type=\"shortcode.default\">\n\t\t\t\t<div class=\"elementor-widget-container\">\n\t\t\t\t\t\t\t<div class=\"elementor-shortcode\"><div class=\"bestselectBox\" id=\"bestselectBox\">\n\t<p style=\"font-size: 15px;\">Vollst\u00e4ndige Liste (A-Z):<\/p>\n<\/div><\/div>\n\t\t\t\t\t\t<\/div>\n\t\t\t\t<\/div>\n\t\t\t\t\t<\/div>\n\t\t<\/div>\n\t\t\t\t\t<\/div>\n\t\t<\/section>\n\t\t\t\t<section class=\"has_eae_slider elementor-section elementor-top-section elementor-element elementor-element-1dd484e elementor-section-full_width elementor-hidden-desktop elementor-hidden-tablet elementor-hidden-mobile elementor-section-height-default elementor-section-height-default\" data-eae-slider=\"75734\" data-id=\"1dd484e\" data-element_type=\"section\" data-e-type=\"section\">\n\t\t\t\t\t\t<div class=\"elementor-container elementor-column-gap-default\">\n\t\t\t\t\t<div class=\"has_eae_slider elementor-column elementor-col-100 elementor-top-column elementor-element elementor-element-1f4cc2c\" data-eae-slider=\"67365\" data-id=\"1f4cc2c\" data-element_type=\"column\" data-e-type=\"column\" id=\"bestAuswahlTitel\">\n\t\t\t<div class=\"elementor-widget-wrap\">\n\t\t\t\t\t\t\t<\/div>\n\t\t<\/div>\n\t\t\t\t\t<\/div>\n\t\t<\/section>\n\t\t\t\t<section class=\"has_eae_slider elementor-section elementor-top-section elementor-element elementor-element-98d4666 elementor-section-full_width elementor-hidden-desktop elementor-hidden-tablet elementor-hidden-mobile elementor-section-height-default elementor-section-height-default\" data-eae-slider=\"4802\" data-id=\"98d4666\" data-element_type=\"section\" data-e-type=\"section\">\n\t\t\t\t\t\t<div class=\"elementor-container elementor-column-gap-default\">\n\t\t\t\t\t<div class=\"has_eae_slider elementor-column elementor-col-100 elementor-top-column elementor-element elementor-element-c9a49b8\" data-eae-slider=\"30580\" data-id=\"c9a49b8\" data-element_type=\"column\" data-e-type=\"column\" id=\"bestAuswahlDetails\">\n\t\t\t<div class=\"elementor-widget-wrap\">\n\t\t\t\t\t\t\t<\/div>\n\t\t<\/div>\n\t\t\t\t\t<\/div>\n\t\t<\/section>\n\t\t\t\t<section class=\"has_eae_slider elementor-section elementor-top-section elementor-element elementor-element-2e79cbe elementor-section-full_width elementor-hidden-desktop elementor-hidden-tablet elementor-hidden-mobile elementor-section-height-default elementor-section-height-default\" data-eae-slider=\"10553\" data-id=\"2e79cbe\" data-element_type=\"section\" data-e-type=\"section\">\n\t\t\t\t\t\t<div class=\"elementor-container elementor-column-gap-default\">\n\t\t\t\t\t<div class=\"has_eae_slider elementor-column elementor-col-50 elementor-top-column elementor-element elementor-element-bad344a\" data-eae-slider=\"37934\" data-id=\"bad344a\" data-element_type=\"column\" data-e-type=\"column\">\n\t\t\t<div class=\"elementor-widget-wrap elementor-element-populated\">\n\t\t\t\t\t\t<div class=\"elementor-element elementor-element-9a8e9d6 elementor-widget elementor-widget-heading\" data-id=\"9a8e9d6\" data-element_type=\"widget\" data-e-type=\"widget\" data-widget_type=\"heading.default\">\n\t\t\t\t<div class=\"elementor-widget-container\">\n\t\t\t\t\t<h2 class=\"elementor-heading-title elementor-size-default\">Sehr best\u00e4ndig<\/h2>\t\t\t\t<\/div>\n\t\t\t\t<\/div>\n\t\t\t\t\t<\/div>\n\t\t<\/div>\n\t\t\t\t<div class=\"has_eae_slider elementor-column elementor-col-50 elementor-top-column elementor-element elementor-element-65c96a5\" data-eae-slider=\"3154\" data-id=\"65c96a5\" data-element_type=\"column\" data-e-type=\"column\">\n\t\t\t<div class=\"elementor-widget-wrap elementor-element-populated\">\n\t\t\t\t\t\t<div class=\"elementor-element elementor-element-853bd95 elementor-widget elementor-widget-heading\" data-id=\"853bd95\" data-element_type=\"widget\" data-e-type=\"widget\" data-widget_type=\"heading.default\">\n\t\t\t\t<div class=\"elementor-widget-container\">\n\t\t\t\t\t<h2 class=\"elementor-heading-title elementor-size-default\">Best\u00e4ndig<\/h2>\t\t\t\t<\/div>\n\t\t\t\t<\/div>\n\t\t\t\t\t<\/div>\n\t\t<\/div>\n\t\t\t\t\t<\/div>\n\t\t<\/section>\n\t\t\t\t<section class=\"has_eae_slider elementor-section elementor-top-section elementor-element elementor-element-f918666 elementor-section-full_width elementor-hidden-desktop elementor-hidden-tablet elementor-hidden-mobile elementor-section-height-default elementor-section-height-default\" data-eae-slider=\"33247\" data-id=\"f918666\" data-element_type=\"section\" data-e-type=\"section\">\n\t\t\t\t\t\t<div class=\"elementor-container elementor-column-gap-default\">\n\t\t\t\t\t<div class=\"has_eae_slider elementor-column elementor-col-50 elementor-top-column elementor-element elementor-element-cebed4a\" data-eae-slider=\"45617\" data-id=\"cebed4a\" data-element_type=\"column\" data-e-type=\"column\">\n\t\t\t<div class=\"elementor-widget-wrap elementor-element-populated\">\n\t\t\t\t\t\t<div class=\"elementor-element elementor-element-0bfa352 elementor-widget elementor-widget-heading\" data-id=\"0bfa352\" data-element_type=\"widget\" data-e-type=\"widget\" data-widget_type=\"heading.default\">\n\t\t\t\t<div class=\"elementor-widget-container\">\n\t\t\t\t\t<h2 class=\"elementor-heading-title elementor-size-default\">M\u00e4\u00dfig best\u00e4ndig<\/h2>\t\t\t\t<\/div>\n\t\t\t\t<\/div>\n\t\t\t\t\t<\/div>\n\t\t<\/div>\n\t\t\t\t<div class=\"has_eae_slider elementor-column elementor-col-50 elementor-top-column elementor-element elementor-element-025ea36\" data-eae-slider=\"24314\" data-id=\"025ea36\" data-element_type=\"column\" data-e-type=\"column\">\n\t\t\t<div class=\"elementor-widget-wrap elementor-element-populated\">\n\t\t\t\t\t\t<div class=\"elementor-element elementor-element-df0be31 elementor-widget elementor-widget-heading\" data-id=\"df0be31\" data-element_type=\"widget\" data-e-type=\"widget\" data-widget_type=\"heading.default\">\n\t\t\t\t<div class=\"elementor-widget-container\">\n\t\t\t\t\t<h2 class=\"elementor-heading-title elementor-size-default\">Nicht best\u00e4ndig<\/h2>\t\t\t\t<\/div>\n\t\t\t\t<\/div>\n\t\t\t\t\t<\/div>\n\t\t<\/div>\n\t\t\t\t\t<\/div>\n\t\t<\/section>\n\t\t\t\t<section class=\"has_eae_slider elementor-section elementor-top-section elementor-element elementor-element-f8f8ec7 elementor-section-full_width elementor-hidden-desktop elementor-hidden-tablet elementor-hidden-mobile elementor-section-height-default elementor-section-height-default\" data-eae-slider=\"45337\" data-id=\"f8f8ec7\" data-element_type=\"section\" data-e-type=\"section\">\n\t\t\t\t\t\t<div class=\"elementor-container elementor-column-gap-default\">\n\t\t\t\t\t<div class=\"has_eae_slider elementor-column elementor-col-50 elementor-top-column elementor-element elementor-element-590c186\" data-eae-slider=\"8377\" data-id=\"590c186\" data-element_type=\"column\" data-e-type=\"column\">\n\t\t\t<div class=\"elementor-widget-wrap elementor-element-populated\">\n\t\t\t\t\t\t<div class=\"elementor-element elementor-element-6db9438 elementor-widget elementor-widget-heading\" data-id=\"6db9438\" data-element_type=\"widget\" data-e-type=\"widget\" data-widget_type=\"heading.default\">\n\t\t\t\t<div class=\"elementor-widget-container\">\n\t\t\t\t\t<h2 class=\"elementor-heading-title elementor-size-default\">Nicht getestet<\/h2>\t\t\t\t<\/div>\n\t\t\t\t<\/div>\n\t\t\t\t\t<\/div>\n\t\t<\/div>\n\t\t\t\t<div class=\"has_eae_slider elementor-column elementor-col-50 elementor-top-column elementor-element elementor-element-9c45686\" data-eae-slider=\"15723\" data-id=\"9c45686\" data-element_type=\"column\" data-e-type=\"column\">\n\t\t\t<div class=\"elementor-widget-wrap\">\n\t\t\t\t\t\t\t<\/div>\n\t\t<\/div>\n\t\t\t\t\t<\/div>\n\t\t<\/section>\n\t\t\t\t<section class=\"has_eae_slider elementor-section elementor-top-section elementor-element elementor-element-5e5e831 elementor-section-boxed elementor-section-height-default elementor-section-height-default\" data-eae-slider=\"91155\" data-id=\"5e5e831\" data-element_type=\"section\" data-e-type=\"section\">\n\t\t\t\t\t\t<div class=\"elementor-container elementor-column-gap-default\">\n\t\t\t\t\t<div class=\"has_eae_slider elementor-column elementor-col-100 elementor-top-column elementor-element elementor-element-d8e8487\" data-eae-slider=\"84550\" data-id=\"d8e8487\" data-element_type=\"column\" data-e-type=\"column\">\n\t\t\t<div class=\"elementor-widget-wrap elementor-element-populated\">\n\t\t\t\t\t\t<div class=\"elementor-element elementor-element-76f96af elementor-widget elementor-widget-html\" data-id=\"76f96af\" data-element_type=\"widget\" data-e-type=\"widget\" data-widget_type=\"html.default\">\n\t\t\t\t<div class=\"elementor-widget-container\">\n\t\t\t\t\t<style>\n  .container-flex {\n    display: flex;\n    gap: 32px;\n    align-items: flex-start;\n    margin-top: 20px;\n  }\n  .stoff-liste-wrapper {\n    width: 40%;\n    height: 600px;\n    overflow-y: auto;\n    border: 1px solid #ccc;\n    border-radius: 6px;\n    background: #f9f9f9;\n    padding: 10px;\n  }\n  .stoff-liste {\n    list-style: none;\n    padding: 0;\n    margin: 0;\n  }\n  .stoff-liste li {\n    margin-bottom: 5px;\n  }\n  .stoff-btn {\n    display: block;\n    width: 100%;\n    padding: 6px 10px;\n    background: #33a264;\n    color: #fff;\n    border: none;\n    border-radius: 4px;\n    text-align: left;\n    cursor: pointer;\n    font-size: 1em;\n    margin-bottom: 3px;\n    transition: background 0.2s;\n  }\n  .stoff-btn:hover, .stoff-btn:focus {\n    background: #1565c0;\n  }\n  .bereich {\n    flex: 1 1 0;\n    width: 60%;\n    margin-top: 0;\n  }\n  .bereich h2 {\n    margin-top: 0;\n  }\n  .bestandteile {\n    margin-bottom: 14px;\n  }\n  @media (max-width: 900px) {\n    .container-flex { flex-direction: column-reverse; }\n    .stoff-liste-wrapper, .bereich { min-width: 0; width: 100%; }\n  }\n<\/style>\n\n<div class=\"container-flex\">\n  <div class=\"bereich\" id=\"ergebnis\">\n    <h2 id=\"stoffTitel\">Best\u00e4ndigkeiten<\/h2>\n    <p>W\u00e4hlen Sie aus den Vorschl\u00e4gen den entsprechenden Begriff aus, um weitere Informationen \u00fcber die jeweilige Best\u00e4ndigkeit zu erhalten.\u00a0<\/p>\n    <div class=\"bestandteile\" id=\"aBereich\"><\/div>\n    <div class=\"bestandteile\" id=\"bBereich\"><\/div>\n    <div class=\"bestandteile\" id=\"cBereich\"><\/div>\n    <div class=\"bestandteile\" id=\"uBereich\"><\/div>\n    <div class=\"bestandteile\" id=\"ntBereich\"><\/div>\n  <\/div>\n  <div class=\"stoff-liste-wrapper\">\n    <ul class=\"stoff-liste\" id=\"stoffListe\"><\/ul>\n  <\/div>\n<\/div>\n\n<script>\n(function($) {\n  let csvData = [];\n  let header = [];\n  const kategorien = {\n    \"A\": \"Sehr best\u00e4ndig\",\n    \"B\": \"Best\u00e4ndig\",\n    \"C\": \"M\u00e4\u00dfig best\u00e4ndig\",\n    \"U\": \"Nicht best\u00e4ndig\",\n    \"nt\": \"Nicht getestet\"\n  };\n\n  $(document).ready(function() {\n    $.ajax({\n      url: '\/custom\/bestaendigkeitsliste.csv', \/\/ Pfad zur CSV anpassen!\n      dataType: 'text',\n      success: function(data) {\n        parseCSV(data);\n        renderStoffListe();\n        \/\/ Optional: ersten Stoff direkt anzeigen\n        \/\/ if(csvData.length) zeigeStoff(0);\n      },\n      error: function() {\n        alert('Fehler beim Laden der CSV-Datei!');\n      }\n    });\n  });\n\n  function parseCSV(text) {\n    csvData = [];\n    const lines = text.trim().split('\\n');\n    header = lines[0].split(';');\n    for (let i = 1; i < lines.length; i++) {\n      const row = lines[i].split(';');\n      csvData.push(row);\n    }\n  }\n\n  function renderStoffListe() {\n    $('#stoffListe').empty();\n    csvData.forEach((row, idx) => {\n      const stoff = row[0];\n      const temp = row[1];\n      const btn = $('<button class=\"stoff-btn\">')\n        .text(`${stoff} (${temp})`)\n        .click(() => zeigeStoff(idx));\n      const li = $('<li>').append(btn);\n      $('#stoffListe').append(li);\n    });\n  }\n\n  function zeigeStoff(idx) {\n    const row = csvData[idx];\n    $('#stoffTitel').text(`${row[0]} (${row[1]})`);\n    const gruppen = { \"A\": [], \"B\": [], \"C\": [], \"U\": [], \"nt\": [] };\n    for (let i = 2; i < header.length; i++) {\n      const wert = row[i];\n      if (gruppen[wert]) gruppen[wert].push(header[i]);\n    }\n    $('#aBereich').html(`<h3>${kategorien.A}<\/h3>${gruppen.A.join(', ') || '<em>keine<\/em>'}`);\n    $('#bBereich').html(`<h3>${kategorien.B}<\/h3>${gruppen.B.join(', ') || '<em>keine<\/em>'}`);\n    $('#cBereich').html(`<h3>${kategorien.C}<\/h3>${gruppen.C.join(', ') || '<em>keine<\/em>'}`);\n    $('#uBereich').html(`<h3>${kategorien.U}<\/h3>${gruppen.U.join(', ') || '<em>keine<\/em>'}`);\n    $('#ntBereich').html(`<h3>${kategorien.nt}<\/h3>${gruppen.nt.join(', ') || '<em>keine<\/em>'}`);\n  }\n})(jQuery);\n<\/script>\n\t\t\t\t<\/div>\n\t\t\t\t<\/div>\n\t\t\t\t\t<\/div>\n\t\t<\/div>\n\t\t\t\t\t<\/div>\n\t\t<\/section>\n\t\t\t\t<\/div>\n\t\t","protected":false},"excerpt":{"rendered":"<p>Best\u00e4ndigkeitsliste f\u00fcr Elastomere Die Best\u00e4ndigkeit von Elastomeren gegen\u00fcber bestimmten Medien h\u00e4ngt von verschiedenen Faktoren wie Temperatur, Druck, Dauer des Kontaktes, Durchflussgeschwindigkeit oder auch der mechanischen Beanspruchung ab. Um Konstrukteur:innen, Eink\u00e4ufer:innen und Entwickler:innen bei der Wahl einer geeigneten Gummiqualit\u00e4t f\u00fcr ihren spezifischen Anwendungsfall zu unterst\u00fctzen, haben wir in unserer nachfolgenden Best\u00e4ndigkeitsliste die chemische Best\u00e4ndigkeit verschiedener Elastomere [&hellip;]<\/p>\n","protected":false},"author":18,"featured_media":0,"parent":2306,"menu_order":3,"comment_status":"closed","ping_status":"closed","template":"","meta":{"_acf_changed":false,"footnotes":""},"class_list":["post-2806","page","type-page","status-publish","hentry"],"acf":[],"_links":{"self":[{"href":"https:\/\/www.jaegergroup.com\/de\/wp-json\/wp\/v2\/pages\/2806","targetHints":{"allow":["GET"]}}],"collection":[{"href":"https:\/\/www.jaegergroup.com\/de\/wp-json\/wp\/v2\/pages"}],"about":[{"href":"https:\/\/www.jaegergroup.com\/de\/wp-json\/wp\/v2\/types\/page"}],"author":[{"embeddable":true,"href":"https:\/\/www.jaegergroup.com\/de\/wp-json\/wp\/v2\/users\/18"}],"replies":[{"embeddable":true,"href":"https:\/\/www.jaegergroup.com\/de\/wp-json\/wp\/v2\/comments?post=2806"}],"version-history":[{"count":0,"href":"https:\/\/www.jaegergroup.com\/de\/wp-json\/wp\/v2\/pages\/2806\/revisions"}],"up":[{"embeddable":true,"href":"https:\/\/www.jaegergroup.com\/de\/wp-json\/wp\/v2\/pages\/2306"}],"wp:attachment":[{"href":"https:\/\/www.jaegergroup.com\/de\/wp-json\/wp\/v2\/media?parent=2806"}],"curies":[{"name":"wp","href":"https:\/\/api.w.org\/{rel}","templated":true}]}}