{"id":2811,"date":"2019-11-13T13:18:11","date_gmt":"2019-11-13T13:18:11","guid":{"rendered":"https:\/\/www.jaegergroup.com\/?page_id=2811"},"modified":"2023-04-21T12:58:47","modified_gmt":"2023-04-21T10:58:47","slug":"vorstellungsgespraech","status":"publish","type":"page","link":"https:\/\/www.jaegergroup.com\/de\/karriere\/ausbildung\/vorstellungsgespraech\/","title":{"rendered":"Vorstellungsgespr\u00e4ch"},"content":{"rendered":"\t\t<div data-elementor-type=\"wp-page\" data-elementor-id=\"2811\" class=\"elementor elementor-2811\" data-elementor-post-type=\"page\">\n\t\t\t\t\t\t<section class=\"has_eae_slider elementor-section elementor-top-section elementor-element elementor-element-e5627f6 elementor-section-full_width elementor-section-height-min-height elementor-section-items-bottom elementor-section-height-default\" data-eae-slider=\"57017\" data-id=\"e5627f6\" data-element_type=\"section\" data-e-type=\"section\" data-settings=\"{&quot;background_background&quot;:&quot;classic&quot;,&quot;background_motion_fx_motion_fx_scrolling&quot;:&quot;yes&quot;,&quot;background_motion_fx_translateY_effect&quot;:&quot;yes&quot;,&quot;background_motion_fx_translateY_speed&quot;:{&quot;unit&quot;:&quot;px&quot;,&quot;size&quot;:4,&quot;sizes&quot;:[]},&quot;background_motion_fx_translateY_affectedRange&quot;:{&quot;unit&quot;:&quot;%&quot;,&quot;size&quot;:&quot;&quot;,&quot;sizes&quot;:{&quot;start&quot;:0,&quot;end&quot;:100}},&quot;background_motion_fx_devices&quot;:[&quot;desktop&quot;,&quot;tablet&quot;,&quot;mobile&quot;]}\">\n\t\t\t\t\t\t<div class=\"elementor-container elementor-column-gap-default\">\n\t\t\t\t\t<div class=\"has_eae_slider elementor-column elementor-col-100 elementor-top-column elementor-element elementor-element-4465ef2\" data-eae-slider=\"16665\" data-id=\"4465ef2\" data-element_type=\"column\" data-e-type=\"column\">\n\t\t\t<div class=\"elementor-widget-wrap elementor-element-populated\">\n\t\t\t\t\t\t<div class=\"elementor-element elementor-element-82b4704 title-header elementor-widget elementor-widget-heading\" data-id=\"82b4704\" data-element_type=\"widget\" data-e-type=\"widget\" data-widget_type=\"heading.default\">\n\t\t\t\t<div class=\"elementor-widget-container\">\n\t\t\t\t\t<p class=\"elementor-heading-title elementor-size-default\">ERZ\u00c4HL UNS VON DIR!<\/p>\t\t\t\t<\/div>\n\t\t\t\t<\/div>\n\t\t\t\t\t<\/div>\n\t\t<\/div>\n\t\t\t\t\t<\/div>\n\t\t<\/section>\n\t\t\t\t<section class=\"has_eae_slider elementor-section elementor-top-section elementor-element elementor-element-e7833df elementor-section-full_width page-start elementor-section-height-default elementor-section-height-default\" data-eae-slider=\"77502\" data-id=\"e7833df\" data-element_type=\"section\" data-e-type=\"section\">\n\t\t\t\t\t\t<div class=\"elementor-container elementor-column-gap-default\">\n\t\t\t\t\t<div class=\"has_eae_slider elementor-column elementor-col-100 elementor-top-column elementor-element elementor-element-9e7cadc\" data-eae-slider=\"80497\" data-id=\"9e7cadc\" data-element_type=\"column\" data-e-type=\"column\">\n\t\t\t<div class=\"elementor-widget-wrap elementor-element-populated\">\n\t\t\t\t\t\t<div class=\"elementor-element elementor-element-6f012e2 headlineGreen elementor-widget elementor-widget-heading\" data-id=\"6f012e2\" data-element_type=\"widget\" data-e-type=\"widget\" data-widget_type=\"heading.default\">\n\t\t\t\t<div class=\"elementor-widget-container\">\n\t\t\t\t\t<h1 class=\"elementor-heading-title elementor-size-default\">Das perfekte Vorstellungsgespr\u00e4ch\n<\/h1>\t\t\t\t<\/div>\n\t\t\t\t<\/div>\n\t\t\t\t<div class=\"elementor-element elementor-element-09f051f elementor-widget elementor-widget-text-editor\" data-id=\"09f051f\" data-element_type=\"widget\" data-e-type=\"widget\" data-widget_type=\"text-editor.default\">\n\t\t\t\t<div class=\"elementor-widget-container\">\n\t\t\t\t\t\t\t\t\t<div class=\"fusion-layout-column fusion_builder_column fusion-builder-column-43 fusion_builder_column_1_2 1_2 fusion-one-half fusion-column-first\"><div class=\"fusion-column-wrapper fusion-flex-column-wrapper-legacy\"><div class=\"fusion-text fusion-text-69\"><p>Durch das Bewerbungsgespr\u00e4ch haben wir die M\u00f6glichkeit, uns besser kennenzulernen. Mit den folgenden Tipps steht einem erfolgreichen Gespr\u00e4ch nichts im Wege:<\/p><\/div><div class=\"fusion-clearfix\">\u00a0<\/div><\/div><\/div><div class=\"fusion-layout-column fusion_builder_column fusion-builder-column-44 fusion_builder_column_1_1 1_1 fusion-one-full fusion-column-last\"><div class=\"fusion-column-wrapper fusion-flex-column-wrapper-legacy\">\u00a0<\/div><\/div>\t\t\t\t\t\t\t\t<\/div>\n\t\t\t\t<\/div>\n\t\t\t\t\t<\/div>\n\t\t<\/div>\n\t\t\t\t\t<\/div>\n\t\t<\/section>\n\t\t\t\t<section class=\"has_eae_slider elementor-section elementor-top-section elementor-element elementor-element-2de93aa6 elementor-section-full_width set-max-width elementor-section-height-default elementor-section-height-default\" data-eae-slider=\"98039\" data-id=\"2de93aa6\" data-element_type=\"section\" data-e-type=\"section\">\n\t\t\t\t\t\t<div class=\"elementor-container elementor-column-gap-default\">\n\t\t\t\t\t<div class=\"has_eae_slider elementor-column elementor-col-100 elementor-top-column elementor-element elementor-element-7c5f55\" data-eae-slider=\"57536\" data-id=\"7c5f55\" data-element_type=\"column\" data-e-type=\"column\">\n\t\t\t<div class=\"elementor-widget-wrap elementor-element-populated\">\n\t\t\t\t\t\t<div class=\"elementor-element elementor-element-6dcf9017 elementor-widget elementor-widget-heading\" data-id=\"6dcf9017\" data-element_type=\"widget\" data-e-type=\"widget\" data-widget_type=\"heading.default\">\n\t\t\t\t<div class=\"elementor-widget-container\">\n\t\t\t\t\t<h2 class=\"elementor-heading-title elementor-size-default\">1. DIE RECHERCHE\n\n<\/h2>\t\t\t\t<\/div>\n\t\t\t\t<\/div>\n\t\t\t\t<div class=\"elementor-element elementor-element-6d4aa2e6 elementor-widget-divider--view-line elementor-widget elementor-widget-divider\" data-id=\"6d4aa2e6\" data-element_type=\"widget\" data-e-type=\"widget\" data-widget_type=\"divider.default\">\n\t\t\t\t<div class=\"elementor-widget-container\">\n\t\t\t\t\t\t\t<div class=\"elementor-divider\">\n\t\t\t<span class=\"elementor-divider-separator\">\n\t\t\t\t\t\t<\/span>\n\t\t<\/div>\n\t\t\t\t\t\t<\/div>\n\t\t\t\t<\/div>\n\t\t\t\t<div class=\"elementor-element elementor-element-3b2d99cf elementor-widget elementor-widget-text-editor\" data-id=\"3b2d99cf\" data-element_type=\"widget\" data-e-type=\"widget\" data-widget_type=\"text-editor.default\">\n\t\t\t\t<div class=\"elementor-widget-container\">\n\t\t\t\t\t\t\t\t\t<p>Um gut vorbereitet in das Gespr\u00e4ch zu starten, solltest du dir vorab Infos \u00fcber unser Unternehmen anschauen. Zum Beispiel: Was f\u00fcr Produkte verkaufen wir? In welcher Branche sind wir t\u00e4tig? Wie viele Mitarbeiter:innen haben wir? All diese Informationen findest du auf unserer Webseite.<\/p>\t\t\t\t\t\t\t\t<\/div>\n\t\t\t\t<\/div>\n\t\t\t\t<div class=\"elementor-element elementor-element-7b680879 elementor-widget-divider--view-line elementor-widget elementor-widget-divider\" data-id=\"7b680879\" data-element_type=\"widget\" data-e-type=\"widget\" data-widget_type=\"divider.default\">\n\t\t\t\t<div class=\"elementor-widget-container\">\n\t\t\t\t\t\t\t<div class=\"elementor-divider\">\n\t\t\t<span class=\"elementor-divider-separator\">\n\t\t\t\t\t\t<\/span>\n\t\t<\/div>\n\t\t\t\t\t\t<\/div>\n\t\t\t\t<\/div>\n\t\t\t\t\t<\/div>\n\t\t<\/div>\n\t\t\t\t\t<\/div>\n\t\t<\/section>\n\t\t\t\t<section class=\"has_eae_slider elementor-section elementor-top-section elementor-element elementor-element-f5a5b7e elementor-section-full_width set-max-width elementor-section-height-default elementor-section-height-default\" data-eae-slider=\"86021\" data-id=\"f5a5b7e\" data-element_type=\"section\" data-e-type=\"section\">\n\t\t\t\t\t\t<div class=\"elementor-container elementor-column-gap-default\">\n\t\t\t\t\t<div class=\"has_eae_slider elementor-column elementor-col-100 elementor-top-column elementor-element elementor-element-d6d9cf9\" data-eae-slider=\"81371\" data-id=\"d6d9cf9\" data-element_type=\"column\" data-e-type=\"column\">\n\t\t\t<div class=\"elementor-widget-wrap elementor-element-populated\">\n\t\t\t\t\t\t<div class=\"elementor-element elementor-element-69643e9 elementor-widget elementor-widget-heading\" data-id=\"69643e9\" data-element_type=\"widget\" data-e-type=\"widget\" data-widget_type=\"heading.default\">\n\t\t\t\t<div class=\"elementor-widget-container\">\n\t\t\t\t\t<h2 class=\"elementor-heading-title elementor-size-default\">2. DEINE SELBSTPR\u00c4SENTATION\n\n<\/h2>\t\t\t\t<\/div>\n\t\t\t\t<\/div>\n\t\t\t\t<div class=\"elementor-element elementor-element-e3ff84b elementor-widget-divider--view-line elementor-widget elementor-widget-divider\" data-id=\"e3ff84b\" data-element_type=\"widget\" data-e-type=\"widget\" data-widget_type=\"divider.default\">\n\t\t\t\t<div class=\"elementor-widget-container\">\n\t\t\t\t\t\t\t<div class=\"elementor-divider\">\n\t\t\t<span class=\"elementor-divider-separator\">\n\t\t\t\t\t\t<\/span>\n\t\t<\/div>\n\t\t\t\t\t\t<\/div>\n\t\t\t\t<\/div>\n\t\t\t\t<div class=\"elementor-element elementor-element-d3cfa4b elementor-widget elementor-widget-text-editor\" data-id=\"d3cfa4b\" data-element_type=\"widget\" data-e-type=\"widget\" data-widget_type=\"text-editor.default\">\n\t\t\t\t<div class=\"elementor-widget-container\">\n\t\t\t\t\t\t\t\t\t<div class=\"fusion-text fusion-text-73\"><p>In dem Vorstellungsgespr\u00e4ch bekommst du die Chance, dich selbst zu pr\u00e4sentieren. Dabei solltest du uns neben deinem schulischen Laufweg auch etwas \u00fcber deine ersten beruflichen Eindr\u00fccke erz\u00e4hlen. Du kannst auch gern deine Hobbys einbinden. Wichtig ist nur, dass die einzelnen Stationen einen roten Faden ergeben und deine Pr\u00e4sentation nicht l\u00e4nger als drei bis vier Minuten dauert. Du kannst dich hierauf sehr gut vorbereiten, indem du deine Selbstpr\u00e4sentation vor deiner Familie oder Freund:innen vortr\u00e4gst.<\/p><\/div>\t\t\t\t\t\t\t\t<\/div>\n\t\t\t\t<\/div>\n\t\t\t\t<div class=\"elementor-element elementor-element-7e0a749 elementor-widget-divider--view-line elementor-widget elementor-widget-divider\" data-id=\"7e0a749\" data-element_type=\"widget\" data-e-type=\"widget\" data-widget_type=\"divider.default\">\n\t\t\t\t<div class=\"elementor-widget-container\">\n\t\t\t\t\t\t\t<div class=\"elementor-divider\">\n\t\t\t<span class=\"elementor-divider-separator\">\n\t\t\t\t\t\t<\/span>\n\t\t<\/div>\n\t\t\t\t\t\t<\/div>\n\t\t\t\t<\/div>\n\t\t\t\t\t<\/div>\n\t\t<\/div>\n\t\t\t\t\t<\/div>\n\t\t<\/section>\n\t\t\t\t<section class=\"has_eae_slider elementor-section elementor-top-section elementor-element elementor-element-a372751 elementor-section-full_width set-max-width elementor-section-height-default elementor-section-height-default\" data-eae-slider=\"5189\" data-id=\"a372751\" data-element_type=\"section\" data-e-type=\"section\">\n\t\t\t\t\t\t<div class=\"elementor-container elementor-column-gap-default\">\n\t\t\t\t\t<div class=\"has_eae_slider elementor-column elementor-col-100 elementor-top-column elementor-element elementor-element-062cf1e\" data-eae-slider=\"89355\" data-id=\"062cf1e\" data-element_type=\"column\" data-e-type=\"column\">\n\t\t\t<div class=\"elementor-widget-wrap elementor-element-populated\">\n\t\t\t\t\t\t<div class=\"elementor-element elementor-element-bca8f43 elementor-widget elementor-widget-heading\" data-id=\"bca8f43\" data-element_type=\"widget\" data-e-type=\"widget\" data-widget_type=\"heading.default\">\n\t\t\t\t<div class=\"elementor-widget-container\">\n\t\t\t\t\t<h2 class=\"elementor-heading-title elementor-size-default\">3. DAS GESPR\u00c4CH\n\n<\/h2>\t\t\t\t<\/div>\n\t\t\t\t<\/div>\n\t\t\t\t<div class=\"elementor-element elementor-element-52c45fd elementor-widget-divider--view-line elementor-widget elementor-widget-divider\" data-id=\"52c45fd\" data-element_type=\"widget\" data-e-type=\"widget\" data-widget_type=\"divider.default\">\n\t\t\t\t<div class=\"elementor-widget-container\">\n\t\t\t\t\t\t\t<div class=\"elementor-divider\">\n\t\t\t<span class=\"elementor-divider-separator\">\n\t\t\t\t\t\t<\/span>\n\t\t<\/div>\n\t\t\t\t\t\t<\/div>\n\t\t\t\t<\/div>\n\t\t\t\t<div class=\"elementor-element elementor-element-c7b3425 elementor-widget elementor-widget-text-editor\" data-id=\"c7b3425\" data-element_type=\"widget\" data-e-type=\"widget\" data-widget_type=\"text-editor.default\">\n\t\t\t\t<div class=\"elementor-widget-container\">\n\t\t\t\t\t\t\t\t\t<div class=\"fusion-text fusion-text-73\"><div class=\"fusion-text fusion-text-75\"><p>Nach deiner Selbstpr\u00e4sentation geht es mit dem eigentlichen Gespr\u00e4ch weiter. Deine Familie oder Freund:innen k\u00f6nnen dir zur Vorbereitung Standardfragen auf Basis deiner Bewerbungsunterlagen stellen. \u00dcbt dabei auch gern mit anspruchsvolleren Fragen, damit du lernst, auch in Stresssituationen einen k\u00fchlen Kopf zu bewahren.<\/p><\/div><\/div>\t\t\t\t\t\t\t\t<\/div>\n\t\t\t\t<\/div>\n\t\t\t\t<div class=\"elementor-element elementor-element-e63324e elementor-widget-divider--view-line elementor-widget elementor-widget-divider\" data-id=\"e63324e\" data-element_type=\"widget\" data-e-type=\"widget\" data-widget_type=\"divider.default\">\n\t\t\t\t<div class=\"elementor-widget-container\">\n\t\t\t\t\t\t\t<div class=\"elementor-divider\">\n\t\t\t<span class=\"elementor-divider-separator\">\n\t\t\t\t\t\t<\/span>\n\t\t<\/div>\n\t\t\t\t\t\t<\/div>\n\t\t\t\t<\/div>\n\t\t\t\t\t<\/div>\n\t\t<\/div>\n\t\t\t\t\t<\/div>\n\t\t<\/section>\n\t\t\t\t<section class=\"has_eae_slider elementor-section elementor-top-section elementor-element elementor-element-d47a54a elementor-section-full_width set-max-width elementor-section-height-default elementor-section-height-default\" data-eae-slider=\"24286\" data-id=\"d47a54a\" data-element_type=\"section\" data-e-type=\"section\">\n\t\t\t\t\t\t<div class=\"elementor-container elementor-column-gap-default\">\n\t\t\t\t\t<div class=\"has_eae_slider elementor-column elementor-col-100 elementor-top-column elementor-element elementor-element-9df94c5\" data-eae-slider=\"92688\" data-id=\"9df94c5\" data-element_type=\"column\" data-e-type=\"column\">\n\t\t\t<div class=\"elementor-widget-wrap elementor-element-populated\">\n\t\t\t\t\t\t<div class=\"elementor-element elementor-element-73dc207 elementor-widget elementor-widget-heading\" data-id=\"73dc207\" data-element_type=\"widget\" data-e-type=\"widget\" data-widget_type=\"heading.default\">\n\t\t\t\t<div class=\"elementor-widget-container\">\n\t\t\t\t\t<h2 class=\"elementor-heading-title elementor-size-default\">4. DER RICHTIGE LOOK\n\n<\/h2>\t\t\t\t<\/div>\n\t\t\t\t<\/div>\n\t\t\t\t<div class=\"elementor-element elementor-element-4968a74 elementor-widget-divider--view-line elementor-widget elementor-widget-divider\" data-id=\"4968a74\" data-element_type=\"widget\" data-e-type=\"widget\" data-widget_type=\"divider.default\">\n\t\t\t\t<div class=\"elementor-widget-container\">\n\t\t\t\t\t\t\t<div class=\"elementor-divider\">\n\t\t\t<span class=\"elementor-divider-separator\">\n\t\t\t\t\t\t<\/span>\n\t\t<\/div>\n\t\t\t\t\t\t<\/div>\n\t\t\t\t<\/div>\n\t\t\t\t<div class=\"elementor-element elementor-element-3717f21 elementor-widget elementor-widget-text-editor\" data-id=\"3717f21\" data-element_type=\"widget\" data-e-type=\"widget\" data-widget_type=\"text-editor.default\">\n\t\t\t\t<div class=\"elementor-widget-container\">\n\t\t\t\t\t\t\t\t\t<div class=\"fusion-text fusion-text-73\"><div class=\"fusion-text fusion-text-75\"><div class=\"fusion-text fusion-text-77\"><p>Versuche dich bei der Wahl des richtigen Looks f\u00fcr das Bewerbungsgespr\u00e4ch an der Branche und dem Ausbildungsberuf zu orientieren. Wenn du dich f\u00fcr einen kaufm\u00e4nnischen Beruf bewirbst, solltest du ein Hemd oder eine Bluse tragen. Eine Hose im \u201eused look\u201c ist dabei nicht zu empfehlen. Bei gewerblichen Berufen ist die Kleiderordnung legerer, einen Pullover zu tragen ist hier angemessen. In jedem Fall solltest du darauf achten, dass deine Haare gewaschen sowie aus dem Gesicht sind und gegebenenfalls dein Bart gepflegt ist. Wie f\u00fcr das Gespr\u00e4ch gilt auch f\u00fcr das Styling: Nicht verstellen oder zu dick auftragen. Zeige dich von deiner besten Seite und unterstreiche deine Vorz\u00fcge. Das Make-up soll nicht ablenken, sondern m\u00f6glichst nat\u00fcrlich aussehen.<\/p><\/div><\/div><\/div>\t\t\t\t\t\t\t\t<\/div>\n\t\t\t\t<\/div>\n\t\t\t\t<div class=\"elementor-element elementor-element-99f799c elementor-widget-divider--view-line elementor-widget elementor-widget-divider\" data-id=\"99f799c\" data-element_type=\"widget\" data-e-type=\"widget\" data-widget_type=\"divider.default\">\n\t\t\t\t<div class=\"elementor-widget-container\">\n\t\t\t\t\t\t\t<div class=\"elementor-divider\">\n\t\t\t<span class=\"elementor-divider-separator\">\n\t\t\t\t\t\t<\/span>\n\t\t<\/div>\n\t\t\t\t\t\t<\/div>\n\t\t\t\t<\/div>\n\t\t\t\t\t<\/div>\n\t\t<\/div>\n\t\t\t\t\t<\/div>\n\t\t<\/section>\n\t\t\t\t<section class=\"has_eae_slider elementor-section elementor-top-section elementor-element elementor-element-6a6a16f elementor-section-full_width set-max-width elementor-section-height-default elementor-section-height-default\" data-eae-slider=\"53809\" data-id=\"6a6a16f\" data-element_type=\"section\" data-e-type=\"section\">\n\t\t\t\t\t\t<div class=\"elementor-container elementor-column-gap-default\">\n\t\t\t\t\t<div class=\"has_eae_slider elementor-column elementor-col-100 elementor-top-column elementor-element elementor-element-2fef661\" data-eae-slider=\"49351\" data-id=\"2fef661\" data-element_type=\"column\" data-e-type=\"column\">\n\t\t\t<div class=\"elementor-widget-wrap elementor-element-populated\">\n\t\t\t\t\t\t<div class=\"elementor-element elementor-element-f8339f7 elementor-widget elementor-widget-heading\" data-id=\"f8339f7\" data-element_type=\"widget\" data-e-type=\"widget\" data-widget_type=\"heading.default\">\n\t\t\t\t<div class=\"elementor-widget-container\">\n\t\t\t\t\t<h2 class=\"elementor-heading-title elementor-size-default\">5. DAS VORSTELLUNGSGESPR\u00c4CH\n\n<\/h2>\t\t\t\t<\/div>\n\t\t\t\t<\/div>\n\t\t\t\t<div class=\"elementor-element elementor-element-ea795e7 elementor-widget-divider--view-line elementor-widget elementor-widget-divider\" data-id=\"ea795e7\" data-element_type=\"widget\" data-e-type=\"widget\" data-widget_type=\"divider.default\">\n\t\t\t\t<div class=\"elementor-widget-container\">\n\t\t\t\t\t\t\t<div class=\"elementor-divider\">\n\t\t\t<span class=\"elementor-divider-separator\">\n\t\t\t\t\t\t<\/span>\n\t\t<\/div>\n\t\t\t\t\t\t<\/div>\n\t\t\t\t<\/div>\n\t\t\t\t<div class=\"elementor-element elementor-element-cd0925b elementor-widget elementor-widget-text-editor\" data-id=\"cd0925b\" data-element_type=\"widget\" data-e-type=\"widget\" data-widget_type=\"text-editor.default\">\n\t\t\t\t<div class=\"elementor-widget-container\">\n\t\t\t\t\t\t\t\t\t<p>Nun ist es soweit: Das Vorstellungsgespr\u00e4ch steht vor der T\u00fcr. Um nicht zu aufgeregt zu sein, versuch dich vorher zu entspannen \u2013 hier hilft es oft, ein Buch zu lesen, Musik zu h\u00f6ren oder einen Spaziergang zu machen. Sei am besten 15 Minuten vor Beginn des Gespr\u00e4ches vor Ort. So versp\u00e4test du dich nicht und kannst vor dem Gespr\u00e4ch noch einmal in Ruhe durchatmen und deine Gedanken sortieren. Denk w\u00e4hrend des Gespr\u00e4ches immer daran: Deine Interviewer:innen sind auch nur Menschen und du wurdest wegen deiner Qualifikationen eingeladen! Extra-Tipp: Wenn dir etwas zu trinken angeboten wird, nimm es ruhig an. Solltest du bei einer Frage l\u00e4nger nachdenken m\u00fcssen, kannst du einen Schluck trinken und es entsteht keine unangenehme Stille. Achte darauf, langsam und deutlich zu sprechen. Dadurch wirkst du kompetenter und deiner:m Interviewer:in f\u00e4llt es einfacher, dir zuzuh\u00f6ren und Fragen zu stellen. Es ist absolut in Ordnung, wenn du dir Notizen vor und w\u00e4hrend des Gespr\u00e4ches machst. Wir erwarten nicht von dir, dass du all deine Fragen auswendig kannst. Die Notizen zeugen auch von einer strukturierten Arbeitsmethode.<\/p>\t\t\t\t\t\t\t\t<\/div>\n\t\t\t\t<\/div>\n\t\t\t\t<div class=\"elementor-element elementor-element-3c043e3 elementor-widget-divider--view-line elementor-widget elementor-widget-divider\" data-id=\"3c043e3\" data-element_type=\"widget\" data-e-type=\"widget\" data-widget_type=\"divider.default\">\n\t\t\t\t<div class=\"elementor-widget-container\">\n\t\t\t\t\t\t\t<div class=\"elementor-divider\">\n\t\t\t<span class=\"elementor-divider-separator\">\n\t\t\t\t\t\t<\/span>\n\t\t<\/div>\n\t\t\t\t\t\t<\/div>\n\t\t\t\t<\/div>\n\t\t\t\t\t<\/div>\n\t\t<\/div>\n\t\t\t\t\t<\/div>\n\t\t<\/section>\n\t\t\t\t<\/div>\n\t\t","protected":false},"excerpt":{"rendered":"<p>ERZ\u00c4HL UNS VON DIR! Das perfekte Vorstellungsgespr\u00e4ch Durch das Bewerbungsgespr\u00e4ch haben wir die M\u00f6glichkeit, uns besser kennenzulernen. Mit den folgenden Tipps steht einem erfolgreichen Gespr\u00e4ch nichts im Wege: 1. DIE RECHERCHE Um gut vorbereitet in das Gespr\u00e4ch zu starten, solltest du dir vorab Infos \u00fcber unser Unternehmen anschauen. Zum Beispiel: Was f\u00fcr Produkte verkaufen wir? [&hellip;]<\/p>\n","protected":false},"author":18,"featured_media":0,"parent":2099,"menu_order":0,"comment_status":"closed","ping_status":"closed","template":"","meta":{"_acf_changed":false,"footnotes":""},"class_list":["post-2811","page","type-page","status-publish","hentry"],"acf":[],"_links":{"self":[{"href":"https:\/\/www.jaegergroup.com\/de\/wp-json\/wp\/v2\/pages\/2811","targetHints":{"allow":["GET"]}}],"collection":[{"href":"https:\/\/www.jaegergroup.com\/de\/wp-json\/wp\/v2\/pages"}],"about":[{"href":"https:\/\/www.jaegergroup.com\/de\/wp-json\/wp\/v2\/types\/page"}],"author":[{"embeddable":true,"href":"https:\/\/www.jaegergroup.com\/de\/wp-json\/wp\/v2\/users\/18"}],"replies":[{"embeddable":true,"href":"https:\/\/www.jaegergroup.com\/de\/wp-json\/wp\/v2\/comments?post=2811"}],"version-history":[{"count":0,"href":"https:\/\/www.jaegergroup.com\/de\/wp-json\/wp\/v2\/pages\/2811\/revisions"}],"up":[{"embeddable":true,"href":"https:\/\/www.jaegergroup.com\/de\/wp-json\/wp\/v2\/pages\/2099"}],"wp:attachment":[{"href":"https:\/\/www.jaegergroup.com\/de\/wp-json\/wp\/v2\/media?parent=2811"}],"curies":[{"name":"wp","href":"https:\/\/api.w.org\/{rel}","templated":true}]}}