{"id":2831,"date":"2019-11-13T13:47:12","date_gmt":"2019-11-13T13:47:12","guid":{"rendered":"https:\/\/www.jaegergroup.com\/?page_id=2831"},"modified":"2022-04-19T08:13:12","modified_gmt":"2022-04-19T06:13:12","slug":"qualitaet","status":"publish","type":"page","link":"https:\/\/www.jaegergroup.com\/de\/unternehmen\/daten-fakten\/qualitaet\/","title":{"rendered":"Qualit\u00e4t"},"content":{"rendered":"\t\t<div data-elementor-type=\"wp-page\" data-elementor-id=\"2831\" class=\"elementor elementor-2831\" data-elementor-post-type=\"page\">\n\t\t\t\t\t\t<section class=\"has_eae_slider elementor-section elementor-top-section elementor-element elementor-element-b76f37d elementor-section-full_width elementor-section-height-min-height elementor-section-items-bottom elementor-section-height-default\" data-eae-slider=\"43707\" data-id=\"b76f37d\" data-element_type=\"section\" data-e-type=\"section\" data-settings=\"{&quot;background_background&quot;:&quot;classic&quot;,&quot;background_motion_fx_motion_fx_scrolling&quot;:&quot;yes&quot;,&quot;background_motion_fx_translateY_effect&quot;:&quot;yes&quot;,&quot;background_motion_fx_translateY_speed&quot;:{&quot;unit&quot;:&quot;px&quot;,&quot;size&quot;:4,&quot;sizes&quot;:[]},&quot;background_motion_fx_translateY_affectedRange&quot;:{&quot;unit&quot;:&quot;%&quot;,&quot;size&quot;:&quot;&quot;,&quot;sizes&quot;:{&quot;start&quot;:0,&quot;end&quot;:100}},&quot;background_motion_fx_devices&quot;:[&quot;desktop&quot;,&quot;tablet&quot;,&quot;mobile&quot;]}\">\n\t\t\t\t\t\t<div class=\"elementor-container elementor-column-gap-default\">\n\t\t\t\t\t<div class=\"has_eae_slider elementor-column elementor-col-100 elementor-top-column elementor-element elementor-element-bcf5bed\" data-eae-slider=\"15399\" data-id=\"bcf5bed\" data-element_type=\"column\" data-e-type=\"column\">\n\t\t\t<div class=\"elementor-widget-wrap elementor-element-populated\">\n\t\t\t\t\t\t<div class=\"elementor-element elementor-element-ad7e3f4 title-header elementor-widget elementor-widget-heading\" data-id=\"ad7e3f4\" data-element_type=\"widget\" data-e-type=\"widget\" data-widget_type=\"heading.default\">\n\t\t\t\t<div class=\"elementor-widget-container\">\n\t\t\t\t\t<p class=\"elementor-heading-title elementor-size-default\">QUALIT\u00c4T,  DIE SICH <BR \/>\nMESSEN LASSEN KANN<\/p>\t\t\t\t<\/div>\n\t\t\t\t<\/div>\n\t\t\t\t\t<\/div>\n\t\t<\/div>\n\t\t\t\t\t<\/div>\n\t\t<\/section>\n\t\t\t\t<section class=\"has_eae_slider elementor-section elementor-top-section elementor-element elementor-element-33db8ff elementor-section-full_width page-start elementor-section-height-default elementor-section-height-default\" data-eae-slider=\"86632\" data-id=\"33db8ff\" data-element_type=\"section\" data-e-type=\"section\">\n\t\t\t\t\t\t<div class=\"elementor-container elementor-column-gap-default\">\n\t\t\t\t\t<div class=\"has_eae_slider elementor-column elementor-col-100 elementor-top-column elementor-element elementor-element-e197836\" data-eae-slider=\"77559\" data-id=\"e197836\" data-element_type=\"column\" data-e-type=\"column\">\n\t\t\t<div class=\"elementor-widget-wrap elementor-element-populated\">\n\t\t\t\t\t\t<div class=\"elementor-element elementor-element-6345c76 headlineGreen elementor-widget elementor-widget-heading\" data-id=\"6345c76\" data-element_type=\"widget\" data-e-type=\"widget\" data-widget_type=\"heading.default\">\n\t\t\t\t<div class=\"elementor-widget-container\">\n\t\t\t\t\t<h1 class=\"elementor-heading-title elementor-size-default\">Unser Qualit\u00e4tsanspruch\n<\/h1>\t\t\t\t<\/div>\n\t\t\t\t<\/div>\n\t\t\t\t<div class=\"elementor-element elementor-element-1b7ce53 elementor-widget elementor-widget-text-editor\" data-id=\"1b7ce53\" data-element_type=\"widget\" data-e-type=\"widget\" data-widget_type=\"text-editor.default\">\n\t\t\t\t<div class=\"elementor-widget-container\">\n\t\t\t\t\t\t\t\t\t<p>Unser hoher Qualit\u00e4tsanspruch innerhalb der J\u00c4GER Group ist fest in dem Denken und Handeln unserer Mitarbeiter:innen verankert. Qualit\u00e4t bildet stets die Grundlage unserer t\u00e4glichen Aufgaben sowie jedes Prozess- oder Produktionsschrittes. So liefern wir neben unserer umfassenden Produktvielfalt auch Qualit\u00e4t, die Ma\u00dfst\u00e4be setzt.\u00a0<\/p><p>Im Sinne einer kontinuierlichen Verbesserung entwickeln wir unser Qualit\u00e4tsmanagementsystem st\u00e4ndig weiter und alle Unternehmen der J\u00c4GER Group sind nach DIN EN ISO 9001 zertifiziert, um genau dieses Engagement auch unseren Kunden und Lieferanten widerzuspiegeln.\u00a0<\/p><p>Um unseren Kunden h\u00f6chste Qualit\u00e4tsanspr\u00fcche garantieren zu k\u00f6nnen, steht uns in unseren hauseigenen Laboren innerhalb der J\u00c4GER Group ein breites Spektrum an Ger\u00e4ten zur Verf\u00fcgung. Dieser Service kommt Ihnen und uns bei der Entwicklung von Mischungen und Produkten zugute.<\/p>\t\t\t\t\t\t\t\t<\/div>\n\t\t\t\t<\/div>\n\t\t\t\t\t<\/div>\n\t\t<\/div>\n\t\t\t\t\t<\/div>\n\t\t<\/section>\n\t\t\t\t<section class=\"has_eae_slider elementor-section elementor-top-section elementor-element elementor-element-ec5f1b1 elementor-section-stretched quote elementor-section-boxed elementor-section-height-default elementor-section-height-default\" data-eae-slider=\"3326\" data-id=\"ec5f1b1\" data-element_type=\"section\" data-e-type=\"section\" data-settings=\"{&quot;background_background&quot;:&quot;classic&quot;,&quot;stretch_section&quot;:&quot;section-stretched&quot;}\">\n\t\t\t\t\t\t<div class=\"elementor-container elementor-column-gap-default\">\n\t\t\t\t\t<div class=\"has_eae_slider elementor-column elementor-col-100 elementor-top-column elementor-element elementor-element-6a5f344\" data-eae-slider=\"66498\" data-id=\"6a5f344\" data-element_type=\"column\" data-e-type=\"column\">\n\t\t\t<div class=\"elementor-widget-wrap elementor-element-populated\">\n\t\t\t\t\t\t<div class=\"elementor-element elementor-element-eb04d2d elementor-blockquote--skin-quotation elementor-blockquote--align-center quote-box elementor-widget elementor-widget-blockquote\" data-id=\"eb04d2d\" data-element_type=\"widget\" data-e-type=\"widget\" data-widget_type=\"blockquote.default\">\n\t\t\t\t<div class=\"elementor-widget-container\">\n\t\t\t\t\t\t\t<blockquote class=\"elementor-blockquote\">\n\t\t\t<p class=\"elementor-blockquote__content\">\n\t\t\t\tGummi ist ein faszinierender Werkstoff, der st\u00e4ndig neu erforscht wird. Inzwischen gibt es viele vorhersehbare und \u00fcberpr\u00fcfbare Aspekte, aber es bleibt ein interessantes Material. Ein gro\u00dfer Erfahrungsschatz ist das Wichtigste, was man erwerben kann.\n\t\t\t<\/p>\n\t\t\t\t\t\t\t<div class=\"e-q-footer\">\n\t\t\t\t\t\t\t\t\t\t\t<cite class=\"elementor-blockquote__author\">Dr. Christian von Niswandt-Wilhelmi<\/cite>\n\t\t\t\t\t\t\t\t\t\t\t\t\t\t<\/div>\n\t\t\t\t\t<\/blockquote>\n\t\t\t\t\t\t<\/div>\n\t\t\t\t<\/div>\n\t\t\t\t\t<\/div>\n\t\t<\/div>\n\t\t\t\t\t<\/div>\n\t\t<\/section>\n\t\t\t\t<section class=\"has_eae_slider elementor-section elementor-top-section elementor-element elementor-element-86dc3a2 elementor-section-full_width set-max-width elementor-section-height-default elementor-section-height-default\" data-eae-slider=\"37107\" data-id=\"86dc3a2\" data-element_type=\"section\" data-e-type=\"section\">\n\t\t\t\t\t\t<div class=\"elementor-container elementor-column-gap-default\">\n\t\t\t\t\t<div class=\"has_eae_slider elementor-column elementor-col-100 elementor-top-column elementor-element elementor-element-bed9cb9\" data-eae-slider=\"37987\" data-id=\"bed9cb9\" data-element_type=\"column\" data-e-type=\"column\">\n\t\t\t<div class=\"elementor-widget-wrap elementor-element-populated\">\n\t\t\t\t\t\t<div class=\"elementor-element elementor-element-3070884 elementor-widget elementor-widget-menu-anchor\" data-id=\"3070884\" data-element_type=\"widget\" data-e-type=\"widget\" data-widget_type=\"menu-anchor.default\">\n\t\t\t\t<div class=\"elementor-widget-container\">\n\t\t\t\t\t\t\t<div class=\"elementor-menu-anchor\" id=\"pruefverfahren\"><\/div>\n\t\t\t\t\t\t<\/div>\n\t\t\t\t<\/div>\n\t\t\t\t<div class=\"elementor-element elementor-element-1eca9a4 elementor-widget elementor-widget-heading\" data-id=\"1eca9a4\" data-element_type=\"widget\" data-e-type=\"widget\" data-widget_type=\"heading.default\">\n\t\t\t\t<div class=\"elementor-widget-container\">\n\t\t\t\t\t<h2 class=\"elementor-heading-title elementor-size-default\">Unsere Pr\u00fcfverfahren<\/h2>\t\t\t\t<\/div>\n\t\t\t\t<\/div>\n\t\t\t\t<div class=\"elementor-element elementor-element-dc6528f elementor-widget elementor-widget-text-editor\" data-id=\"dc6528f\" data-element_type=\"widget\" data-e-type=\"widget\" data-widget_type=\"text-editor.default\">\n\t\t\t\t<div class=\"elementor-widget-container\">\n\t\t\t\t\t\t\t\t\tDie Kombination einzelner Testergebnisse in Bezug auf verschiedene Fragen hilft, konkrete Antworten zu finden. Die folgenden Pr\u00fcfungen f\u00fchren wir im Hinblick auf Qualit\u00e4t und Material in unseren Laboren durch:\n\n\t\t\t\t\t\t\t\t<\/div>\n\t\t\t\t<\/div>\n\t\t\t\t\t<\/div>\n\t\t<\/div>\n\t\t\t\t\t<\/div>\n\t\t<\/section>\n\t\t\t\t<section class=\"has_eae_slider elementor-section elementor-top-section elementor-element elementor-element-74cdd703 elementor-section-full_width checklist set-max-width elementor-section-height-default elementor-section-height-default\" data-eae-slider=\"1876\" data-id=\"74cdd703\" data-element_type=\"section\" data-e-type=\"section\">\n\t\t\t\t\t\t<div class=\"elementor-container elementor-column-gap-default\">\n\t\t\t\t\t<div class=\"has_eae_slider elementor-column elementor-col-50 elementor-top-column elementor-element elementor-element-25473568\" data-eae-slider=\"28331\" data-id=\"25473568\" data-element_type=\"column\" data-e-type=\"column\">\n\t\t\t<div class=\"elementor-widget-wrap elementor-element-populated\">\n\t\t\t\t\t\t<div class=\"elementor-element elementor-element-40b295c3 elementor-icon-list--layout-traditional elementor-list-item-link-full_width elementor-widget elementor-widget-icon-list\" data-id=\"40b295c3\" data-element_type=\"widget\" data-e-type=\"widget\" data-widget_type=\"icon-list.default\">\n\t\t\t\t<div class=\"elementor-widget-container\">\n\t\t\t\t\t\t\t<ul class=\"elementor-icon-list-items\">\n\t\t\t\t\t\t\t<li class=\"elementor-icon-list-item\">\n\t\t\t\t\t\t\t\t\t\t\t<span class=\"elementor-icon-list-icon\">\n\t\t\t\t\t\t\t<svg xmlns=\"http:\/\/www.w3.org\/2000\/svg\" id=\"Ebene_1\" data-name=\"Ebene 1\" viewBox=\"0 0 43.46 13.46\"><defs><style>.cls-1{fill:#35a164;}<\/style><\/defs><rect class=\"cls-1\" width=\"43.46\" height=\"13.46\"><\/rect><\/svg>\t\t\t\t\t\t<\/span>\n\t\t\t\t\t\t\t\t\t\t<span class=\"elementor-icon-list-text\">Mooney-Viskosit\u00e4t<\/span>\n\t\t\t\t\t\t\t\t\t<\/li>\n\t\t\t\t\t\t\t\t<li class=\"elementor-icon-list-item\">\n\t\t\t\t\t\t\t\t\t\t\t<span class=\"elementor-icon-list-icon\">\n\t\t\t\t\t\t\t<svg xmlns=\"http:\/\/www.w3.org\/2000\/svg\" id=\"Ebene_1\" data-name=\"Ebene 1\" viewBox=\"0 0 43.46 13.46\"><defs><style>.cls-1{fill:#35a164;}<\/style><\/defs><rect class=\"cls-1\" width=\"43.46\" height=\"13.46\"><\/rect><\/svg>\t\t\t\t\t\t<\/span>\n\t\t\t\t\t\t\t\t\t\t<span class=\"elementor-icon-list-text\">Abriebfestigkeit<\/span>\n\t\t\t\t\t\t\t\t\t<\/li>\n\t\t\t\t\t\t\t\t<li class=\"elementor-icon-list-item\">\n\t\t\t\t\t\t\t\t\t\t\t<span class=\"elementor-icon-list-icon\">\n\t\t\t\t\t\t\t<svg xmlns=\"http:\/\/www.w3.org\/2000\/svg\" id=\"Ebene_1\" data-name=\"Ebene 1\" viewBox=\"0 0 43.46 13.46\"><defs><style>.cls-1{fill:#35a164;}<\/style><\/defs><rect class=\"cls-1\" width=\"43.46\" height=\"13.46\"><\/rect><\/svg>\t\t\t\t\t\t<\/span>\n\t\t\t\t\t\t\t\t\t\t<span class=\"elementor-icon-list-text\">Druckverformungsrest<\/span>\n\t\t\t\t\t\t\t\t\t<\/li>\n\t\t\t\t\t\t\t\t<li class=\"elementor-icon-list-item\">\n\t\t\t\t\t\t\t\t\t\t\t<span class=\"elementor-icon-list-icon\">\n\t\t\t\t\t\t\t<svg xmlns=\"http:\/\/www.w3.org\/2000\/svg\" id=\"Ebene_1\" data-name=\"Ebene 1\" viewBox=\"0 0 43.46 13.46\"><defs><style>.cls-1{fill:#35a164;}<\/style><\/defs><rect class=\"cls-1\" width=\"43.46\" height=\"13.46\"><\/rect><\/svg>\t\t\t\t\t\t<\/span>\n\t\t\t\t\t\t\t\t\t\t<span class=\"elementor-icon-list-text\">Bruchdehnung<\/span>\n\t\t\t\t\t\t\t\t\t<\/li>\n\t\t\t\t\t\t\t\t<li class=\"elementor-icon-list-item\">\n\t\t\t\t\t\t\t\t\t\t\t<span class=\"elementor-icon-list-icon\">\n\t\t\t\t\t\t\t<svg xmlns=\"http:\/\/www.w3.org\/2000\/svg\" id=\"Ebene_1\" data-name=\"Ebene 1\" viewBox=\"0 0 43.46 13.46\"><defs><style>.cls-1{fill:#35a164;}<\/style><\/defs><rect class=\"cls-1\" width=\"43.46\" height=\"13.46\"><\/rect><\/svg>\t\t\t\t\t\t<\/span>\n\t\t\t\t\t\t\t\t\t\t<span class=\"elementor-icon-list-text\">Zugfestigkeit<\/span>\n\t\t\t\t\t\t\t\t\t<\/li>\n\t\t\t\t\t\t\t\t<li class=\"elementor-icon-list-item\">\n\t\t\t\t\t\t\t\t\t\t\t<span class=\"elementor-icon-list-icon\">\n\t\t\t\t\t\t\t<svg xmlns=\"http:\/\/www.w3.org\/2000\/svg\" id=\"Ebene_1\" data-name=\"Ebene 1\" viewBox=\"0 0 43.46 13.46\"><defs><style>.cls-1{fill:#35a164;}<\/style><\/defs><rect class=\"cls-1\" width=\"43.46\" height=\"13.46\"><\/rect><\/svg>\t\t\t\t\t\t<\/span>\n\t\t\t\t\t\t\t\t\t\t<span class=\"elementor-icon-list-text\">R\u00fcckprallelastizit\u00e4t<\/span>\n\t\t\t\t\t\t\t\t\t<\/li>\n\t\t\t\t\t\t\t\t<li class=\"elementor-icon-list-item\">\n\t\t\t\t\t\t\t\t\t\t\t<span class=\"elementor-icon-list-icon\">\n\t\t\t\t\t\t\t<svg xmlns=\"http:\/\/www.w3.org\/2000\/svg\" id=\"Ebene_1\" data-name=\"Ebene 1\" viewBox=\"0 0 43.46 13.46\"><defs><style>.cls-1{fill:#35a164;}<\/style><\/defs><rect class=\"cls-1\" width=\"43.46\" height=\"13.46\"><\/rect><\/svg>\t\t\t\t\t\t<\/span>\n\t\t\t\t\t\t\t\t\t\t<span class=\"elementor-icon-list-text\">H\u00e4rtepr\u00fcfungen nach Shore A und D<\/span>\n\t\t\t\t\t\t\t\t\t<\/li>\n\t\t\t\t\t\t<\/ul>\n\t\t\t\t\t\t<\/div>\n\t\t\t\t<\/div>\n\t\t\t\t\t<\/div>\n\t\t<\/div>\n\t\t\t\t<div class=\"has_eae_slider elementor-column elementor-col-50 elementor-top-column elementor-element elementor-element-f07cfdd\" data-eae-slider=\"12499\" data-id=\"f07cfdd\" data-element_type=\"column\" data-e-type=\"column\">\n\t\t\t<div class=\"elementor-widget-wrap elementor-element-populated\">\n\t\t\t\t\t\t<div class=\"elementor-element elementor-element-4019645 elementor-icon-list--layout-traditional elementor-list-item-link-full_width elementor-widget elementor-widget-icon-list\" data-id=\"4019645\" data-element_type=\"widget\" data-e-type=\"widget\" data-widget_type=\"icon-list.default\">\n\t\t\t\t<div class=\"elementor-widget-container\">\n\t\t\t\t\t\t\t<ul class=\"elementor-icon-list-items\">\n\t\t\t\t\t\t\t<li class=\"elementor-icon-list-item\">\n\t\t\t\t\t\t\t\t\t\t\t<span class=\"elementor-icon-list-icon\">\n\t\t\t\t\t\t\t<svg xmlns=\"http:\/\/www.w3.org\/2000\/svg\" id=\"Ebene_1\" data-name=\"Ebene 1\" viewBox=\"0 0 43.46 13.46\"><defs><style>.cls-1{fill:#35a164;}<\/style><\/defs><rect class=\"cls-1\" width=\"43.46\" height=\"13.46\"><\/rect><\/svg>\t\t\t\t\t\t<\/span>\n\t\t\t\t\t\t\t\t\t\t<span class=\"elementor-icon-list-text\">Micro Shore A H\u00e4rtepr\u00fcfung<\/span>\n\t\t\t\t\t\t\t\t\t<\/li>\n\t\t\t\t\t\t\t\t<li class=\"elementor-icon-list-item\">\n\t\t\t\t\t\t\t\t\t\t\t<span class=\"elementor-icon-list-icon\">\n\t\t\t\t\t\t\t<svg xmlns=\"http:\/\/www.w3.org\/2000\/svg\" id=\"Ebene_1\" data-name=\"Ebene 1\" viewBox=\"0 0 43.46 13.46\"><defs><style>.cls-1{fill:#35a164;}<\/style><\/defs><rect class=\"cls-1\" width=\"43.46\" height=\"13.46\"><\/rect><\/svg>\t\t\t\t\t\t<\/span>\n\t\t\t\t\t\t\t\t\t\t<span class=\"elementor-icon-list-text\">Rei\u00dffestigkeit<\/span>\n\t\t\t\t\t\t\t\t\t<\/li>\n\t\t\t\t\t\t\t\t<li class=\"elementor-icon-list-item\">\n\t\t\t\t\t\t\t\t\t\t\t<span class=\"elementor-icon-list-icon\">\n\t\t\t\t\t\t\t<svg xmlns=\"http:\/\/www.w3.org\/2000\/svg\" id=\"Ebene_1\" data-name=\"Ebene 1\" viewBox=\"0 0 43.46 13.46\"><defs><style>.cls-1{fill:#35a164;}<\/style><\/defs><rect class=\"cls-1\" width=\"43.46\" height=\"13.46\"><\/rect><\/svg>\t\t\t\t\t\t<\/span>\n\t\t\t\t\t\t\t\t\t\t<span class=\"elementor-icon-list-text\">Dichtebestimmung<\/span>\n\t\t\t\t\t\t\t\t\t<\/li>\n\t\t\t\t\t\t\t\t<li class=\"elementor-icon-list-item\">\n\t\t\t\t\t\t\t\t\t\t\t<span class=\"elementor-icon-list-icon\">\n\t\t\t\t\t\t\t<svg xmlns=\"http:\/\/www.w3.org\/2000\/svg\" id=\"Ebene_1\" data-name=\"Ebene 1\" viewBox=\"0 0 43.46 13.46\"><defs><style>.cls-1{fill:#35a164;}<\/style><\/defs><rect class=\"cls-1\" width=\"43.46\" height=\"13.46\"><\/rect><\/svg>\t\t\t\t\t\t<\/span>\n\t\t\t\t\t\t\t\t\t\t<span class=\"elementor-icon-list-text\">Zugverformungsrest<\/span>\n\t\t\t\t\t\t\t\t\t<\/li>\n\t\t\t\t\t\t\t\t<li class=\"elementor-icon-list-item\">\n\t\t\t\t\t\t\t\t\t\t\t<span class=\"elementor-icon-list-icon\">\n\t\t\t\t\t\t\t<svg xmlns=\"http:\/\/www.w3.org\/2000\/svg\" id=\"Ebene_1\" data-name=\"Ebene 1\" viewBox=\"0 0 43.46 13.46\"><defs><style>.cls-1{fill:#35a164;}<\/style><\/defs><rect class=\"cls-1\" width=\"43.46\" height=\"13.46\"><\/rect><\/svg>\t\t\t\t\t\t<\/span>\n\t\t\t\t\t\t\t\t\t\t<span class=\"elementor-icon-list-text\">Klebfestigkeit<\/span>\n\t\t\t\t\t\t\t\t\t<\/li>\n\t\t\t\t\t\t\t\t<li class=\"elementor-icon-list-item\">\n\t\t\t\t\t\t\t\t\t\t\t<span class=\"elementor-icon-list-icon\">\n\t\t\t\t\t\t\t<svg xmlns=\"http:\/\/www.w3.org\/2000\/svg\" id=\"Ebene_1\" data-name=\"Ebene 1\" viewBox=\"0 0 43.46 13.46\"><defs><style>.cls-1{fill:#35a164;}<\/style><\/defs><rect class=\"cls-1\" width=\"43.46\" height=\"13.46\"><\/rect><\/svg>\t\t\t\t\t\t<\/span>\n\t\t\t\t\t\t\t\t\t\t<span class=\"elementor-icon-list-text\">Trennpr\u00fcfung<\/span>\n\t\t\t\t\t\t\t\t\t<\/li>\n\t\t\t\t\t\t<\/ul>\n\t\t\t\t\t\t<\/div>\n\t\t\t\t<\/div>\n\t\t\t\t\t<\/div>\n\t\t<\/div>\n\t\t\t\t\t<\/div>\n\t\t<\/section>\n\t\t\t\t<section class=\"has_eae_slider elementor-section elementor-top-section elementor-element elementor-element-46e48bf elementor-section-full_width set-max-width elementor-section-height-default elementor-section-height-default\" data-eae-slider=\"38362\" data-id=\"46e48bf\" data-element_type=\"section\" data-e-type=\"section\">\n\t\t\t\t\t\t<div class=\"elementor-container elementor-column-gap-default\">\n\t\t\t\t\t<div class=\"has_eae_slider elementor-column elementor-col-100 elementor-top-column elementor-element elementor-element-9095a1e\" data-eae-slider=\"34872\" data-id=\"9095a1e\" data-element_type=\"column\" data-e-type=\"column\">\n\t\t\t<div class=\"elementor-widget-wrap elementor-element-populated\">\n\t\t\t\t\t\t<div class=\"elementor-element elementor-element-5e253b4 elementor-widget elementor-widget-text-editor\" data-id=\"5e253b4\" data-element_type=\"widget\" data-e-type=\"widget\" data-widget_type=\"text-editor.default\">\n\t\t\t\t<div class=\"elementor-widget-container\">\n\t\t\t\t\t\t\t\t\t<p>Dabei erfolgen die Berechnungen unserer Laborant:innen stets auf der Grundlage von DIN-Vorgaben oder US-amerikanischen ASTM-Standards. Vor allen Dingen f\u00fcr Kunden, die ihre Produkte in den USA zum Verkauf anbieten, bietet dies einen entscheidenden qualitativen Vorteil.\u00a0<\/p><p>Diese Standard-Pr\u00fcfverfahren nach den folgenden Normen sind m\u00f6glich:<br \/>DIN 22102-1, DIN 22102-3, DIN 53504, DIN 53512, DIN 53530, DIN EN ISO 1183-1, DIN ISO 2285, DIN ISO 34-1, DIN ISO 4649, DIN ISO 7619-1, DIN ISO 815-1<\/p>\t\t\t\t\t\t\t\t<\/div>\n\t\t\t\t<\/div>\n\t\t\t\t\t<\/div>\n\t\t<\/div>\n\t\t\t\t\t<\/div>\n\t\t<\/section>\n\t\t\t\t<section class=\"has_eae_slider elementor-section elementor-top-section elementor-element elementor-element-1681fee2 elementor-section-stretched quote elementor-section-boxed elementor-section-height-default elementor-section-height-default\" data-eae-slider=\"52122\" data-id=\"1681fee2\" data-element_type=\"section\" data-e-type=\"section\" data-settings=\"{&quot;background_background&quot;:&quot;classic&quot;,&quot;stretch_section&quot;:&quot;section-stretched&quot;}\">\n\t\t\t\t\t\t<div class=\"elementor-container elementor-column-gap-default\">\n\t\t\t\t\t<div class=\"has_eae_slider elementor-column elementor-col-100 elementor-top-column elementor-element elementor-element-7d327c13\" data-eae-slider=\"54779\" data-id=\"7d327c13\" data-element_type=\"column\" data-e-type=\"column\">\n\t\t\t<div class=\"elementor-widget-wrap elementor-element-populated\">\n\t\t\t\t\t\t<div class=\"elementor-element elementor-element-1e78469 elementor-blockquote--skin-quotation elementor-blockquote--align-center quote-box elementor-widget elementor-widget-blockquote\" data-id=\"1e78469\" data-element_type=\"widget\" data-e-type=\"widget\" data-widget_type=\"blockquote.default\">\n\t\t\t\t<div class=\"elementor-widget-container\">\n\t\t\t\t\t\t\t<blockquote class=\"elementor-blockquote\">\n\t\t\t<p class=\"elementor-blockquote__content\">\n\t\t\t\tDer Werkstoff Gummi ist vielseitig \u2013 er kann unter den vielf\u00e4ltigsten Bedingungen eingesetzt werden und dabei mit den unterschiedlichsten Medien in Kontakt treten, ohne dass es eine Beeintr\u00e4chtigung der Eigenschaften gibt. In der hauseigenen Mischerei kann jeder Gummityp mit verschiedenen Additiven eingestellt werden und kleine \u00c4nderungen k\u00f6nnen viel bewirken.\n\t\t\t<\/p>\n\t\t\t\t\t\t\t<div class=\"e-q-footer\">\n\t\t\t\t\t\t\t\t\t\t\t<cite class=\"elementor-blockquote__author\">Dr. Robert Zahn<\/cite>\n\t\t\t\t\t\t\t\t\t\t\t\t\t\t<\/div>\n\t\t\t\t\t<\/blockquote>\n\t\t\t\t\t\t<\/div>\n\t\t\t\t<\/div>\n\t\t\t\t\t<\/div>\n\t\t<\/div>\n\t\t\t\t\t<\/div>\n\t\t<\/section>\n\t\t\t\t<section class=\"has_eae_slider elementor-section elementor-top-section elementor-element elementor-element-4c2d06f elementor-section-full_width set-max-width elementor-section-height-default elementor-section-height-default\" data-eae-slider=\"82438\" data-id=\"4c2d06f\" data-element_type=\"section\" data-e-type=\"section\">\n\t\t\t\t\t\t<div class=\"elementor-container elementor-column-gap-default\">\n\t\t\t\t\t<div class=\"has_eae_slider elementor-column elementor-col-100 elementor-top-column elementor-element elementor-element-2dae119\" data-eae-slider=\"12885\" data-id=\"2dae119\" data-element_type=\"column\" data-e-type=\"column\">\n\t\t\t<div class=\"elementor-widget-wrap elementor-element-populated\">\n\t\t\t\t\t\t<div class=\"elementor-element elementor-element-6d47c01 elementor-widget elementor-widget-heading\" data-id=\"6d47c01\" data-element_type=\"widget\" data-e-type=\"widget\" data-widget_type=\"heading.default\">\n\t\t\t\t<div class=\"elementor-widget-container\">\n\t\t\t\t\t<h2 class=\"elementor-heading-title elementor-size-default\">Unsere Null-Fehler-Philosophie\n<\/h2>\t\t\t\t<\/div>\n\t\t\t\t<\/div>\n\t\t\t\t<div class=\"elementor-element elementor-element-17439ea elementor-widget elementor-widget-text-editor\" data-id=\"17439ea\" data-element_type=\"widget\" data-e-type=\"widget\" data-widget_type=\"text-editor.default\">\n\t\t\t\t<div class=\"elementor-widget-container\">\n\t\t\t\t\t\t\t\t\t<p>Im Vordergrund unserer Qualit\u00e4tsaktivit\u00e4ten steht die Null-Fehler-Strategie mit vorbeugenden Ma\u00dfnahmen, um die Wahrscheinlichkeit f\u00fcr das Auftreten von Fehlern zu minimieren.&nbsp;<\/p>\n<p>Basierend auf dieser Philosophie sollen Fehler durch entsprechende Organisation von Prozessen, Qualifikation unserer Mitarbeiter:innen und st\u00e4ndiger Verbesserung der Infrastruktur vollst\u00e4ndig vermieden werden. Alle Prozesse im Vertrieb, in der Produktentwicklung und Produktion sind daher st\u00e4ndig auf ihre Verbesserungspotentiale zu \u00fcberpr\u00fcfen. Zus\u00e4tzlich gilt unser Fokus der Schulung unserer Mitarbeiter:innen, um unsere Aufmerksamkeit verst\u00e4rkt auf die korrekte Ausf\u00fchrung unserer Arbeit zu richten.&nbsp;<\/p>\n<p>Unsere Experten f\u00fcr h\u00f6chste Qualit\u00e4tsanspr\u00fcche: Dr. Christian von Niswandt-Wilhelmi und Dr. Robert Zahn.<\/p>\t\t\t\t\t\t\t\t<\/div>\n\t\t\t\t<\/div>\n\t\t\t\t\t<\/div>\n\t\t<\/div>\n\t\t\t\t\t<\/div>\n\t\t<\/section>\n\t\t\t\t<\/div>\n\t\t","protected":false},"excerpt":{"rendered":"<p>QUALIT\u00c4T, DIE SICH MESSEN LASSEN KANN Unser Qualit\u00e4tsanspruch Unser hoher Qualit\u00e4tsanspruch innerhalb der J\u00c4GER Group ist fest in dem Denken und Handeln unserer Mitarbeiter:innen verankert. Qualit\u00e4t bildet stets die Grundlage unserer t\u00e4glichen Aufgaben sowie jedes Prozess- oder Produktionsschrittes. So liefern wir neben unserer umfassenden Produktvielfalt auch Qualit\u00e4t, die Ma\u00dfst\u00e4be setzt.\u00a0 Im Sinne einer kontinuierlichen Verbesserung [&hellip;]<\/p>\n","protected":false},"author":18,"featured_media":0,"parent":2202,"menu_order":1,"comment_status":"closed","ping_status":"closed","template":"","meta":{"_acf_changed":false,"footnotes":""},"class_list":["post-2831","page","type-page","status-publish","hentry"],"acf":[],"_links":{"self":[{"href":"https:\/\/www.jaegergroup.com\/de\/wp-json\/wp\/v2\/pages\/2831","targetHints":{"allow":["GET"]}}],"collection":[{"href":"https:\/\/www.jaegergroup.com\/de\/wp-json\/wp\/v2\/pages"}],"about":[{"href":"https:\/\/www.jaegergroup.com\/de\/wp-json\/wp\/v2\/types\/page"}],"author":[{"embeddable":true,"href":"https:\/\/www.jaegergroup.com\/de\/wp-json\/wp\/v2\/users\/18"}],"replies":[{"embeddable":true,"href":"https:\/\/www.jaegergroup.com\/de\/wp-json\/wp\/v2\/comments?post=2831"}],"version-history":[{"count":0,"href":"https:\/\/www.jaegergroup.com\/de\/wp-json\/wp\/v2\/pages\/2831\/revisions"}],"up":[{"embeddable":true,"href":"https:\/\/www.jaegergroup.com\/de\/wp-json\/wp\/v2\/pages\/2202"}],"wp:attachment":[{"href":"https:\/\/www.jaegergroup.com\/de\/wp-json\/wp\/v2\/media?parent=2831"}],"curies":[{"name":"wp","href":"https:\/\/api.w.org\/{rel}","templated":true}]}}