{"id":39013,"date":"2020-09-09T06:56:22","date_gmt":"2020-09-09T06:56:22","guid":{"rendered":"https:\/\/www.jaegergroup.com\/?page_id=39013"},"modified":"2024-05-17T10:32:00","modified_gmt":"2024-05-17T08:32:00","slug":"jms-impressum","status":"publish","type":"page","link":"https:\/\/www.jaegergroup.com\/de\/jaeger-maritimesolutions\/jms-impressum\/","title":{"rendered":"JMS Impressum"},"content":{"rendered":"\t\t<div data-elementor-type=\"wp-page\" data-elementor-id=\"39013\" class=\"elementor elementor-39013\" data-elementor-post-type=\"page\">\n\t\t\t\t\t\t<section class=\"has_eae_slider elementor-section elementor-top-section elementor-element elementor-element-9241828 elementor-section-full_width elementor-section-height-min-height elementor-section-items-bottom elementor-section-height-default\" data-eae-slider=\"46588\" data-id=\"9241828\" data-element_type=\"section\" data-e-type=\"section\" data-settings=\"{&quot;background_background&quot;:&quot;classic&quot;,&quot;background_motion_fx_motion_fx_scrolling&quot;:&quot;yes&quot;,&quot;background_motion_fx_translateY_effect&quot;:&quot;yes&quot;,&quot;background_motion_fx_translateY_speed&quot;:{&quot;unit&quot;:&quot;px&quot;,&quot;size&quot;:4,&quot;sizes&quot;:[]},&quot;background_motion_fx_translateY_affectedRange&quot;:{&quot;unit&quot;:&quot;%&quot;,&quot;size&quot;:&quot;&quot;,&quot;sizes&quot;:{&quot;start&quot;:0,&quot;end&quot;:100}},&quot;background_motion_fx_devices&quot;:[&quot;desktop&quot;,&quot;tablet&quot;,&quot;mobile&quot;]}\">\n\t\t\t\t\t\t<div class=\"elementor-container elementor-column-gap-default\">\n\t\t\t\t\t<div class=\"has_eae_slider elementor-column elementor-col-100 elementor-top-column elementor-element elementor-element-b5aae2d\" data-eae-slider=\"16555\" data-id=\"b5aae2d\" data-element_type=\"column\" data-e-type=\"column\">\n\t\t\t<div class=\"elementor-widget-wrap\">\n\t\t\t\t\t\t\t<\/div>\n\t\t<\/div>\n\t\t\t\t\t<\/div>\n\t\t<\/section>\n\t\t\t\t<section class=\"has_eae_slider elementor-section elementor-top-section elementor-element elementor-element-7134addc elementor-section-full_width page-start elementor-section-height-default elementor-section-height-default\" data-eae-slider=\"22796\" data-id=\"7134addc\" data-element_type=\"section\" data-e-type=\"section\">\n\t\t\t\t\t\t<div class=\"elementor-container elementor-column-gap-default\">\n\t\t\t\t\t<div class=\"has_eae_slider elementor-column elementor-col-100 elementor-top-column elementor-element elementor-element-73b3f5b8\" data-eae-slider=\"2632\" data-id=\"73b3f5b8\" data-element_type=\"column\" data-e-type=\"column\">\n\t\t\t<div class=\"elementor-widget-wrap elementor-element-populated\">\n\t\t\t\t\t\t<div class=\"elementor-element elementor-element-5e5c5361 headlineGreen elementor-widget elementor-widget-heading\" data-id=\"5e5c5361\" data-element_type=\"widget\" data-e-type=\"widget\" data-widget_type=\"heading.default\">\n\t\t\t\t<div class=\"elementor-widget-container\">\n\t\t\t\t\t<h1 class=\"elementor-heading-title elementor-size-default\">Impressum der Jaeger Maritime Solutions GmbH<\/h1>\t\t\t\t<\/div>\n\t\t\t\t<\/div>\n\t\t\t\t<div class=\"elementor-element elementor-element-16d99c0f elementor-widget elementor-widget-text-editor\" data-id=\"16d99c0f\" data-element_type=\"widget\" data-e-type=\"widget\" data-widget_type=\"text-editor.default\">\n\t\t\t\t<div class=\"elementor-widget-container\">\n\t\t\t\t\t\t\t\t\t<p><strong>Angaben nach \u00a7 5 Digitale-Dienste-Gesetz (DDG)<\/strong><\/p><p>Jaeger Maritime Solutions GmbH<br \/>Lohweg 1<br \/>30559 Hannover<\/p><p>Tel. <a href=\"tel:+49 511 \u2013 5358 0\">+49 511 \u2013 5358 0<\/a><br \/>Fax +49 511 \u2013 5533 94<\/p><p><a href=\"mailto:info@jaeger-maritime.com\">info@jaeger-maritime.com<\/a><br \/><a href=\"https:\/\/www.jaegergroup.com\/jaeger-maritimesolutions\/\">www.jaeger-maritimesolutions.com<\/a><\/p><p><strong>Vertretungsberechtigt gem\u00e4\u00df \u00a7 5 Nr. 1 DDG<\/strong><\/p><p><strong>Gesch\u00e4ftsf\u00fchrer:<\/strong> <br \/>SRAin Isabel M\u00fcller-Wilckens und Dipl. Kfm. David Baum<\/p><p><strong>Registergericht Hannover<\/strong><\/p><p>HRB 217600<br \/>DE 321 65 04 14<\/p>\t\t\t\t\t\t\t\t<\/div>\n\t\t\t\t<\/div>\n\t\t\t\t\t<\/div>\n\t\t<\/div>\n\t\t\t\t\t<\/div>\n\t\t<\/section>\n\t\t\t\t<\/div>\n\t\t","protected":false},"excerpt":{"rendered":"<p>Impressum der Jaeger Maritime Solutions GmbH Angaben nach \u00a7 5 Digitale-Dienste-Gesetz (DDG) Jaeger Maritime Solutions GmbHLohweg 130559 Hannover Tel. +49 511 \u2013 5358 0Fax +49 511 \u2013 5533 94 info@jaeger-maritime.comwww.jaeger-maritimesolutions.com Vertretungsberechtigt gem\u00e4\u00df \u00a7 5 Nr. 1 DDG Gesch\u00e4ftsf\u00fchrer: SRAin Isabel M\u00fcller-Wilckens und Dipl. Kfm. David Baum Registergericht Hannover HRB 217600DE 321 65 04 14<\/p>\n","protected":false},"author":18,"featured_media":0,"parent":748,"menu_order":0,"comment_status":"closed","ping_status":"closed","template":"","meta":{"_acf_changed":false,"footnotes":""},"class_list":["post-39013","page","type-page","status-publish","hentry"],"acf":[],"_links":{"self":[{"href":"https:\/\/www.jaegergroup.com\/de\/wp-json\/wp\/v2\/pages\/39013","targetHints":{"allow":["GET"]}}],"collection":[{"href":"https:\/\/www.jaegergroup.com\/de\/wp-json\/wp\/v2\/pages"}],"about":[{"href":"https:\/\/www.jaegergroup.com\/de\/wp-json\/wp\/v2\/types\/page"}],"author":[{"embeddable":true,"href":"https:\/\/www.jaegergroup.com\/de\/wp-json\/wp\/v2\/users\/18"}],"replies":[{"embeddable":true,"href":"https:\/\/www.jaegergroup.com\/de\/wp-json\/wp\/v2\/comments?post=39013"}],"version-history":[{"count":0,"href":"https:\/\/www.jaegergroup.com\/de\/wp-json\/wp\/v2\/pages\/39013\/revisions"}],"up":[{"embeddable":true,"href":"https:\/\/www.jaegergroup.com\/de\/wp-json\/wp\/v2\/pages\/748"}],"wp:attachment":[{"href":"https:\/\/www.jaegergroup.com\/de\/wp-json\/wp\/v2\/media?parent=39013"}],"curies":[{"name":"wp","href":"https:\/\/api.w.org\/{rel}","templated":true}]}}