{"id":6729,"date":"2019-11-27T11:11:46","date_gmt":"2019-11-27T11:11:46","guid":{"rendered":"https:\/\/www.jaegergroup.com\/?page_id=6729"},"modified":"2025-10-27T17:08:21","modified_gmt":"2025-10-27T15:08:21","slug":"impressum","status":"publish","type":"page","link":"https:\/\/www.jaegergroup.com\/de\/impressum\/","title":{"rendered":"Impressum"},"content":{"rendered":"\t\t<div data-elementor-type=\"wp-page\" data-elementor-id=\"6729\" class=\"elementor elementor-6729\" data-elementor-post-type=\"page\">\n\t\t\t\t\t\t<section class=\"has_eae_slider elementor-section elementor-top-section elementor-element elementor-element-7640457a elementor-section-full_width elementor-section-height-min-height elementor-section-items-bottom elementor-section-height-default\" data-eae-slider=\"61852\" data-id=\"7640457a\" data-element_type=\"section\" data-e-type=\"section\" data-settings=\"{&quot;background_background&quot;:&quot;classic&quot;,&quot;background_motion_fx_motion_fx_scrolling&quot;:&quot;yes&quot;,&quot;background_motion_fx_translateY_effect&quot;:&quot;yes&quot;,&quot;background_motion_fx_translateY_speed&quot;:{&quot;unit&quot;:&quot;px&quot;,&quot;size&quot;:4,&quot;sizes&quot;:[]},&quot;background_motion_fx_translateY_affectedRange&quot;:{&quot;unit&quot;:&quot;%&quot;,&quot;size&quot;:&quot;&quot;,&quot;sizes&quot;:{&quot;start&quot;:0,&quot;end&quot;:100}},&quot;background_motion_fx_devices&quot;:[&quot;desktop&quot;,&quot;tablet&quot;,&quot;mobile&quot;]}\">\n\t\t\t\t\t\t<div class=\"elementor-container elementor-column-gap-default\">\n\t\t\t\t\t<div class=\"has_eae_slider elementor-column elementor-col-100 elementor-top-column elementor-element elementor-element-2e04be38\" data-eae-slider=\"35592\" data-id=\"2e04be38\" data-element_type=\"column\" data-e-type=\"column\">\n\t\t\t<div class=\"elementor-widget-wrap elementor-element-populated\">\n\t\t\t\t\t\t<div class=\"elementor-element elementor-element-f6784a7 title-header elementor-widget elementor-widget-heading\" data-id=\"f6784a7\" data-element_type=\"widget\" data-e-type=\"widget\" data-widget_type=\"heading.default\">\n\t\t\t\t<div class=\"elementor-widget-container\">\n\t\t\t\t\t<p class=\"elementor-heading-title elementor-size-default\">RECHTLICHE HINWEISE<\/p>\t\t\t\t<\/div>\n\t\t\t\t<\/div>\n\t\t\t\t\t<\/div>\n\t\t<\/div>\n\t\t\t\t\t<\/div>\n\t\t<\/section>\n\t\t\t\t<section class=\"has_eae_slider elementor-section elementor-top-section elementor-element elementor-element-2e74f853 elementor-section-full_width page-start elementor-section-height-default elementor-section-height-default\" data-eae-slider=\"30677\" data-id=\"2e74f853\" data-element_type=\"section\" data-e-type=\"section\">\n\t\t\t\t\t\t<div class=\"elementor-container elementor-column-gap-default\">\n\t\t\t\t\t<div class=\"has_eae_slider elementor-column elementor-col-100 elementor-top-column elementor-element elementor-element-49973c1b\" data-eae-slider=\"62978\" data-id=\"49973c1b\" data-element_type=\"column\" data-e-type=\"column\">\n\t\t\t<div class=\"elementor-widget-wrap elementor-element-populated\">\n\t\t\t\t\t\t<div class=\"elementor-element elementor-element-3267d8ec headlineGreen elementor-widget elementor-widget-heading\" data-id=\"3267d8ec\" data-element_type=\"widget\" data-e-type=\"widget\" data-widget_type=\"heading.default\">\n\t\t\t\t<div class=\"elementor-widget-container\">\n\t\t\t\t\t<h1 class=\"elementor-heading-title elementor-size-default\">Impressum der Arnold J\u00e4ger Holding GmbH<\/h1>\t\t\t\t<\/div>\n\t\t\t\t<\/div>\n\t\t\t\t<div class=\"elementor-element elementor-element-43bafe21 elementor-widget elementor-widget-text-editor\" data-id=\"43bafe21\" data-element_type=\"widget\" data-e-type=\"widget\" data-widget_type=\"text-editor.default\">\n\t\t\t\t<div class=\"elementor-widget-container\">\n\t\t\t\t\t\t\t\t\t<p><strong>Angaben nach \u00a7 5 Digitale-Dienste-Gesetz (DDG)<br \/>\u00a0<\/strong><\/p><p>Arnold J\u00e4ger Holding GmbH<br \/>Lohweg 1<br \/>30559 Hannover<br \/>Tel. 0511 \u2013 5358 0<br \/>Fax 0511 \u2013 55 33 94<br \/><a href=\"mailto:info@jaegergroup.com\">info@jaegergroup.com<\/a><br \/><a href=\"https:\/\/www.jaegergroup.com\">www.jaegergroup.com\u00a0<\/a><\/p><p>Vertretungsberechtigt gem\u00e4\u00df \u00a7 5 Nr. 1 DDG<\/p><p><strong>Gesch\u00e4ftsf\u00fchrer:<\/strong><br \/>Dipl.-Kfm. Marius-Quintus J\u00e4ger,<br \/>Dipl.-Ing. Sebastian J\u00e4ger,<br \/>Florian K\u00f6rner, MBA<\/p><p><strong>Umsatzsteuer-Identnummer:<\/strong><br \/>DE 813 341 233\u00a0<\/p><p><strong>Handelsregister<\/strong><br \/>Registergericht Hannover HRB 59983<br \/>Rechtsform: GmbH<br \/>Sitz: Hannover<\/p>\t\t\t\t\t\t\t\t<\/div>\n\t\t\t\t<\/div>\n\t\t\t\t\t<\/div>\n\t\t<\/div>\n\t\t\t\t\t<\/div>\n\t\t<\/section>\n\t\t\t\t<\/div>\n\t\t","protected":false},"excerpt":{"rendered":"<p>RECHTLICHE HINWEISE Impressum der Arnold J\u00e4ger Holding GmbH Angaben nach \u00a7 5 Digitale-Dienste-Gesetz (DDG)\u00a0 Arnold J\u00e4ger Holding GmbHLohweg 130559 HannoverTel. 0511 \u2013 5358 0Fax 0511 \u2013 55 33 94info@jaegergroup.comwww.jaegergroup.com\u00a0 Vertretungsberechtigt gem\u00e4\u00df \u00a7 5 Nr. 1 DDG Gesch\u00e4ftsf\u00fchrer:Dipl.-Kfm. Marius-Quintus J\u00e4ger,Dipl.-Ing. Sebastian J\u00e4ger,Florian K\u00f6rner, MBA Umsatzsteuer-Identnummer:DE 813 341 233\u00a0 HandelsregisterRegistergericht Hannover HRB 59983Rechtsform: GmbHSitz: Hannover<\/p>\n","protected":false},"author":18,"featured_media":0,"parent":0,"menu_order":0,"comment_status":"closed","ping_status":"closed","template":"elementor_header_footer","meta":{"_acf_changed":false,"footnotes":""},"class_list":["post-6729","page","type-page","status-publish","hentry"],"acf":[],"_links":{"self":[{"href":"https:\/\/www.jaegergroup.com\/de\/wp-json\/wp\/v2\/pages\/6729","targetHints":{"allow":["GET"]}}],"collection":[{"href":"https:\/\/www.jaegergroup.com\/de\/wp-json\/wp\/v2\/pages"}],"about":[{"href":"https:\/\/www.jaegergroup.com\/de\/wp-json\/wp\/v2\/types\/page"}],"author":[{"embeddable":true,"href":"https:\/\/www.jaegergroup.com\/de\/wp-json\/wp\/v2\/users\/18"}],"replies":[{"embeddable":true,"href":"https:\/\/www.jaegergroup.com\/de\/wp-json\/wp\/v2\/comments?post=6729"}],"version-history":[{"count":7,"href":"https:\/\/www.jaegergroup.com\/de\/wp-json\/wp\/v2\/pages\/6729\/revisions"}],"predecessor-version":[{"id":128396,"href":"https:\/\/www.jaegergroup.com\/de\/wp-json\/wp\/v2\/pages\/6729\/revisions\/128396"}],"wp:attachment":[{"href":"https:\/\/www.jaegergroup.com\/de\/wp-json\/wp\/v2\/media?parent=6729"}],"curies":[{"name":"wp","href":"https:\/\/api.w.org\/{rel}","templated":true}]}}