{"id":69036,"date":"2021-05-05T06:37:31","date_gmt":"2021-05-05T06:37:31","guid":{"rendered":"https:\/\/www.jaegergroup.com\/?page_id=69036"},"modified":"2023-04-21T12:44:34","modified_gmt":"2023-04-21T10:44:34","slug":"consultation","status":"publish","type":"page","link":"https:\/\/www.jaegergroup.com\/en\/solutions\/supply-chain-management\/consultation\/","title":{"rendered":"Consultation"},"content":{"rendered":"\t\t<div data-elementor-type=\"wp-page\" data-elementor-id=\"69036\" class=\"elementor elementor-69036\" data-elementor-post-type=\"page\">\n\t\t\t\t\t\t<section class=\"has_eae_slider elementor-section elementor-top-section elementor-element elementor-element-335e9f62 elementor-section-full_width elementor-section-height-min-height elementor-section-items-bottom elementor-section-height-default\" data-eae-slider=\"13508\" data-id=\"335e9f62\" data-element_type=\"section\" data-e-type=\"section\" data-settings=\"{&quot;background_background&quot;:&quot;classic&quot;,&quot;background_motion_fx_motion_fx_scrolling&quot;:&quot;yes&quot;,&quot;background_motion_fx_translateY_effect&quot;:&quot;yes&quot;,&quot;background_motion_fx_translateY_speed&quot;:{&quot;unit&quot;:&quot;px&quot;,&quot;size&quot;:4,&quot;sizes&quot;:[]},&quot;background_motion_fx_translateY_affectedRange&quot;:{&quot;unit&quot;:&quot;%&quot;,&quot;size&quot;:&quot;&quot;,&quot;sizes&quot;:{&quot;start&quot;:0,&quot;end&quot;:100}},&quot;background_motion_fx_devices&quot;:[&quot;desktop&quot;,&quot;tablet&quot;,&quot;mobile&quot;]}\">\n\t\t\t\t\t\t<div class=\"elementor-container elementor-column-gap-default\">\n\t\t\t\t\t<div class=\"has_eae_slider elementor-column elementor-col-100 elementor-top-column elementor-element elementor-element-4ad581c\" data-eae-slider=\"57258\" data-id=\"4ad581c\" data-element_type=\"column\" data-e-type=\"column\">\n\t\t\t<div class=\"elementor-widget-wrap elementor-element-populated\">\n\t\t\t\t\t\t<div class=\"elementor-element elementor-element-28905800 title-header elementor-widget elementor-widget-heading\" data-id=\"28905800\" data-element_type=\"widget\" data-e-type=\"widget\" data-widget_type=\"heading.default\">\n\t\t\t\t<div class=\"elementor-widget-container\">\n\t\t\t\t\t<p class=\"elementor-heading-title elementor-size-default\">SUPPORT RIGHT<BR \/>\nFROM THE START!<\/p>\t\t\t\t<\/div>\n\t\t\t\t<\/div>\n\t\t\t\t\t<\/div>\n\t\t<\/div>\n\t\t\t\t\t<\/div>\n\t\t<\/section>\n\t\t\t\t<section class=\"has_eae_slider elementor-section elementor-top-section elementor-element elementor-element-fbc8057 elementor-section-full_width page-start set-max-width elementor-section-height-default elementor-section-height-default\" data-eae-slider=\"19770\" data-id=\"fbc8057\" data-element_type=\"section\" data-e-type=\"section\">\n\t\t\t\t\t\t<div class=\"elementor-container elementor-column-gap-default\">\n\t\t\t\t\t<div class=\"has_eae_slider elementor-column elementor-col-100 elementor-top-column elementor-element elementor-element-7e54e8ae\" data-eae-slider=\"66359\" data-id=\"7e54e8ae\" data-element_type=\"column\" data-e-type=\"column\">\n\t\t\t<div class=\"elementor-widget-wrap elementor-element-populated\">\n\t\t\t\t\t\t<div class=\"elementor-element elementor-element-46792fb9 headlineGreen elementor-widget elementor-widget-heading\" data-id=\"46792fb9\" data-element_type=\"widget\" data-e-type=\"widget\" data-widget_type=\"heading.default\">\n\t\t\t\t<div class=\"elementor-widget-container\">\n\t\t\t\t\t<h1 class=\"elementor-heading-title elementor-size-default\">Consulting is our strength<\/h1>\t\t\t\t<\/div>\n\t\t\t\t<\/div>\n\t\t\t\t<div class=\"elementor-element elementor-element-4bc70d1d elementor-widget elementor-widget-text-editor\" data-id=\"4bc70d1d\" data-element_type=\"widget\" data-e-type=\"widget\" data-widget_type=\"text-editor.default\">\n\t\t\t\t<div class=\"elementor-widget-container\">\n\t\t\t\t\t\t\t\t\t<p>We supply everything from a single source and thus create real added value for you: from customer-specific advice, through parts development, to a comprehensive logistics concept.<br \/>Our goal is to create optimum cost control and the greatest possible efficiency for your procurement process with the help of application technology advice and the commitment of our teams.<br \/>In addition to analysing our own operating and process costs, we also consider the expenses of our customers and strategic suppliers. For this purpose, we examine the status quo, define goals together with you and develop a comprehensive concept on the basis of this. We recognize the potentials and support you during the implementation!<br \/>In personal customer service, our competent sales team will advise you on your application. In this way we create a flexible supply chain management tailored to your requirements. Our strength is your added value!<\/p>\t\t\t\t\t\t\t\t<\/div>\n\t\t\t\t<\/div>\n\t\t\t\t<div class=\"elementor-element elementor-element-12719c83 elementor-widget-divider--view-line elementor-widget elementor-widget-divider\" data-id=\"12719c83\" data-element_type=\"widget\" data-e-type=\"widget\" data-widget_type=\"divider.default\">\n\t\t\t\t<div class=\"elementor-widget-container\">\n\t\t\t\t\t\t\t<div class=\"elementor-divider\">\n\t\t\t<span class=\"elementor-divider-separator\">\n\t\t\t\t\t\t<\/span>\n\t\t<\/div>\n\t\t\t\t\t\t<\/div>\n\t\t\t\t<\/div>\n\t\t\t\t\t<\/div>\n\t\t<\/div>\n\t\t\t\t\t<\/div>\n\t\t<\/section>\n\t\t\t\t<section class=\"has_eae_slider elementor-section elementor-top-section elementor-element elementor-element-9c1b5dd elementor-section-full_width elementor-section-stretched elementor-reverse-tablet elementor-reverse-mobile set-max-width elementor-section-height-default elementor-section-height-default\" data-eae-slider=\"16554\" data-id=\"9c1b5dd\" data-element_type=\"section\" data-e-type=\"section\" data-settings=\"{&quot;stretch_section&quot;:&quot;section-stretched&quot;}\">\n\t\t\t\t\t\t<div class=\"elementor-container elementor-column-gap-default\">\n\t\t\t\t\t<div class=\"has_eae_slider elementor-column elementor-col-50 elementor-top-column elementor-element elementor-element-1d2dc28\" data-eae-slider=\"31501\" data-id=\"1d2dc28\" data-element_type=\"column\" data-e-type=\"column\">\n\t\t\t<div class=\"elementor-widget-wrap elementor-element-populated\">\n\t\t\t\t\t\t<div class=\"elementor-element elementor-element-f0807ae elementor-widget elementor-widget-image\" data-id=\"f0807ae\" data-element_type=\"widget\" data-e-type=\"widget\" data-widget_type=\"image.default\">\n\t\t\t\t<div class=\"elementor-widget-container\">\n\t\t\t\t\t\t\t\t\t\t\t\t\t\t\t<img fetchpriority=\"high\" decoding=\"async\" width=\"768\" height=\"512\" src=\"https:\/\/www.jaegergroup.com\/wp-content\/uploads\/pixxio\/Jaeger Group\/3-Kollegen-arbeiten-zusammen-am-Laptop-768x512.jpg\" class=\"attachment-medium_large size-medium_large wp-image-54143\" alt=\"Drei Kollegen arbeiten zusammen am Laptop \/solutions\/supply-chain-management\/consultation\/\" srcset=\"https:\/\/www.jaegergroup.com\/wp-content\/uploads\/pixxio\/Jaeger%20Group\/3-Kollegen-arbeiten-zusammen-am-Laptop-768x512.jpg 768w, https:\/\/www.jaegergroup.com\/wp-content\/uploads\/pixxio\/Jaeger%20Group\/3-Kollegen-arbeiten-zusammen-am-Laptop-300x200.jpg 300w, https:\/\/www.jaegergroup.com\/wp-content\/uploads\/pixxio\/Jaeger%20Group\/3-Kollegen-arbeiten-zusammen-am-Laptop-1024x683.jpg 1024w, https:\/\/www.jaegergroup.com\/wp-content\/uploads\/pixxio\/Jaeger%20Group\/3-Kollegen-arbeiten-zusammen-am-Laptop-1536x1024.jpg 1536w, https:\/\/www.jaegergroup.com\/wp-content\/uploads\/pixxio\/Jaeger%20Group\/3-Kollegen-arbeiten-zusammen-am-Laptop.jpg 1920w\" sizes=\"(max-width: 768px) 100vw, 768px\" \/>\t\t\t\t\t\t\t\t\t\t\t\t\t\t\t<\/div>\n\t\t\t\t<\/div>\n\t\t\t\t\t<\/div>\n\t\t<\/div>\n\t\t\t\t<div class=\"has_eae_slider elementor-column elementor-col-50 elementor-top-column elementor-element elementor-element-2d334d8\" data-eae-slider=\"44877\" data-id=\"2d334d8\" data-element_type=\"column\" data-e-type=\"column\">\n\t\t\t<div class=\"elementor-widget-wrap elementor-element-populated\">\n\t\t\t\t\t\t<div class=\"elementor-element elementor-element-dda73a0 elementor-widget elementor-widget-heading\" data-id=\"dda73a0\" data-element_type=\"widget\" data-e-type=\"widget\" data-widget_type=\"heading.default\">\n\t\t\t\t<div class=\"elementor-widget-container\">\n\t\t\t\t\t<h2 class=\"elementor-heading-title elementor-size-default\">Product competence<\/h2>\t\t\t\t<\/div>\n\t\t\t\t<\/div>\n\t\t\t\t<div class=\"elementor-element elementor-element-7d2fb71 elementor-widget elementor-widget-text-editor\" data-id=\"7d2fb71\" data-element_type=\"widget\" data-e-type=\"widget\" data-widget_type=\"text-editor.default\">\n\t\t\t\t<div class=\"elementor-widget-container\">\n\t\t\t\t\t\t\t\t\t<p>You can rely on our comprehensive knowledge of materials in the field of elastomers and thermoplastics. In combination with our development competence as well as a functional and production-oriented design, we can realize your specific requirements.<\/p><p>In doing so, we make use of the knowledge of our manufacturing companies within the J\u00c4GER Group and the possibilities of international procurement markets.<br \/>In close cooperation with you, the know-how of our development teams flows directly into the project from the very beginning. Thus, iteration loops in the development of components or assemblies are avoided and development costs are reduced.<\/p><p>Dabei nutzen wir das Wissen unserer Fertigungsbetriebe innerhalb der J\u00c4GER Group und die M\u00f6glichkeiten internationaler Beschaffungsm\u00e4rkte.<br \/>In der engen Zusammenarbeit mit Ihnen flie\u00dft das Know-how unserer Entwicklungsteams direkt von Anfang an in das Projekt mit ein. So werden Iterationsschleifen in der Entwicklung von Komponenten oder Baugruppen vermieden und Entwicklungskosten reduziert.<\/p>\t\t\t\t\t\t\t\t<\/div>\n\t\t\t\t<\/div>\n\t\t\t\t\t<\/div>\n\t\t<\/div>\n\t\t\t\t\t<\/div>\n\t\t<\/section>\n\t\t\t\t<section class=\"has_eae_slider elementor-section elementor-top-section elementor-element elementor-element-522d283b elementor-section-full_width gray-seperator elementor-section-height-default elementor-section-height-default\" data-eae-slider=\"94176\" data-id=\"522d283b\" data-element_type=\"section\" data-e-type=\"section\">\n\t\t\t\t\t\t<div class=\"elementor-container elementor-column-gap-default\">\n\t\t\t\t\t<div class=\"has_eae_slider elementor-column elementor-col-100 elementor-top-column elementor-element elementor-element-22fe5e2\" data-eae-slider=\"43518\" data-id=\"22fe5e2\" data-element_type=\"column\" data-e-type=\"column\">\n\t\t\t<div class=\"elementor-widget-wrap elementor-element-populated\">\n\t\t\t\t\t\t<div class=\"elementor-element elementor-element-4a235cc7 elementor-widget-divider--view-line elementor-widget elementor-widget-divider\" data-id=\"4a235cc7\" data-element_type=\"widget\" data-e-type=\"widget\" data-widget_type=\"divider.default\">\n\t\t\t\t<div class=\"elementor-widget-container\">\n\t\t\t\t\t\t\t<div class=\"elementor-divider\">\n\t\t\t<span class=\"elementor-divider-separator\">\n\t\t\t\t\t\t<\/span>\n\t\t<\/div>\n\t\t\t\t\t\t<\/div>\n\t\t\t\t<\/div>\n\t\t\t\t\t<\/div>\n\t\t<\/div>\n\t\t\t\t\t<\/div>\n\t\t<\/section>\n\t\t\t\t<section class=\"has_eae_slider elementor-section elementor-top-section elementor-element elementor-element-3f4dc437 elementor-section-full_width elementor-section-stretched set-max-width elementor-section-height-default elementor-section-height-default\" data-eae-slider=\"15145\" data-id=\"3f4dc437\" data-element_type=\"section\" data-e-type=\"section\" data-settings=\"{&quot;stretch_section&quot;:&quot;section-stretched&quot;}\">\n\t\t\t\t\t\t<div class=\"elementor-container elementor-column-gap-default\">\n\t\t\t\t\t<div class=\"has_eae_slider elementor-column elementor-col-50 elementor-top-column elementor-element elementor-element-7b2e380b\" data-eae-slider=\"76268\" data-id=\"7b2e380b\" data-element_type=\"column\" data-e-type=\"column\">\n\t\t\t<div class=\"elementor-widget-wrap elementor-element-populated\">\n\t\t\t\t\t\t<div class=\"elementor-element elementor-element-2472f447 elementor-widget elementor-widget-heading\" data-id=\"2472f447\" data-element_type=\"widget\" data-e-type=\"widget\" data-widget_type=\"heading.default\">\n\t\t\t\t<div class=\"elementor-widget-container\">\n\t\t\t\t\t<h2 class=\"elementor-heading-title elementor-size-default\">Project management \u2013\nTogether for success<\/h2>\t\t\t\t<\/div>\n\t\t\t\t<\/div>\n\t\t\t\t<div class=\"elementor-element elementor-element-ceb1d0b elementor-widget elementor-widget-text-editor\" data-id=\"ceb1d0b\" data-element_type=\"widget\" data-e-type=\"widget\" data-widget_type=\"text-editor.default\">\n\t\t\t\t<div class=\"elementor-widget-container\">\n\t\t\t\t\t\t\t\t\t<p>Our project management creates efficiency by linking the individual project steps between you and our production facilities or strategic supply partners.<\/p><p>From the initial advisory meeting to the definition of the project framework and product prototyping, we accompany you throughout the entire development phase, up to the realization and optimization of the production process.<\/p><p>Our teams of experienced project managers take over the project management and lead you to project success, taking into account the most economical manufacturing process. Short communication channels as well as the continuous exchange of information about the project status are a matter of course for us during the entire course of the project.<\/p>\t\t\t\t\t\t\t\t<\/div>\n\t\t\t\t<\/div>\n\t\t\t\t\t<\/div>\n\t\t<\/div>\n\t\t\t\t<div class=\"has_eae_slider elementor-column elementor-col-50 elementor-top-column elementor-element elementor-element-110877f7\" data-eae-slider=\"94563\" data-id=\"110877f7\" data-element_type=\"column\" data-e-type=\"column\">\n\t\t\t<div class=\"elementor-widget-wrap elementor-element-populated\">\n\t\t\t\t\t\t<div class=\"elementor-element elementor-element-31ebf895 elementor-widget elementor-widget-image\" data-id=\"31ebf895\" data-element_type=\"widget\" data-e-type=\"widget\" data-widget_type=\"image.default\">\n\t\t\t\t<div class=\"elementor-widget-container\">\n\t\t\t\t\t\t\t\t\t\t\t\t\t\t\t<img decoding=\"async\" width=\"768\" height=\"512\" src=\"https:\/\/www.jaegergroup.com\/wp-content\/uploads\/pixxio\/Jaeger Group\/Besprechungssituation-drei-Personen-am-Tisch-mit-Tablet-768x512.jpg\" class=\"attachment-medium_large size-medium_large wp-image-52553\" alt=\"\/solutions\/supply-chain-management\/consultation\/\" srcset=\"https:\/\/www.jaegergroup.com\/wp-content\/uploads\/pixxio\/Jaeger%20Group\/Besprechungssituation-drei-Personen-am-Tisch-mit-Tablet-768x512.jpg 768w, https:\/\/www.jaegergroup.com\/wp-content\/uploads\/pixxio\/Jaeger%20Group\/Besprechungssituation-drei-Personen-am-Tisch-mit-Tablet-300x200.jpg 300w, https:\/\/www.jaegergroup.com\/wp-content\/uploads\/pixxio\/Jaeger%20Group\/Besprechungssituation-drei-Personen-am-Tisch-mit-Tablet-1024x683.jpg 1024w, https:\/\/www.jaegergroup.com\/wp-content\/uploads\/pixxio\/Jaeger%20Group\/Besprechungssituation-drei-Personen-am-Tisch-mit-Tablet-1536x1024.jpg 1536w, https:\/\/www.jaegergroup.com\/wp-content\/uploads\/pixxio\/Jaeger%20Group\/Besprechungssituation-drei-Personen-am-Tisch-mit-Tablet.jpg 1920w\" sizes=\"(max-width: 768px) 100vw, 768px\" \/>\t\t\t\t\t\t\t\t\t\t\t\t\t\t\t<\/div>\n\t\t\t\t<\/div>\n\t\t\t\t<div class=\"elementor-element elementor-element-52c369df elementor-hidden-phone elementor-widget elementor-widget-spacer\" data-id=\"52c369df\" data-element_type=\"widget\" data-e-type=\"widget\" data-widget_type=\"spacer.default\">\n\t\t\t\t<div class=\"elementor-widget-container\">\n\t\t\t\t\t\t\t<div class=\"elementor-spacer\">\n\t\t\t<div class=\"elementor-spacer-inner\"><\/div>\n\t\t<\/div>\n\t\t\t\t\t\t<\/div>\n\t\t\t\t<\/div>\n\t\t\t\t\t<\/div>\n\t\t<\/div>\n\t\t\t\t\t<\/div>\n\t\t<\/section>\n\t\t\t\t<section class=\"has_eae_slider elementor-section elementor-top-section elementor-element elementor-element-9cc3250 elementor-section-full_width gray-seperator elementor-section-height-default elementor-section-height-default\" data-eae-slider=\"18103\" data-id=\"9cc3250\" data-element_type=\"section\" data-e-type=\"section\">\n\t\t\t\t\t\t<div class=\"elementor-container elementor-column-gap-default\">\n\t\t\t\t\t<div class=\"has_eae_slider elementor-column elementor-col-100 elementor-top-column elementor-element elementor-element-81d22a9\" data-eae-slider=\"46394\" data-id=\"81d22a9\" data-element_type=\"column\" data-e-type=\"column\">\n\t\t\t<div class=\"elementor-widget-wrap elementor-element-populated\">\n\t\t\t\t\t\t<div class=\"elementor-element elementor-element-0936602 elementor-widget-divider--view-line elementor-widget elementor-widget-divider\" data-id=\"0936602\" data-element_type=\"widget\" data-e-type=\"widget\" data-widget_type=\"divider.default\">\n\t\t\t\t<div class=\"elementor-widget-container\">\n\t\t\t\t\t\t\t<div class=\"elementor-divider\">\n\t\t\t<span class=\"elementor-divider-separator\">\n\t\t\t\t\t\t<\/span>\n\t\t<\/div>\n\t\t\t\t\t\t<\/div>\n\t\t\t\t<\/div>\n\t\t\t\t\t<\/div>\n\t\t<\/div>\n\t\t\t\t\t<\/div>\n\t\t<\/section>\n\t\t\t\t<section class=\"has_eae_slider elementor-section elementor-top-section elementor-element elementor-element-2a910df3 elementor-section-full_width elementor-section-stretched elementor-reverse-tablet elementor-reverse-mobile set-max-width elementor-section-height-default elementor-section-height-default\" data-eae-slider=\"71690\" data-id=\"2a910df3\" data-element_type=\"section\" data-e-type=\"section\" data-settings=\"{&quot;stretch_section&quot;:&quot;section-stretched&quot;}\">\n\t\t\t\t\t\t<div class=\"elementor-container elementor-column-gap-default\">\n\t\t\t\t\t<div class=\"has_eae_slider elementor-column elementor-col-50 elementor-top-column elementor-element elementor-element-487f9777\" data-eae-slider=\"80158\" data-id=\"487f9777\" data-element_type=\"column\" data-e-type=\"column\">\n\t\t\t<div class=\"elementor-widget-wrap elementor-element-populated\">\n\t\t\t\t\t\t<div class=\"elementor-element elementor-element-13b604ac elementor-widget elementor-widget-image\" data-id=\"13b604ac\" data-element_type=\"widget\" data-e-type=\"widget\" data-widget_type=\"image.default\">\n\t\t\t\t<div class=\"elementor-widget-container\">\n\t\t\t\t\t\t\t\t\t\t\t\t\t\t\t<img decoding=\"async\" width=\"768\" height=\"512\" src=\"https:\/\/www.jaegergroup.com\/wp-content\/uploads\/pixxio\/Jaeger Group\/Smiling-business-people-closing-a-deal-768x512.jpg\" class=\"attachment-medium_large size-medium_large wp-image-52613\" alt=\"Smiling business people closing a deal \/solutions\/supply-chain-management\/consultation\/\" srcset=\"https:\/\/www.jaegergroup.com\/wp-content\/uploads\/pixxio\/Jaeger%20Group\/Smiling-business-people-closing-a-deal-768x512.jpg 768w, https:\/\/www.jaegergroup.com\/wp-content\/uploads\/pixxio\/Jaeger%20Group\/Smiling-business-people-closing-a-deal-300x200.jpg 300w, https:\/\/www.jaegergroup.com\/wp-content\/uploads\/pixxio\/Jaeger%20Group\/Smiling-business-people-closing-a-deal-1024x683.jpg 1024w, https:\/\/www.jaegergroup.com\/wp-content\/uploads\/pixxio\/Jaeger%20Group\/Smiling-business-people-closing-a-deal-1536x1024.jpg 1536w, https:\/\/www.jaegergroup.com\/wp-content\/uploads\/pixxio\/Jaeger%20Group\/Smiling-business-people-closing-a-deal.jpg 1920w\" sizes=\"(max-width: 768px) 100vw, 768px\" \/>\t\t\t\t\t\t\t\t\t\t\t\t\t\t\t<\/div>\n\t\t\t\t<\/div>\n\t\t\t\t\t<\/div>\n\t\t<\/div>\n\t\t\t\t<div class=\"has_eae_slider elementor-column elementor-col-50 elementor-top-column elementor-element elementor-element-5388b8bc\" data-eae-slider=\"5077\" data-id=\"5388b8bc\" data-element_type=\"column\" data-e-type=\"column\">\n\t\t\t<div class=\"elementor-widget-wrap elementor-element-populated\">\n\t\t\t\t\t\t<div class=\"elementor-element elementor-element-7a4465da elementor-widget elementor-widget-heading\" data-id=\"7a4465da\" data-element_type=\"widget\" data-e-type=\"widget\" data-widget_type=\"heading.default\">\n\t\t\t\t<div class=\"elementor-widget-container\">\n\t\t\t\t\t<h2 class=\"elementor-heading-title elementor-size-default\">Customer proximity \u2013\nMore than just being on site<\/h2>\t\t\t\t<\/div>\n\t\t\t\t<\/div>\n\t\t\t\t<div class=\"elementor-element elementor-element-566d711b elementor-widget elementor-widget-text-editor\" data-id=\"566d711b\" data-element_type=\"widget\" data-e-type=\"widget\" data-widget_type=\"text-editor.default\">\n\t\t\t\t<div class=\"elementor-widget-container\">\n\t\t\t\t\t\t\t\t\t<p>High service quality and proximity to you are important to us, which is why the J\u00c4GER Group is represented worldwide at over 21 locations in Europe, USA, Canada and China. The short distances pay off for you every day. Our product specialists are directly on site and develop solutions for your specific application together with you.<\/p><p>You are always well advised by us \u2013 get to know your personal contact person now.<\/p>\t\t\t\t\t\t\t\t<\/div>\n\t\t\t\t<\/div>\n\t\t\t\t\t<\/div>\n\t\t<\/div>\n\t\t\t\t\t<\/div>\n\t\t<\/section>\n\t\t\t\t<\/div>\n\t\t","protected":false},"excerpt":{"rendered":"<p>SUPPORT RIGHT FROM THE START! Consulting is our strength We supply everything from a single source and thus create real added value for you: from customer-specific advice, through parts development, to a comprehensive logistics concept. Our goal is to create optimum cost control and the greatest possible efficiency for your procurement process with the help [&hellip;]<\/p>\n","protected":false},"author":18,"featured_media":0,"parent":69035,"menu_order":3,"comment_status":"closed","ping_status":"closed","template":"elementor_header_footer","meta":{"_acf_changed":false,"footnotes":""},"class_list":["post-69036","page","type-page","status-publish","hentry"],"acf":[],"_links":{"self":[{"href":"https:\/\/www.jaegergroup.com\/en\/wp-json\/wp\/v2\/pages\/69036","targetHints":{"allow":["GET"]}}],"collection":[{"href":"https:\/\/www.jaegergroup.com\/en\/wp-json\/wp\/v2\/pages"}],"about":[{"href":"https:\/\/www.jaegergroup.com\/en\/wp-json\/wp\/v2\/types\/page"}],"author":[{"embeddable":true,"href":"https:\/\/www.jaegergroup.com\/en\/wp-json\/wp\/v2\/users\/18"}],"replies":[{"embeddable":true,"href":"https:\/\/www.jaegergroup.com\/en\/wp-json\/wp\/v2\/comments?post=69036"}],"version-history":[{"count":0,"href":"https:\/\/www.jaegergroup.com\/en\/wp-json\/wp\/v2\/pages\/69036\/revisions"}],"up":[{"embeddable":true,"href":"https:\/\/www.jaegergroup.com\/en\/wp-json\/wp\/v2\/pages\/69035"}],"wp:attachment":[{"href":"https:\/\/www.jaegergroup.com\/en\/wp-json\/wp\/v2\/media?parent=69036"}],"curies":[{"name":"wp","href":"https:\/\/api.w.org\/{rel}","templated":true}]}}