{"id":69314,"date":"2021-05-05T11:54:09","date_gmt":"2021-05-05T11:54:09","guid":{"rendered":"https:\/\/www.jaegergroup.com\/?page_id=69314"},"modified":"2024-07-18T10:52:04","modified_gmt":"2024-07-18T08:52:04","slug":"management","status":"publish","type":"page","link":"https:\/\/www.jaegergroup.com\/en\/companies\/facts-figures\/management\/","title":{"rendered":"Management"},"content":{"rendered":"\t\t<div data-elementor-type=\"wp-page\" data-elementor-id=\"69314\" class=\"elementor elementor-69314 elementor-2825\" data-elementor-post-type=\"page\">\n\t\t\t\t\t\t<section class=\"has_eae_slider elementor-section elementor-top-section elementor-element elementor-element-22f3dacb elementor-section-full_width elementor-section-height-min-height elementor-section-items-bottom elementor-section-height-default\" data-eae-slider=\"52705\" data-id=\"22f3dacb\" data-element_type=\"section\" data-e-type=\"section\" data-settings=\"{&quot;background_background&quot;:&quot;classic&quot;,&quot;background_motion_fx_motion_fx_scrolling&quot;:&quot;yes&quot;,&quot;background_motion_fx_translateY_effect&quot;:&quot;yes&quot;,&quot;background_motion_fx_translateY_speed&quot;:{&quot;unit&quot;:&quot;px&quot;,&quot;size&quot;:4,&quot;sizes&quot;:[]},&quot;background_motion_fx_translateY_affectedRange&quot;:{&quot;unit&quot;:&quot;%&quot;,&quot;size&quot;:&quot;&quot;,&quot;sizes&quot;:{&quot;start&quot;:0,&quot;end&quot;:100}},&quot;background_motion_fx_devices&quot;:[&quot;desktop&quot;,&quot;tablet&quot;,&quot;mobile&quot;]}\">\n\t\t\t\t\t\t<div class=\"elementor-container elementor-column-gap-default\">\n\t\t\t\t\t<div class=\"has_eae_slider elementor-column elementor-col-100 elementor-top-column elementor-element elementor-element-5222a2a\" data-eae-slider=\"7550\" data-id=\"5222a2a\" data-element_type=\"column\" data-e-type=\"column\">\n\t\t\t<div class=\"elementor-widget-wrap\">\n\t\t\t\t\t\t\t<\/div>\n\t\t<\/div>\n\t\t\t\t\t<\/div>\n\t\t<\/section>\n\t\t\t\t<section class=\"has_eae_slider elementor-section elementor-top-section elementor-element elementor-element-699adaf elementor-section-full_width page-start elementor-section-height-default elementor-section-height-default\" data-eae-slider=\"42040\" data-id=\"699adaf\" data-element_type=\"section\" data-e-type=\"section\">\n\t\t\t\t\t\t<div class=\"elementor-container elementor-column-gap-default\">\n\t\t\t\t\t<div class=\"has_eae_slider elementor-column elementor-col-100 elementor-top-column elementor-element elementor-element-d022d48\" data-eae-slider=\"96601\" data-id=\"d022d48\" data-element_type=\"column\" data-e-type=\"column\">\n\t\t\t<div class=\"elementor-widget-wrap elementor-element-populated\">\n\t\t\t\t\t\t<div class=\"elementor-element elementor-element-2c16252 headlineGreen elementor-widget elementor-widget-heading\" data-id=\"2c16252\" data-element_type=\"widget\" data-e-type=\"widget\" data-widget_type=\"heading.default\">\n\t\t\t\t<div class=\"elementor-widget-container\">\n\t\t\t\t\t<h1 class=\"elementor-heading-title elementor-size-default\">Management<\/h1>\t\t\t\t<\/div>\n\t\t\t\t<\/div>\n\t\t\t\t<div class=\"elementor-element elementor-element-5ba0454 elementor-widget elementor-widget-text-editor\" data-id=\"5ba0454\" data-element_type=\"widget\" data-e-type=\"widget\" data-widget_type=\"text-editor.default\">\n\t\t\t\t<div class=\"elementor-widget-container\">\n\t\t\t\t\t\t\t\t\tThe J\u00c4GER Group is family-run in the third generation and sees itself as a group with successful tradition and innovative potential. The entrepreneurial family puts a strong focus on people. Thus, the uniqueness of each individual is always appreciated \u2013 from the management, to the employees, to the clients.\n\n\t\t\t\t\t\t\t\t<\/div>\n\t\t\t\t<\/div>\n\t\t\t\t\t<\/div>\n\t\t<\/div>\n\t\t\t\t\t<\/div>\n\t\t<\/section>\n\t\t\t\t<section class=\"has_eae_slider elementor-section elementor-top-section elementor-element elementor-element-71258d68 elementor-section-full_width elementor-section-stretched elementor-reverse-tablet elementor-reverse-mobile set-max-width elementor-section-height-default elementor-section-height-default\" data-eae-slider=\"11507\" data-id=\"71258d68\" data-element_type=\"section\" data-e-type=\"section\" data-settings=\"{&quot;stretch_section&quot;:&quot;section-stretched&quot;}\">\n\t\t\t\t\t\t<div class=\"elementor-container elementor-column-gap-default\">\n\t\t\t\t\t<div class=\"has_eae_slider elementor-column elementor-col-33 elementor-top-column elementor-element elementor-element-77e57453\" data-eae-slider=\"66497\" data-id=\"77e57453\" data-element_type=\"column\" data-e-type=\"column\">\n\t\t\t<div class=\"elementor-widget-wrap elementor-element-populated\">\n\t\t\t\t\t\t<div class=\"elementor-element elementor-element-66d0bb76 elementor-widget elementor-widget-image\" data-id=\"66d0bb76\" data-element_type=\"widget\" data-e-type=\"widget\" data-widget_type=\"image.default\">\n\t\t\t\t<div class=\"elementor-widget-container\">\n\t\t\t\t\t\t\t\t\t\t\t\t\t\t\t<img fetchpriority=\"high\" decoding=\"async\" width=\"336\" height=\"336\" src=\"https:\/\/www.jaegergroup.com\/wp-content\/uploads\/2024\/07\/Doktor-Ing.-Andreas-Jaeger-Portrait-336x336.jpg\" class=\"attachment-medium size-medium wp-image-127078\" alt=\"\" srcset=\"https:\/\/www.jaegergroup.com\/wp-content\/uploads\/2024\/07\/Doktor-Ing.-Andreas-Jaeger-Portrait-336x336.jpg 336w, https:\/\/www.jaegergroup.com\/wp-content\/uploads\/2024\/07\/Doktor-Ing.-Andreas-Jaeger-Portrait-150x150.jpg 150w, https:\/\/www.jaegergroup.com\/wp-content\/uploads\/2024\/07\/Doktor-Ing.-Andreas-Jaeger-Portrait.jpg 400w\" sizes=\"(max-width: 336px) 100vw, 336px\" \/>\t\t\t\t\t\t\t\t\t\t\t\t\t\t\t<\/div>\n\t\t\t\t<\/div>\n\t\t\t\t\t<\/div>\n\t\t<\/div>\n\t\t\t\t<div class=\"has_eae_slider elementor-column elementor-col-66 elementor-top-column elementor-element elementor-element-21906442\" data-eae-slider=\"21752\" data-id=\"21906442\" data-element_type=\"column\" data-e-type=\"column\">\n\t\t\t<div class=\"elementor-widget-wrap elementor-element-populated\">\n\t\t\t\t\t\t<div class=\"elementor-element elementor-element-4cecc86a elementor-widget elementor-widget-heading\" data-id=\"4cecc86a\" data-element_type=\"widget\" data-e-type=\"widget\" data-widget_type=\"heading.default\">\n\t\t\t\t<div class=\"elementor-widget-container\">\n\t\t\t\t\t<h2 class=\"elementor-heading-title elementor-size-default\">Dr. Andreas J\u00e4ger<\/h2>\t\t\t\t<\/div>\n\t\t\t\t<\/div>\n\t\t\t\t<div class=\"elementor-element elementor-element-72999c2f elementor-widget elementor-widget-text-editor\" data-id=\"72999c2f\" data-element_type=\"widget\" data-e-type=\"widget\" data-widget_type=\"text-editor.default\">\n\t\t\t\t<div class=\"elementor-widget-container\">\n\t\t\t\t\t\t\t\t\t<p>Managing Partner<br \/><br \/><\/p><p>Dr. Andreas J\u00e4ger has worked for the J\u00c4GER Group since January 1994. He holds a doctorate in mechanical engineering and is managing director of the companies J\u00e4ger Gummi und Kunststoff, Jaeger Polska and J\u00e4ger Umwelt-Technik.<\/p>\t\t\t\t\t\t\t\t<\/div>\n\t\t\t\t<\/div>\n\t\t\t\t\t<\/div>\n\t\t<\/div>\n\t\t\t\t\t<\/div>\n\t\t<\/section>\n\t\t\t\t<section class=\"has_eae_slider elementor-section elementor-top-section elementor-element elementor-element-85a4bbb elementor-section-full_width elementor-section-stretched elementor-reverse-tablet elementor-reverse-mobile set-max-width elementor-section-height-default elementor-section-height-default\" data-eae-slider=\"79087\" data-id=\"85a4bbb\" data-element_type=\"section\" data-e-type=\"section\" data-settings=\"{&quot;stretch_section&quot;:&quot;section-stretched&quot;}\">\n\t\t\t\t\t\t<div class=\"elementor-container elementor-column-gap-default\">\n\t\t\t\t\t<div class=\"has_eae_slider elementor-column elementor-col-33 elementor-top-column elementor-element elementor-element-3c26c20\" data-eae-slider=\"29175\" data-id=\"3c26c20\" data-element_type=\"column\" data-e-type=\"column\">\n\t\t\t<div class=\"elementor-widget-wrap elementor-element-populated\">\n\t\t\t\t\t\t<div class=\"elementor-element elementor-element-bb490a0 elementor-widget elementor-widget-image\" data-id=\"bb490a0\" data-element_type=\"widget\" data-e-type=\"widget\" data-widget_type=\"image.default\">\n\t\t\t\t<div class=\"elementor-widget-container\">\n\t\t\t\t\t\t\t\t\t\t\t\t\t\t\t<img decoding=\"async\" width=\"300\" height=\"300\" src=\"https:\/\/www.jaegergroup.com\/wp-content\/uploads\/pixxio\/Jaeger Group\/Sebastian-Jaeger-Portrait-e1649141528738-300x300.jpg\" class=\"attachment-medium size-medium wp-image-52913\" alt=\"\/companies\/facts-figures\/management\/\" srcset=\"https:\/\/www.jaegergroup.com\/wp-content\/uploads\/pixxio\/Jaeger%20Group\/Sebastian-Jaeger-Portrait-e1649141528738-300x300.jpg 300w, https:\/\/www.jaegergroup.com\/wp-content\/uploads\/pixxio\/Jaeger%20Group\/Sebastian-Jaeger-Portrait-e1649141528738-1024x1024.jpg 1024w, https:\/\/www.jaegergroup.com\/wp-content\/uploads\/pixxio\/Jaeger%20Group\/Sebastian-Jaeger-Portrait-e1649141528738-150x150.jpg 150w, https:\/\/www.jaegergroup.com\/wp-content\/uploads\/pixxio\/Jaeger%20Group\/Sebastian-Jaeger-Portrait-e1649141528738-768x768.jpg 768w, https:\/\/www.jaegergroup.com\/wp-content\/uploads\/pixxio\/Jaeger%20Group\/Sebastian-Jaeger-Portrait-e1649141528738.jpg 1492w\" sizes=\"(max-width: 300px) 100vw, 300px\" \/>\t\t\t\t\t\t\t\t\t\t\t\t\t\t\t<\/div>\n\t\t\t\t<\/div>\n\t\t\t\t\t<\/div>\n\t\t<\/div>\n\t\t\t\t<div class=\"has_eae_slider elementor-column elementor-col-66 elementor-top-column elementor-element elementor-element-60c01bc\" data-eae-slider=\"86824\" data-id=\"60c01bc\" data-element_type=\"column\" data-e-type=\"column\">\n\t\t\t<div class=\"elementor-widget-wrap elementor-element-populated\">\n\t\t\t\t\t\t<div class=\"elementor-element elementor-element-31cac5d elementor-widget elementor-widget-heading\" data-id=\"31cac5d\" data-element_type=\"widget\" data-e-type=\"widget\" data-widget_type=\"heading.default\">\n\t\t\t\t<div class=\"elementor-widget-container\">\n\t\t\t\t\t<h2 class=\"elementor-heading-title elementor-size-default\">Sebastian J\u00e4ger\n<\/h2>\t\t\t\t<\/div>\n\t\t\t\t<\/div>\n\t\t\t\t<div class=\"elementor-element elementor-element-d34ae30 elementor-widget elementor-widget-text-editor\" data-id=\"d34ae30\" data-element_type=\"widget\" data-e-type=\"widget\" data-widget_type=\"text-editor.default\">\n\t\t\t\t<div class=\"elementor-widget-container\">\n\t\t\t\t\t\t\t\t\t<p>Managing Partner<br \/><br \/><\/p><p>Sebastian J\u00e4ger has worked for the J\u00c4GER Group since January 1994. The graduate engineer in the field of mechanical engineering is responsible as managing director for the companies Artemis, Windgassen and Transportbandenfabriek EA Broekema BV.<\/p>\t\t\t\t\t\t\t\t<\/div>\n\t\t\t\t<\/div>\n\t\t\t\t\t<\/div>\n\t\t<\/div>\n\t\t\t\t\t<\/div>\n\t\t<\/section>\n\t\t\t\t<section class=\"has_eae_slider elementor-section elementor-top-section elementor-element elementor-element-407bf21 elementor-section-full_width elementor-section-stretched elementor-reverse-tablet elementor-reverse-mobile set-max-width elementor-section-height-default elementor-section-height-default\" data-eae-slider=\"18568\" data-id=\"407bf21\" data-element_type=\"section\" data-e-type=\"section\" data-settings=\"{&quot;stretch_section&quot;:&quot;section-stretched&quot;}\">\n\t\t\t\t\t\t<div class=\"elementor-container elementor-column-gap-default\">\n\t\t\t\t\t<div class=\"has_eae_slider elementor-column elementor-col-33 elementor-top-column elementor-element elementor-element-9742550\" data-eae-slider=\"42823\" data-id=\"9742550\" data-element_type=\"column\" data-e-type=\"column\">\n\t\t\t<div class=\"elementor-widget-wrap elementor-element-populated\">\n\t\t\t\t\t\t<div class=\"elementor-element elementor-element-f6bf164 elementor-widget elementor-widget-image\" data-id=\"f6bf164\" data-element_type=\"widget\" data-e-type=\"widget\" data-widget_type=\"image.default\">\n\t\t\t\t<div class=\"elementor-widget-container\">\n\t\t\t\t\t\t\t\t\t\t\t\t\t\t\t<img decoding=\"async\" width=\"300\" height=\"300\" src=\"https:\/\/www.jaegergroup.com\/wp-content\/uploads\/2022\/04\/Marius-Quintus-Jaeger-Portrait-300x300.jpg\" class=\"attachment-medium size-medium wp-image-102171\" alt=\"\" srcset=\"https:\/\/www.jaegergroup.com\/wp-content\/uploads\/2022\/04\/Marius-Quintus-Jaeger-Portrait-300x300.jpg 300w, https:\/\/www.jaegergroup.com\/wp-content\/uploads\/2022\/04\/Marius-Quintus-Jaeger-Portrait-1024x1024.jpg 1024w, https:\/\/www.jaegergroup.com\/wp-content\/uploads\/2022\/04\/Marius-Quintus-Jaeger-Portrait-150x150.jpg 150w, https:\/\/www.jaegergroup.com\/wp-content\/uploads\/2022\/04\/Marius-Quintus-Jaeger-Portrait-768x768.jpg 768w, https:\/\/www.jaegergroup.com\/wp-content\/uploads\/2022\/04\/Marius-Quintus-Jaeger-Portrait.jpg 1492w\" sizes=\"(max-width: 300px) 100vw, 300px\" \/>\t\t\t\t\t\t\t\t\t\t\t\t\t\t\t<\/div>\n\t\t\t\t<\/div>\n\t\t\t\t\t<\/div>\n\t\t<\/div>\n\t\t\t\t<div class=\"has_eae_slider elementor-column elementor-col-66 elementor-top-column elementor-element elementor-element-e4232f0\" data-eae-slider=\"30851\" data-id=\"e4232f0\" data-element_type=\"column\" data-e-type=\"column\">\n\t\t\t<div class=\"elementor-widget-wrap elementor-element-populated\">\n\t\t\t\t\t\t<div class=\"elementor-element elementor-element-3d625c5 elementor-widget elementor-widget-heading\" data-id=\"3d625c5\" data-element_type=\"widget\" data-e-type=\"widget\" data-widget_type=\"heading.default\">\n\t\t\t\t<div class=\"elementor-widget-container\">\n\t\t\t\t\t<h2 class=\"elementor-heading-title elementor-size-default\">Marius-Quintus J\u00e4ger\n<\/h2>\t\t\t\t<\/div>\n\t\t\t\t<\/div>\n\t\t\t\t<div class=\"elementor-element elementor-element-e1ae1a7 elementor-widget elementor-widget-text-editor\" data-id=\"e1ae1a7\" data-element_type=\"widget\" data-e-type=\"widget\" data-widget_type=\"text-editor.default\">\n\t\t\t\t<div class=\"elementor-widget-container\">\n\t\t\t\t\t\t\t\t\t<p>Managing Partner<br \/><br \/><\/p><p>Marius-Quintus J\u00e4ger has worked for the J\u00c4GER Group since July 2002. The business graduate is currently responsible for the areas of finance and controlling, personnel and IT of the Arnold J\u00e4ger Holding.<\/p>\t\t\t\t\t\t\t\t<\/div>\n\t\t\t\t<\/div>\n\t\t\t\t\t<\/div>\n\t\t<\/div>\n\t\t\t\t\t<\/div>\n\t\t<\/section>\n\t\t\t\t<section class=\"has_eae_slider elementor-section elementor-top-section elementor-element elementor-element-560918e3 elementor-section-stretched quote elementor-section-boxed elementor-section-height-default elementor-section-height-default\" data-eae-slider=\"20791\" data-id=\"560918e3\" data-element_type=\"section\" data-e-type=\"section\" data-settings=\"{&quot;background_background&quot;:&quot;classic&quot;,&quot;stretch_section&quot;:&quot;section-stretched&quot;}\">\n\t\t\t\t\t\t<div class=\"elementor-container elementor-column-gap-default\">\n\t\t\t\t\t<div class=\"has_eae_slider elementor-column elementor-col-100 elementor-top-column elementor-element elementor-element-3d60fcdd\" data-eae-slider=\"30437\" data-id=\"3d60fcdd\" data-element_type=\"column\" data-e-type=\"column\">\n\t\t\t<div class=\"elementor-widget-wrap elementor-element-populated\">\n\t\t\t\t\t\t<div class=\"elementor-element elementor-element-27845548 elementor-blockquote--skin-quotation elementor-blockquote--align-center quote-box elementor-widget elementor-widget-blockquote\" data-id=\"27845548\" data-element_type=\"widget\" data-e-type=\"widget\" data-widget_type=\"blockquote.default\">\n\t\t\t\t<div class=\"elementor-widget-container\">\n\t\t\t\t\t\t\t<blockquote class=\"elementor-blockquote\">\n\t\t\t<p class=\"elementor-blockquote__content\">\n\t\t\t\tThe commitment, the performance and the competence of the employees make the most important contribution to the success of the company.\n\t\t\t<\/p>\n\t\t\t\t\t\t\t<div class=\"e-q-footer\">\n\t\t\t\t\t\t\t\t\t\t\t<cite class=\"elementor-blockquote__author\">Management, J\u00c4GER Group<\/cite>\n\t\t\t\t\t\t\t\t\t\t\t\t\t\t<\/div>\n\t\t\t\t\t<\/blockquote>\n\t\t\t\t\t\t<\/div>\n\t\t\t\t<\/div>\n\t\t\t\t\t<\/div>\n\t\t<\/div>\n\t\t\t\t\t<\/div>\n\t\t<\/section>\n\t\t\t\t<\/div>\n\t\t","protected":false},"excerpt":{"rendered":"<p>Management The J\u00c4GER Group is family-run in the third generation and sees itself as a group with successful tradition and innovative potential. The entrepreneurial family puts a strong focus on people. Thus, the uniqueness of each individual is always appreciated \u2013 from the management, to the employees, to the clients. Dr. Andreas J\u00e4ger Managing Partner [&hellip;]<\/p>\n","protected":false},"author":18,"featured_media":0,"parent":2945,"menu_order":1,"comment_status":"closed","ping_status":"closed","template":"","meta":{"_acf_changed":false,"footnotes":""},"class_list":["post-69314","page","type-page","status-publish","hentry"],"acf":[],"_links":{"self":[{"href":"https:\/\/www.jaegergroup.com\/en\/wp-json\/wp\/v2\/pages\/69314","targetHints":{"allow":["GET"]}}],"collection":[{"href":"https:\/\/www.jaegergroup.com\/en\/wp-json\/wp\/v2\/pages"}],"about":[{"href":"https:\/\/www.jaegergroup.com\/en\/wp-json\/wp\/v2\/types\/page"}],"author":[{"embeddable":true,"href":"https:\/\/www.jaegergroup.com\/en\/wp-json\/wp\/v2\/users\/18"}],"replies":[{"embeddable":true,"href":"https:\/\/www.jaegergroup.com\/en\/wp-json\/wp\/v2\/comments?post=69314"}],"version-history":[{"count":0,"href":"https:\/\/www.jaegergroup.com\/en\/wp-json\/wp\/v2\/pages\/69314\/revisions"}],"up":[{"embeddable":true,"href":"https:\/\/www.jaegergroup.com\/en\/wp-json\/wp\/v2\/pages\/2945"}],"wp:attachment":[{"href":"https:\/\/www.jaegergroup.com\/en\/wp-json\/wp\/v2\/media?parent=69314"}],"curies":[{"name":"wp","href":"https:\/\/api.w.org\/{rel}","templated":true}]}}