{"id":69383,"date":"2021-05-05T12:23:34","date_gmt":"2021-05-05T12:23:34","guid":{"rendered":"https:\/\/www.jaegergroup.com\/?page_id=69383"},"modified":"2025-10-27T17:08:51","modified_gmt":"2025-10-27T15:08:51","slug":"imprint","status":"publish","type":"page","link":"https:\/\/www.jaegergroup.com\/en\/imprint\/","title":{"rendered":"Imprint"},"content":{"rendered":"\t\t<div data-elementor-type=\"wp-page\" data-elementor-id=\"69383\" class=\"elementor elementor-69383 elementor-6729\" data-elementor-post-type=\"page\">\n\t\t\t\t\t\t<section class=\"has_eae_slider elementor-section elementor-top-section elementor-element elementor-element-7640457a elementor-section-full_width elementor-section-height-min-height elementor-section-items-bottom elementor-section-height-default\" data-eae-slider=\"44753\" data-id=\"7640457a\" data-element_type=\"section\" data-e-type=\"section\" data-settings=\"{&quot;background_background&quot;:&quot;classic&quot;,&quot;background_motion_fx_motion_fx_scrolling&quot;:&quot;yes&quot;,&quot;background_motion_fx_translateY_effect&quot;:&quot;yes&quot;,&quot;background_motion_fx_translateY_speed&quot;:{&quot;unit&quot;:&quot;px&quot;,&quot;size&quot;:4,&quot;sizes&quot;:[]},&quot;background_motion_fx_translateY_affectedRange&quot;:{&quot;unit&quot;:&quot;%&quot;,&quot;size&quot;:&quot;&quot;,&quot;sizes&quot;:{&quot;start&quot;:0,&quot;end&quot;:100}},&quot;background_motion_fx_devices&quot;:[&quot;desktop&quot;,&quot;tablet&quot;,&quot;mobile&quot;]}\">\n\t\t\t\t\t\t<div class=\"elementor-container elementor-column-gap-default\">\n\t\t\t\t\t<div class=\"has_eae_slider elementor-column elementor-col-100 elementor-top-column elementor-element elementor-element-2e04be38\" data-eae-slider=\"15246\" data-id=\"2e04be38\" data-element_type=\"column\" data-e-type=\"column\">\n\t\t\t<div class=\"elementor-widget-wrap elementor-element-populated\">\n\t\t\t\t\t\t<div class=\"elementor-element elementor-element-f6784a7 title-header elementor-widget elementor-widget-heading\" data-id=\"f6784a7\" data-element_type=\"widget\" data-e-type=\"widget\" data-widget_type=\"heading.default\">\n\t\t\t\t<div class=\"elementor-widget-container\">\n\t\t\t\t\t<p class=\"elementor-heading-title elementor-size-default\">LEGAL INFORMATION<\/p>\t\t\t\t<\/div>\n\t\t\t\t<\/div>\n\t\t\t\t\t<\/div>\n\t\t<\/div>\n\t\t\t\t\t<\/div>\n\t\t<\/section>\n\t\t\t\t<section class=\"has_eae_slider elementor-section elementor-top-section elementor-element elementor-element-2e74f853 elementor-section-full_width page-start elementor-section-height-default elementor-section-height-default\" data-eae-slider=\"28966\" data-id=\"2e74f853\" data-element_type=\"section\" data-e-type=\"section\">\n\t\t\t\t\t\t<div class=\"elementor-container elementor-column-gap-default\">\n\t\t\t\t\t<div class=\"has_eae_slider elementor-column elementor-col-100 elementor-top-column elementor-element elementor-element-49973c1b\" data-eae-slider=\"20520\" data-id=\"49973c1b\" data-element_type=\"column\" data-e-type=\"column\">\n\t\t\t<div class=\"elementor-widget-wrap elementor-element-populated\">\n\t\t\t\t\t\t<div class=\"elementor-element elementor-element-3267d8ec headlineGreen elementor-widget elementor-widget-heading\" data-id=\"3267d8ec\" data-element_type=\"widget\" data-e-type=\"widget\" data-widget_type=\"heading.default\">\n\t\t\t\t<div class=\"elementor-widget-container\">\n\t\t\t\t\t<h1 class=\"elementor-heading-title elementor-size-default\">Imprint Arnold J\u00e4ger Holding GmbH<\/h1>\t\t\t\t<\/div>\n\t\t\t\t<\/div>\n\t\t\t\t<div class=\"elementor-element elementor-element-43bafe21 elementor-widget elementor-widget-text-editor\" data-id=\"43bafe21\" data-element_type=\"widget\" data-e-type=\"widget\" data-widget_type=\"text-editor.default\">\n\t\t\t\t<div class=\"elementor-widget-container\">\n\t\t\t\t\t\t\t\t\t<p><strong>Copyright:<\/strong><br \/>Arnold J\u00e4ger Holding GmbH<\/p><p>information according to \u00a7 5 Digitale-Dienste-Gesetz (DDG)<\/p><p>Arnold J\u00e4ger Holding GmbH<br \/>Lohweg 1<br \/>30559 Hannover<\/p><p>Tel. <a href=\"tel:0511 \u2013 53580\">0511 \u2013 53580<\/a><br \/>Fax 0511 \u2013 55 3394<br \/><a href=\"mailto:info@jaegergroup.com\">info@jaegergroup.com<\/a><\/p><p>Authorized to represent according to \u00a7 5 No. 1 DDG:<\/p><p>Dipl.-Kfm. Marius-Quintus J\u00e4ger,<br \/>Dipl.-Ing. Sebastian J\u00e4ger,<br \/>Florian K\u00f6rner, MBA<\/p><p>VAT-ID number:<br \/>DE 813 341 233<\/p><p>Commercial Register<br \/>Register Court Hannover HRB 59983<br \/>Legal form: GmbH<br \/>Seat: Hanover<\/p>\t\t\t\t\t\t\t\t<\/div>\n\t\t\t\t<\/div>\n\t\t\t\t\t<\/div>\n\t\t<\/div>\n\t\t\t\t\t<\/div>\n\t\t<\/section>\n\t\t\t\t<\/div>\n\t\t","protected":false},"excerpt":{"rendered":"<p>LEGAL INFORMATION Imprint Arnold J\u00e4ger Holding GmbH Copyright:Arnold J\u00e4ger Holding GmbH information according to \u00a7 5 Digitale-Dienste-Gesetz (DDG) Arnold J\u00e4ger Holding GmbHLohweg 130559 Hannover Tel. 0511 \u2013 53580Fax 0511 \u2013 55 3394info@jaegergroup.com Authorized to represent according to \u00a7 5 No. 1 DDG: Dipl.-Kfm. Marius-Quintus J\u00e4ger,Dipl.-Ing. Sebastian J\u00e4ger,Florian K\u00f6rner, MBA VAT-ID number:DE 813 341 233 Commercial [&hellip;]<\/p>\n","protected":false},"author":18,"featured_media":0,"parent":0,"menu_order":0,"comment_status":"closed","ping_status":"closed","template":"elementor_header_footer","meta":{"_acf_changed":false,"footnotes":""},"class_list":["post-69383","page","type-page","status-publish","hentry"],"acf":[],"_links":{"self":[{"href":"https:\/\/www.jaegergroup.com\/en\/wp-json\/wp\/v2\/pages\/69383","targetHints":{"allow":["GET"]}}],"collection":[{"href":"https:\/\/www.jaegergroup.com\/en\/wp-json\/wp\/v2\/pages"}],"about":[{"href":"https:\/\/www.jaegergroup.com\/en\/wp-json\/wp\/v2\/types\/page"}],"author":[{"embeddable":true,"href":"https:\/\/www.jaegergroup.com\/en\/wp-json\/wp\/v2\/users\/18"}],"replies":[{"embeddable":true,"href":"https:\/\/www.jaegergroup.com\/en\/wp-json\/wp\/v2\/comments?post=69383"}],"version-history":[{"count":6,"href":"https:\/\/www.jaegergroup.com\/en\/wp-json\/wp\/v2\/pages\/69383\/revisions"}],"predecessor-version":[{"id":128253,"href":"https:\/\/www.jaegergroup.com\/en\/wp-json\/wp\/v2\/pages\/69383\/revisions\/128253"}],"wp:attachment":[{"href":"https:\/\/www.jaegergroup.com\/en\/wp-json\/wp\/v2\/media?parent=69383"}],"curies":[{"name":"wp","href":"https:\/\/api.w.org\/{rel}","templated":true}]}}